{"id":104945,"date":"2024-08-27T09:14:17","date_gmt":"2024-08-27T07:14:17","guid":{"rendered":"https:\/\/one-horizon.ch\/?post_type=product&#038;p=104945"},"modified":"2026-03-30T00:16:41","modified_gmt":"2026-03-29T22:16:41","slug":"kadastar-assiette-bois-ovale","status":"publish","type":"product","link":"https:\/\/one-horizon.ch\/fr\/product\/kadastar-assiette-bois-ovale\/","title":{"rendered":"Assiette en bois ovale"},"content":{"rendered":"<p>D\u00e9couvrez des assiettes ovales en bois \u00e9l\u00e9gantes qui, gr\u00e2ce \u00e0 leur label FSC\u00ae, repr\u00e9sentent non seulement un choix \u00e9cologique, mais apportent \u00e9galement une touche de style \u00e0 votre d\u00e9coration de table. Fabriqu\u00e9es en h\u00eatre issu de for\u00eats g\u00e9r\u00e9es durablement, ces assiettes pr\u00e9sentent une esth\u00e9tique chaleureuse et naturelle et contribuent activement \u00e0 la protection des for\u00eats. Disponibles en deux tailles, ils s&#8217;adaptent parfaitement \u00e0 diff\u00e9rentes occasions et besoins.  <\/p>\n<p>&nbsp;<\/p>\n<p><strong>Taille<\/strong><\/p>\n<ul>\n<li><strong>Petit :<\/strong> 25 x 12 x 1,5 cm<\/li>\n<li><strong>Grand :<\/strong> 35 x 15 x 1,5 cm<\/li>\n<\/ul>\n<p>&nbsp;<\/p>\n<p><strong>Conseils d&#8217;entretien<\/strong><\/p>\n<p>Pour une longue dur\u00e9e de vie, nous recommandons de nettoyer l&#8217;assiette ovale en bois \u00e0 l&#8217;eau ti\u00e8de, en utilisant un chiffon doux ou une \u00e9ponge. \u00c9vitez les produits de nettoyage abrasifs, les acides ou autres substances similaires. Pour pr\u00e9server l&#8217;aspect naturel des plateaux en bois, vous pouvez les huiler si n\u00e9cessaire. Veuillez noter que ces panneaux en bois ne peuvent pas \u00eatre nettoy\u00e9s au lave-vaisselle.   <\/p>\n<p>Compl\u00e9tez l&#8217;am\u00e9nagement de votre salle \u00e0 manger avec ces panneaux en bois \u00e0 la fois fonctionnels et d\u00e9coratifs, qui allient durabilit\u00e9 et style.<\/p>\n","protected":false},"excerpt":{"rendered":"<p>Nos plateaux ovales en bois, certifi\u00e9s par le label FSC, constituent un choix \u00e9cologique et \u00e9l\u00e9gant pour votre d\u00e9coration de table. Fabriqu\u00e9s \u00e0 partir de bois durable, ils offrent non seulement un aspect naturel et chaleureux, mais contribuent \u00e9galement \u00e0 la protection de nos for\u00eats. <\/p>\n","protected":false},"featured_media":104960,"comment_status":"open","ping_status":"closed","template":"","meta":{"_acf_changed":false},"product_brand":[3010],"product_cat":[1280],"product_tag":[],"class_list":{"0":"post-104945","1":"product","2":"type-product","3":"status-publish","4":"has-post-thumbnail","6":"product_brand-kadastar","7":"product_cat-vaisselle","8":"product_shipping_class-colis-jusqua-2-kg","9":"pa_grosse-grand","10":"pa_grosse-petit","11":"pa_holz-bois-de-chene","12":"pa_holz-bois-de-hetre","13":"pa_holz-frene-thermique","15":"first","16":"onbackorder","17":"taxable","18":"shipping-taxable","19":"purchasable","20":"product-type-variable"},"acf":[],"_links":{"self":[{"href":"https:\/\/one-horizon.ch\/fr\/wp-json\/wp\/v2\/product\/104945","targetHints":{"allow":["GET"]}}],"collection":[{"href":"https:\/\/one-horizon.ch\/fr\/wp-json\/wp\/v2\/product"}],"about":[{"href":"https:\/\/one-horizon.ch\/fr\/wp-json\/wp\/v2\/types\/product"}],"replies":[{"embeddable":true,"href":"https:\/\/one-horizon.ch\/fr\/wp-json\/wp\/v2\/comments?post=104945"}],"wp:featuredmedia":[{"embeddable":true,"href":"https:\/\/one-horizon.ch\/fr\/wp-json\/wp\/v2\/media\/104960"}],"wp:attachment":[{"href":"https:\/\/one-horizon.ch\/fr\/wp-json\/wp\/v2\/media?parent=104945"}],"wp:term":[{"taxonomy":"product_brand","embeddable":true,"href":"https:\/\/one-horizon.ch\/fr\/wp-json\/wp\/v2\/product_brand?post=104945"},{"taxonomy":"product_cat","embeddable":true,"href":"https:\/\/one-horizon.ch\/fr\/wp-json\/wp\/v2\/product_cat?post=104945"},{"taxonomy":"product_tag","embeddable":true,"href":"https:\/\/one-horizon.ch\/fr\/wp-json\/wp\/v2\/product_tag?post=104945"}],"curies":[{"name":"wp","href":"https:\/\/api.w.org\/{rel}","templated":true}]}}