{"id":105022,"date":"2024-08-27T09:32:53","date_gmt":"2024-08-27T07:32:53","guid":{"rendered":"https:\/\/one-horizon.ch\/?post_type=product&#038;p=105022"},"modified":"2026-04-07T23:19:25","modified_gmt":"2026-04-07T21:19:25","slug":"regle-de-style","status":"publish","type":"product","link":"https:\/\/one-horizon.ch\/fr\/product\/regle-de-style\/","title":{"rendered":"R\u00e8gle de style"},"content":{"rendered":"<p>Faites l&#8217;exp\u00e9rience d&#8217;une pr\u00e9cision de pointe avec la r\u00e8gle Stilform en aluminium anodis\u00e9 de haute qualit\u00e9. Cet instrument de mesure est non seulement un outil indispensable pour des mesures pr\u00e9cises et des dessins d\u00e9taill\u00e9s, mais il s\u00e9duit \u00e9galement par sa durabilit\u00e9 et sa robustesse. <\/p>\n<p>Son design \u00e9l\u00e9gant et minimaliste compl\u00e8te n&#8217;importe quel environnement de travail et en fait un accessoire aussi \u00e9l\u00e9gant que fonctionnel sur n&#8217;importe quel bureau. Que ce soit pour les ing\u00e9nieurs, les architectes, les designers ou les dessinateurs amateurs, cette r\u00e8gle \u00e9tablit de nouvelles normes en mati\u00e8re de pr\u00e9cision et d&#8217;esth\u00e9tique. Ne faites aucun compromis sur la qualit\u00e9 et la pr\u00e9cision et faites confiance \u00e0 la r\u00e8gle Stilform en aluminium pour vos projets les plus importants.  <\/p>\n","protected":false},"excerpt":{"rendered":"<p>Faites l&#8217;exp\u00e9rience d&#8217;un travail pr\u00e9cis avec la r\u00e8gle en aluminium anodis\u00e9 de Stilform &#8211; id\u00e9ale pour des mesures et des dessins pr\u00e9cis, un must pour tout poste de travail.<\/p>\n","protected":false},"featured_media":105033,"comment_status":"open","ping_status":"closed","template":"","meta":{"_acf_changed":false},"product_brand":[3044],"product_cat":[1279],"product_tag":[3292,3295],"class_list":{"0":"post-105022","1":"product","2":"type-product","3":"status-publish","4":"has-post-thumbnail","6":"product_brand-stilform","7":"product_cat-stylos","8":"product_tag-pour-lui","9":"product_tag-pour-vous","10":"product_shipping_class-colis-jusqua-2-kg","11":"pa_farbe-comet-grey-fr","12":"pa_farbe-warp-black-fr","14":"first","15":"outofstock","16":"taxable","17":"shipping-taxable","18":"purchasable","19":"product-type-variable"},"acf":[],"_links":{"self":[{"href":"https:\/\/one-horizon.ch\/fr\/wp-json\/wp\/v2\/product\/105022","targetHints":{"allow":["GET"]}}],"collection":[{"href":"https:\/\/one-horizon.ch\/fr\/wp-json\/wp\/v2\/product"}],"about":[{"href":"https:\/\/one-horizon.ch\/fr\/wp-json\/wp\/v2\/types\/product"}],"replies":[{"embeddable":true,"href":"https:\/\/one-horizon.ch\/fr\/wp-json\/wp\/v2\/comments?post=105022"}],"wp:featuredmedia":[{"embeddable":true,"href":"https:\/\/one-horizon.ch\/fr\/wp-json\/wp\/v2\/media\/105033"}],"wp:attachment":[{"href":"https:\/\/one-horizon.ch\/fr\/wp-json\/wp\/v2\/media?parent=105022"}],"wp:term":[{"taxonomy":"product_brand","embeddable":true,"href":"https:\/\/one-horizon.ch\/fr\/wp-json\/wp\/v2\/product_brand?post=105022"},{"taxonomy":"product_cat","embeddable":true,"href":"https:\/\/one-horizon.ch\/fr\/wp-json\/wp\/v2\/product_cat?post=105022"},{"taxonomy":"product_tag","embeddable":true,"href":"https:\/\/one-horizon.ch\/fr\/wp-json\/wp\/v2\/product_tag?post=105022"}],"curies":[{"name":"wp","href":"https:\/\/api.w.org\/{rel}","templated":true}]}}