{"id":105065,"date":"2024-08-27T10:01:31","date_gmt":"2024-08-27T08:01:31","guid":{"rendered":"https:\/\/one-horizon.ch\/?post_type=product&#038;p=105065"},"modified":"2026-04-28T22:59:10","modified_gmt":"2026-04-28T20:59:10","slug":"stilform-arc-pen-titan-gel-stylo","status":"publish","type":"product","link":"https:\/\/one-horizon.ch\/fr\/product\/stilform-arc-pen-titan-gel-stylo\/","title":{"rendered":"ARC Pen Stylo gel titane"},"content":{"rendered":"<div id=\"shopify-section-template--23115466440972__16607495809e52b3b8\" class=\"shopify-section custom-html-section\">\n<div id=\"section-template--23115466440972__16607495809e52b3b8\" class=\" section-blank custom_html-wrapper\" data-section-id=\"template--23115466440972__16607495809e52b3b8\" data-section-type=\"custom-html-section\">\n<div class=\"\">\n<div class=\"wrapper\">\n<div class=\"grid grid-spacer\">\n<div class=\"grid__item large--twelfth-twelfths medium--twelfth-twelfths small--twelfth-twelfths\">\n<div class=\"text-center\">\n<p style=\"text-align: left;\"><strong>ARC Pen &#8211; Le stylo magn\u00e9tique en titane pour les amateurs de design<\/strong><\/p>\n<p>&nbsp;<\/p>\n<p style=\"text-align: left;\"><strong>M\u00e9canisme magn\u00e9tique unique<\/strong><br \/>\nFaites l&#8217;exp\u00e9rience de l&#8217;ARC Pen, le premier stylo gel au monde dot\u00e9 d&#8217;un m\u00e9canisme magn\u00e9tique innovant et auto-align\u00e9 en titane pur. Cette technologie permet un alignement id\u00e9al automatique pour une prise en main et un confort d&#8217;\u00e9criture parfaits. <\/p>\n<p>&nbsp;<\/p>\n<p style=\"text-align: left;\"><strong>Design minimaliste<\/strong><br \/>\nLe stylo gel ARC en version titane s&#8217;int\u00e8gre parfaitement dans tout environnement de travail de qualit\u00e9 gr\u00e2ce \u00e0 son design \u00e9pur\u00e9 et minimaliste. Son allure \u00e9pur\u00e9e assure une attraction visuelle et une utilisation pratique. <\/p>\n<p>&nbsp;<\/p>\n<p style=\"text-align: left;\"><strong>Alignement bilat\u00e9ral<\/strong><br \/>\nGr\u00e2ce au m\u00e9canisme magn\u00e9tique bilat\u00e9ral, les m\u00e9plats anti-roulement du stylo sont toujours parfaitement align\u00e9s &#8211; pas de risque de rouler sur des surfaces in\u00e9gales, ce qui garantit une prise en main s\u00fbre.<\/p>\n<p>&nbsp;<\/p>\n<p style=\"text-align: left;\"><strong>Conception anti-roulement<\/strong><br \/>\nLes c\u00f4t\u00e9s plats sp\u00e9cialement con\u00e7us le long du corps du stylo emp\u00eachent le stylo de rouler et am\u00e9liorent la prise en main lors de l&#8217;\u00e9criture et du dessin.<\/p>\n<p>&nbsp;<\/p>\n<p style=\"text-align: left;\"><strong>Recharge gel de haute qualit\u00e9<\/strong><br \/>\n\u00c9quip\u00e9 d&#8217;une recharge gel Premium de Pilot, le stylo gel ARC garantit une exp\u00e9rience d&#8217;\u00e9criture d&#8217;une douceur incomparable et s&#8217;av\u00e8re \u00eatre l&#8217;outil id\u00e9al pour la qualit\u00e9 et la durabilit\u00e9.<\/p>\n<p>&nbsp;<\/p>\n<p style=\"text-align: left;\"><strong>Construction robuste en titane<\/strong><br \/>\nL&#8217;ARC Pen est fabriqu\u00e9 en titane de haute qualit\u00e9, ce qui lui conf\u00e8re une durabilit\u00e9 extr\u00eame pour un poids \u00e9tonnamment l\u00e9ger. Cette fabrication pr\u00e9cise promet une longue dur\u00e9e de vie et un grand plaisir \u00e0 utiliser le stylo. <\/p>\n<p>&nbsp;<\/p>\n<p style=\"text-align: left;\"><strong>Id\u00e9al pour les cr\u00e9atifs et les professionnels<\/strong><br \/>\nAvec son design sophistiqu\u00e9 et sa mine de qualit\u00e9 sup\u00e9rieure, le stylo gel ARC en titane est particuli\u00e8rement adapt\u00e9 aux cr\u00e9atifs, architectes et illustrateurs qui accordent une grande importance \u00e0 la pr\u00e9cision et \u00e0 la fiabilit\u00e9.<\/p>\n<p>&nbsp;<\/p>\n<p style=\"text-align: left;\">D\u00e9couvrez la diff\u00e9rence de qualit\u00e9 avec l&#8217;ARC Pen en titane &#8211; un stylo qui ne se contente pas d&#8217;\u00e9crire, mais qui r\u00e9fl\u00e9chit et s&#8217;int\u00e8gre parfaitement \u00e0 votre quotidien cr\u00e9atif et professionnel.<\/p>\n<p><iframe loading=\"lazy\" title=\"stilform ARC\" width=\"500\" height=\"281\" src=\"https:\/\/www.youtube.com\/embed\/wcx0NOKJDvI?feature=oembed\" frameborder=\"0\" allow=\"accelerometer; autoplay; clipboard-write; encrypted-media; gyroscope; picture-in-picture; web-share\" referrerpolicy=\"strict-origin-when-cross-origin\" allowfullscreen><\/iframe><\/p>\n<\/div>\n<\/div>\n<\/div>\n<\/div>\n<\/div>\n<\/div>\n<\/div>\n","protected":false},"excerpt":{"rendered":"<p>Le stylo ARC en titane offre un m\u00e9canisme magn\u00e9tique unique \u00e0 alignement automatique et un design minimaliste. Dot\u00e9 d&#8217;une mine gel Pilot de haute qualit\u00e9 et d&#8217;un design anti-roulement, ce stylo robuste et l\u00e9ger est id\u00e9al pour les professionnels et les cr\u00e9atifs. <\/p>\n","protected":false},"featured_media":105181,"comment_status":"open","ping_status":"closed","template":"","meta":{"_acf_changed":false},"product_brand":[3044],"product_cat":[1279],"product_tag":[3292,3295],"class_list":{"0":"post-105065","1":"product","2":"type-product","3":"status-publish","4":"has-post-thumbnail","6":"product_brand-stilform","7":"product_cat-stylos","8":"product_tag-pour-lui","9":"product_tag-pour-vous","10":"product_shipping_class-colis-jusqua-2-kg","11":"pa_farbe-titan-dlc-fr","12":"pa_farbe-titane-mat","14":"first","15":"onbackorder","16":"taxable","17":"shipping-taxable","18":"purchasable","19":"product-type-variable"},"acf":[],"_links":{"self":[{"href":"https:\/\/one-horizon.ch\/fr\/wp-json\/wp\/v2\/product\/105065","targetHints":{"allow":["GET"]}}],"collection":[{"href":"https:\/\/one-horizon.ch\/fr\/wp-json\/wp\/v2\/product"}],"about":[{"href":"https:\/\/one-horizon.ch\/fr\/wp-json\/wp\/v2\/types\/product"}],"replies":[{"embeddable":true,"href":"https:\/\/one-horizon.ch\/fr\/wp-json\/wp\/v2\/comments?post=105065"}],"wp:featuredmedia":[{"embeddable":true,"href":"https:\/\/one-horizon.ch\/fr\/wp-json\/wp\/v2\/media\/105181"}],"wp:attachment":[{"href":"https:\/\/one-horizon.ch\/fr\/wp-json\/wp\/v2\/media?parent=105065"}],"wp:term":[{"taxonomy":"product_brand","embeddable":true,"href":"https:\/\/one-horizon.ch\/fr\/wp-json\/wp\/v2\/product_brand?post=105065"},{"taxonomy":"product_cat","embeddable":true,"href":"https:\/\/one-horizon.ch\/fr\/wp-json\/wp\/v2\/product_cat?post=105065"},{"taxonomy":"product_tag","embeddable":true,"href":"https:\/\/one-horizon.ch\/fr\/wp-json\/wp\/v2\/product_tag?post=105065"}],"curies":[{"name":"wp","href":"https:\/\/api.w.org\/{rel}","templated":true}]}}