{"id":105239,"date":"2024-08-27T10:22:50","date_gmt":"2024-08-27T08:22:50","guid":{"rendered":"https:\/\/one-horizon.ch\/?post_type=product&#038;p=105239"},"modified":"2026-05-03T03:18:41","modified_gmt":"2026-05-03T01:18:41","slug":"arc-gelschreiber","status":"publish","type":"product","link":"https:\/\/one-horizon.ch\/fr\/product\/arc-gelschreiber\/","title":{"rendered":"ARC Stylo \u00e0 encre gel"},"content":{"rendered":"<div id=\"shopify-section-template--23115466440972__16607495809e52b3b8\" class=\"shopify-section custom-html-section\">\n<div id=\"section-template--23115466440972__16607495809e52b3b8\" class=\" section-blank custom_html-wrapper\" data-section-id=\"template--23115466440972__16607495809e52b3b8\" data-section-type=\"custom-html-section\">\n<div class=\"\">\n<div class=\"wrapper\">\n<div class=\"grid grid-spacer\">\n<div class=\"grid__item large--twelfth-twelfths medium--twelfth-twelfths small--twelfth-twelfths\">\n<div class=\"text-center\">\n<p style=\"text-align: left;\"><strong>ARC Pen &#8211; Le stylo magn\u00e9tique pour les amateurs de design<\/strong><\/p>\n<p>&nbsp;<\/p>\n<p style=\"text-align: left;\"><strong>M\u00e9canisme magn\u00e9tique unique<\/strong><br \/>\nL&#8217;ARC Pen est le premier stylo gel au monde \u00e0 \u00eatre \u00e9quip\u00e9 d&#8217;un m\u00e9canisme magn\u00e9tique innovant et auto-align\u00e9. Cette technologie unique permet au stylo de s&#8217;aligner automatiquement de mani\u00e8re optimale, ce qui garantit une prise en main et un confort d&#8217;\u00e9criture toujours parfaits. <\/p>\n<p>&nbsp;<\/p>\n<p style=\"text-align: left;\"><strong>Design minimaliste<\/strong><br \/>\nAvec son design \u00e9pur\u00e9 et minimaliste, le stylo gel ARC s&#8217;int\u00e8gre parfaitement dans tout environnement professionnel. Son \u00e9l\u00e9gance sobre n&#8217;est pas seulement un attrait visuel, elle est aussi pratique. <\/p>\n<p>&nbsp;<\/p>\n<p style=\"text-align: left;\"><strong>Alignement bilat\u00e9ral<\/strong><br \/>\nGr\u00e2ce au m\u00e9canisme magn\u00e9tique bilat\u00e9ral, les c\u00f4t\u00e9s plats anti-roulement du stylo restent toujours correctement align\u00e9s. Cela signifie que vous ne risquez pas de faire rouler le stylo sur des surfaces irr\u00e9guli\u00e8res et que vous avez toujours une bonne prise en main. <\/p>\n<p>&nbsp;<\/p>\n<p style=\"text-align: left;\"><strong>Conception anti-roulement<\/strong><br \/>\nLes c\u00f4t\u00e9s plats marqu\u00e9s le long du corps du stylo ont \u00e9t\u00e9 sp\u00e9cialement con\u00e7us pour emp\u00eacher le stylo de rouler. Ils offrent \u00e9galement une meilleure prise en main, ce qui facilite l&#8217;\u00e9criture et le dessin. <\/p>\n<p>&nbsp;<\/p>\n<p style=\"text-align: left;\">Recharge <strong>gel de qualit\u00e9 sup\u00e9rieure<\/strong><br \/>\n\u00c9quip\u00e9 d&#8217;une recharge gel Pilot de qualit\u00e9 sup\u00e9rieure, l&#8217;ARC Pen offre une exp\u00e9rience d&#8217;\u00e9criture particuli\u00e8rement douce. La mine est \u00e9galement r\u00e9sistante \u00e0 l&#8217;eau et \u00e0 la lumi\u00e8re, ce qui fait du stylo gel ARC l&#8217;outil id\u00e9al pour tous ceux qui attachent de l&#8217;importance \u00e0 la qualit\u00e9 et \u00e0 la durabilit\u00e9. <\/p>\n<p>&nbsp;<\/p>\n<p style=\"text-align: left;\"><strong>Construction m\u00e9tallique robuste<\/strong><br \/>\nFabriqu\u00e9 en titane ou en aluminium de haute qualit\u00e9, l&#8217;ARC Pen allie une durabilit\u00e9 extr\u00eame \u00e0 une l\u00e9g\u00e8ret\u00e9 surprenante. L&#8217;usinage pr\u00e9cis de ces mat\u00e9riaux garantit une longue dur\u00e9e de vie et un plaisir durable du produit. <\/p>\n<p>&nbsp;<\/p>\n<p style=\"text-align: left;\"><strong>Id\u00e9al pour les cr\u00e9atifs et les professionnels<\/strong><br \/>\nGr\u00e2ce \u00e0 son design bien pens\u00e9 et \u00e0 sa mine de haute qualit\u00e9, l&#8217;ARC Pen convient particuli\u00e8rement aux cr\u00e9atifs, aux architectes et aux illustrateurs qui accordent de l&#8217;importance \u00e0 la pr\u00e9cision et \u00e0 la fiabilit\u00e9.<\/p>\n<p>&nbsp;<\/p>\n<p style=\"text-align: left;\">D\u00e9couvrez la diff\u00e9rence que fait la qualit\u00e9 avec l&#8217;ARC Pen. Un stylo qui ne se contente pas d&#8217;\u00e9crire, mais qui r\u00e9fl\u00e9chit aussi. <\/p>\n<p>&nbsp;<\/p>\n<\/div>\n<\/div>\n<\/div>\n<p><iframe loading=\"lazy\" title=\"stilform ARC\" width=\"500\" height=\"281\" src=\"https:\/\/www.youtube.com\/embed\/wcx0NOKJDvI?feature=oembed\" frameborder=\"0\" allow=\"accelerometer; autoplay; clipboard-write; encrypted-media; gyroscope; picture-in-picture; web-share\" referrerpolicy=\"strict-origin-when-cross-origin\" allowfullscreen><\/iframe><\/p>\n<\/div>\n<\/div>\n<\/div>\n<\/div>\n","protected":false},"excerpt":{"rendered":"<p>L&#8217;ARC Pen est un stylo \u00e0 gel unique au monde, dot\u00e9 d&#8217;un m\u00e9canisme magn\u00e9tique \u00e0 alignement automatique et d&#8217;un design minimaliste. Il est dot\u00e9 d&#8217;un design anti-roulement innovant, d&#8217;une mine gel Pilot de haute qualit\u00e9 et est fabriqu\u00e9 en titane ou en aluminium durable. Id\u00e9al pour les cr\u00e9atifs et les professionnels.  <\/p>\n","protected":false},"featured_media":105178,"comment_status":"open","ping_status":"closed","template":"","meta":{"_acf_changed":false},"product_brand":[3044],"product_cat":[1279],"product_tag":[3292,3295],"class_list":{"0":"post-105239","1":"product","2":"type-product","3":"status-publish","4":"has-post-thumbnail","6":"product_brand-stilform","7":"product_cat-stylos","8":"product_tag-pour-lui","9":"product_tag-pour-vous","10":"product_shipping_class-colis-jusqua-2-kg","12":"first","13":"onbackorder","14":"taxable","15":"shipping-taxable","16":"purchasable","17":"product-type-variable"},"acf":[],"_links":{"self":[{"href":"https:\/\/one-horizon.ch\/fr\/wp-json\/wp\/v2\/product\/105239","targetHints":{"allow":["GET"]}}],"collection":[{"href":"https:\/\/one-horizon.ch\/fr\/wp-json\/wp\/v2\/product"}],"about":[{"href":"https:\/\/one-horizon.ch\/fr\/wp-json\/wp\/v2\/types\/product"}],"replies":[{"embeddable":true,"href":"https:\/\/one-horizon.ch\/fr\/wp-json\/wp\/v2\/comments?post=105239"}],"wp:featuredmedia":[{"embeddable":true,"href":"https:\/\/one-horizon.ch\/fr\/wp-json\/wp\/v2\/media\/105178"}],"wp:attachment":[{"href":"https:\/\/one-horizon.ch\/fr\/wp-json\/wp\/v2\/media?parent=105239"}],"wp:term":[{"taxonomy":"product_brand","embeddable":true,"href":"https:\/\/one-horizon.ch\/fr\/wp-json\/wp\/v2\/product_brand?post=105239"},{"taxonomy":"product_cat","embeddable":true,"href":"https:\/\/one-horizon.ch\/fr\/wp-json\/wp\/v2\/product_cat?post=105239"},{"taxonomy":"product_tag","embeddable":true,"href":"https:\/\/one-horizon.ch\/fr\/wp-json\/wp\/v2\/product_tag?post=105239"}],"curies":[{"name":"wp","href":"https:\/\/api.w.org\/{rel}","templated":true}]}}