{"id":105349,"date":"2024-08-27T10:46:29","date_gmt":"2024-08-27T08:46:29","guid":{"rendered":"https:\/\/one-horizon.ch\/?post_type=product&#038;p=105349"},"modified":"2026-04-07T23:19:27","modified_gmt":"2026-04-07T21:19:27","slug":"roller-a-encre-stilform-flow-aluminium","status":"publish","type":"product","link":"https:\/\/one-horizon.ch\/fr\/product\/roller-a-encre-stilform-flow-aluminium\/","title":{"rendered":"Roller \u00e0 encre Flow Aluminium"},"content":{"rendered":"<p><strong>D\u00e9couvrez le roller FLOW Aluminium : l&#8217;innovation rencontre l&#8217;\u00e9l\u00e9gance<\/strong><\/p>\n<p>\u00cates-vous pr\u00eat \u00e0 r\u00e9volutionner vos habitudes d&#8217;\u00e9criture ? Le roller FLOW Aluminium n&#8217;est pas seulement un stylo &#8211; c&#8217;est une nouvelle interpr\u00e9tation de l&#8217;art d&#8217;\u00e9crire, con\u00e7ue pour l&#8217;\u00e9crivain moderne qui accorde de l&#8217;importance \u00e0 l&#8217;esth\u00e9tique et \u00e0 la fonction. <\/p>\n<p>&nbsp;<\/p>\n<p><strong>Points forts du produit<\/strong><\/p>\n<ul>\n<li><strong>Une exp\u00e9rience d&#8217;\u00e9criture innovante :<\/strong> le roller FLOW combine le meilleur de deux mondes : la souplesse d&#8217;un stylo \u00e0 bille et le d\u00e9bit d&#8217;encre r\u00e9gulier d&#8217;un stylo plume. \u00c9quip\u00e9 d&#8217;une recharge roller de haute qualit\u00e9, ce stylo garantit une exp\u00e9rience d&#8217;\u00e9criture coh\u00e9rente sans les probl\u00e8mes fr\u00e9quents des instruments d&#8217;\u00e9criture traditionnels. <\/li>\n<li><strong>M\u00e9canisme magn\u00e9tique innovant :<\/strong> notre m\u00e9canisme magn\u00e9tique unique permet de d\u00e9voiler la pointe du stylo en tirant simplement sur le capuchon. Cela permet une manipulation s\u00fbre et \u00e9l\u00e9gante, soutenue par de puissantes forces magn\u00e9tiques qui pr\u00e9servent parfaitement l&#8217;encre. <\/li>\n<li><strong>Mat\u00e9riaux de haute qualit\u00e9 :<\/strong> Fabriqu\u00e9 en aluminium ou en titane, le roller FLOW offre un toucher de qualit\u00e9 sup\u00e9rieure et une stabilit\u00e9 exceptionnelle. Ces mat\u00e9riaux garantissent une grande durabilit\u00e9 et r\u00e9pondent avec style aux besoins d&#8217;\u00e9criture les plus exigeants. <\/li>\n<li><strong>Design &amp; esth\u00e9tique :<\/strong> un design minimaliste et intemporel alli\u00e9 \u00e0 des fonctions pratiques telles que le m\u00e9canisme magn\u00e9tique et la construction enti\u00e8rement m\u00e9tallique. Le roller FLOW Aluminium souligne sa qualit\u00e9 par une finition fine et est \u00e9galement \u00e9quip\u00e9 de surfaces anti-roulement qui l&#8217;emp\u00eachent de rouler sur des surfaces inclin\u00e9es. <\/li>\n<\/ul>\n<p>&nbsp;<\/p>\n<p><strong>Syst\u00e8me de recharge :<\/strong> simple et facile \u00e0 utiliser, il est rechargeable avec les recharges de roller les plus courantes.<\/p>\n<p><strong>Con\u00e7u pour la cr\u00e9ativit\u00e9 :<\/strong> que ce soit au bureau, pour des projets cr\u00e9atifs ou tout simplement pour vos notes quotidiennes, le roller FLOW fait de l&#8217;\u00e9criture un pur plaisir et une exp\u00e9rience \u00e9l\u00e9gante.<\/p>\n<p>&nbsp;<\/p>\n<p>N&#8217;h\u00e9sitez pas \u00e0 ajouter ce stylo avant-gardiste \u00e0 votre \u00e9quipement d&#8217;\u00e9criture et d\u00e9couvrez comment le roller FLOW Aluminium change votre fa\u00e7on de penser et d&#8217;\u00e9crire.<\/p>\n","protected":false},"excerpt":{"rendered":"<p>Roller en aluminium avec m\u00e9canisme de capuchon magn\u00e9tique &#8211; \u00e9coulement souple de l&#8217;encre du roller, construction enti\u00e8rement m\u00e9tallique, surfaces anti-roulement. Minimaliste, durable et rechargeable. Pour le bureau et les projets cr\u00e9atifs.  <\/p>\n","protected":false},"featured_media":105363,"comment_status":"open","ping_status":"closed","template":"","meta":{"_acf_changed":false},"product_brand":[3044],"product_cat":[1279],"product_tag":[3292,3295],"class_list":{"0":"post-105349","1":"product","2":"type-product","3":"status-publish","4":"has-post-thumbnail","6":"product_brand-stilform","7":"product_cat-stylos","8":"product_tag-pour-lui","9":"product_tag-pour-vous","10":"product_shipping_class-colis-jusqua-2-kg","11":"pa_farbe-ciel-de-nuit","12":"pa_farbe-comet-grey-fr","13":"pa_farbe-lune-de-rose","14":"pa_farbe-vert-aurora","15":"pa_farbe-warp-black-fr","17":"first","18":"onbackorder","19":"taxable","20":"shipping-taxable","21":"purchasable","22":"product-type-variable"},"acf":[],"_links":{"self":[{"href":"https:\/\/one-horizon.ch\/fr\/wp-json\/wp\/v2\/product\/105349","targetHints":{"allow":["GET"]}}],"collection":[{"href":"https:\/\/one-horizon.ch\/fr\/wp-json\/wp\/v2\/product"}],"about":[{"href":"https:\/\/one-horizon.ch\/fr\/wp-json\/wp\/v2\/types\/product"}],"replies":[{"embeddable":true,"href":"https:\/\/one-horizon.ch\/fr\/wp-json\/wp\/v2\/comments?post=105349"}],"wp:featuredmedia":[{"embeddable":true,"href":"https:\/\/one-horizon.ch\/fr\/wp-json\/wp\/v2\/media\/105363"}],"wp:attachment":[{"href":"https:\/\/one-horizon.ch\/fr\/wp-json\/wp\/v2\/media?parent=105349"}],"wp:term":[{"taxonomy":"product_brand","embeddable":true,"href":"https:\/\/one-horizon.ch\/fr\/wp-json\/wp\/v2\/product_brand?post=105349"},{"taxonomy":"product_cat","embeddable":true,"href":"https:\/\/one-horizon.ch\/fr\/wp-json\/wp\/v2\/product_cat?post=105349"},{"taxonomy":"product_tag","embeddable":true,"href":"https:\/\/one-horizon.ch\/fr\/wp-json\/wp\/v2\/product_tag?post=105349"}],"curies":[{"name":"wp","href":"https:\/\/api.w.org\/{rel}","templated":true}]}}