{"id":105416,"date":"2024-08-27T10:57:44","date_gmt":"2024-08-27T08:57:44","guid":{"rendered":"https:\/\/one-horizon.ch\/?post_type=product&#038;p=105416"},"modified":"2026-04-07T23:20:08","modified_gmt":"2026-04-07T21:20:08","slug":"aeon-pure","status":"publish","type":"product","link":"https:\/\/one-horizon.ch\/fr\/product\/aeon-pure\/","title":{"rendered":"AEON Pure"},"content":{"rendered":"<p><strong>Stilform AEON Pure &#8211; Le crayon \u00e9ternel<\/strong><\/p>\n<p>D\u00e9couvrez une nouvelle dimension de l&#8217;\u00e9criture avec le Stilform AEON Pure &#8211; un crayon r\u00e9volutionnaire qui allie cr\u00e9ativit\u00e9 et durabilit\u00e9 dans un design \u00e9l\u00e9gant. Stilform, bien connu dans le monde du crowdfunding, vous pr\u00e9sente cette fois un instrument d&#8217;\u00e9criture qui red\u00e9finit le crayon traditionnel. <\/p>\n<p>&nbsp;<\/p>\n<p><strong>Une solution tout-en-un innovante avec des pointes magn\u00e9tiques<\/strong><\/p>\n<p>Le stylo AEON Pure se distingue par sa polyvalence, rendue possible par l&#8217;utilisation de puissants aimants en n\u00e9odyme. Choisissez entre la pointe m\u00e9tallique &#8220;\u00e9ternelle&#8221; innovante, id\u00e9ale pour des lignes pr\u00e9cises et nettes, et une pointe graphite classique pour une exp\u00e9rience d&#8217;\u00e9criture famili\u00e8re, selon vos besoins. Le passage d&#8217;une pointe \u00e0 l&#8217;autre est un jeu d&#8217;enfant et fait de l&#8217;AEON le compagnon id\u00e9al pour toutes les situations.  <\/p>\n<p>&nbsp;<\/p>\n<p><strong>Conception anti-roulement minimaliste<\/strong><\/p>\n<p>Le design du AEON Pure est plac\u00e9 sous le signe de la fonctionnalit\u00e9 et de l&#8217;esth\u00e9tique. Avec ses c\u00f4t\u00e9s plats ennoblis par des placages pr\u00e9cieux, ce crayon offre non seulement une prise en main s\u00fbre, mais aussi une stabilit\u00e9 assur\u00e9e &#8211; ainsi, les roulades involontaires sur les tables appartiennent au pass\u00e9. <\/p>\n<p>&nbsp;<\/p>\n<p><strong>Durabilit\u00e9 et respect de l&#8217;environnement<\/strong><\/p>\n<p>Outre son apparence \u00e9l\u00e9gante et ses fonctionnalit\u00e9s conviviales, l&#8217;AEON offre une durabilit\u00e9 exceptionnelle. Tous les mat\u00e9riaux utilis\u00e9s &#8211; qu&#8217;il s&#8217;agisse d&#8217;aluminium, de magn\u00e9sium, de laiton ou de titane avec rev\u00eatement DLC &#8211; ont \u00e9t\u00e9 soigneusement s\u00e9lectionn\u00e9s et garantissent une qualit\u00e9 sans plomb, qui pr\u00e9serve \u00e0 la fois la sant\u00e9 des utilisateurs et l&#8217;environnement. <\/p>\n<p>&nbsp;<\/p>\n<p><strong>Les pointes : Magique et multifonctionnel<\/strong><\/p>\n<p>Que ce soit l&#8217;\u00e9criture \u00e9ternelle en m\u00e9tal ou le graphite traditionnel, avec AEON, les deux options sont un plaisir. La pointe m\u00e9tallique simule la sensation d&#8217;un crayon 2H mais reste inchang\u00e9e dans le temps, tandis que la pointe graphite est particuli\u00e8rement adapt\u00e9e au dessin et laisse des lignes classiques effa\u00e7ables. <\/p>\n<p>&nbsp;<\/p>\n<p><strong>Un cadeau qui laisse une impression durable<\/strong><\/p>\n<p>Le AEON n&#8217;est pas seulement un outil, c&#8217;est aussi une d\u00e9claration. Sa construction robuste et son design unique en font le cadeau id\u00e9al pour tous ceux qui attachent de l&#8217;importance \u00e0 la qualit\u00e9 et au style. <\/p>\n<p>&nbsp;<\/p>\n<p>Faites l&#8217;exp\u00e9rience de la diff\u00e9rence avec Stilform AEON Pure, le crayon qui ne se contente pas d&#8217;\u00e9crire, mais qui \u00e9crit des histoires.<\/p>\n","protected":false},"excerpt":{"rendered":"<p>Le Stilform AEON est un crayon r\u00e9volutionnaire et \u00e9ternel avec des pointes magn\u00e9tiques interchangeables, un design minimaliste anti-roulement et est 100 % sans plomb. Id\u00e9al pour \u00e9crire et faire des croquis avec style et durabilit\u00e9. <\/p>\n","protected":false},"featured_media":105476,"comment_status":"open","ping_status":"closed","template":"","meta":{"_acf_changed":false},"product_brand":[3044],"product_cat":[1279],"product_tag":[3292,3295],"class_list":{"0":"post-105416","1":"product","2":"type-product","3":"status-publish","4":"has-post-thumbnail","6":"product_brand-stilform","7":"product_cat-stylos","8":"product_tag-pour-lui","9":"product_tag-pour-vous","10":"product_shipping_class-colis-jusqua-2-kg","11":"pa_farbe-ciel-de-nuit","12":"pa_farbe-comet-grey-fr","13":"pa_farbe-star-silver-fr","14":"pa_farbe-vert-aurora","15":"pa_farbe-warp-black-fr","16":"pa_spitze-pointe-en-graphite","17":"pa_spitze-pointe-eternelle","19":"first","20":"onbackorder","21":"taxable","22":"shipping-taxable","23":"purchasable","24":"product-type-variable","25":"has-default-attributes"},"acf":[],"_links":{"self":[{"href":"https:\/\/one-horizon.ch\/fr\/wp-json\/wp\/v2\/product\/105416","targetHints":{"allow":["GET"]}}],"collection":[{"href":"https:\/\/one-horizon.ch\/fr\/wp-json\/wp\/v2\/product"}],"about":[{"href":"https:\/\/one-horizon.ch\/fr\/wp-json\/wp\/v2\/types\/product"}],"replies":[{"embeddable":true,"href":"https:\/\/one-horizon.ch\/fr\/wp-json\/wp\/v2\/comments?post=105416"}],"wp:featuredmedia":[{"embeddable":true,"href":"https:\/\/one-horizon.ch\/fr\/wp-json\/wp\/v2\/media\/105476"}],"wp:attachment":[{"href":"https:\/\/one-horizon.ch\/fr\/wp-json\/wp\/v2\/media?parent=105416"}],"wp:term":[{"taxonomy":"product_brand","embeddable":true,"href":"https:\/\/one-horizon.ch\/fr\/wp-json\/wp\/v2\/product_brand?post=105416"},{"taxonomy":"product_cat","embeddable":true,"href":"https:\/\/one-horizon.ch\/fr\/wp-json\/wp\/v2\/product_cat?post=105416"},{"taxonomy":"product_tag","embeddable":true,"href":"https:\/\/one-horizon.ch\/fr\/wp-json\/wp\/v2\/product_tag?post=105416"}],"curies":[{"name":"wp","href":"https:\/\/api.w.org\/{rel}","templated":true}]}}