{"id":105506,"date":"2024-08-27T11:20:50","date_gmt":"2024-08-27T09:20:50","guid":{"rendered":"https:\/\/one-horizon.ch\/?post_type=product&#038;p=105506"},"modified":"2026-03-30T00:16:18","modified_gmt":"2026-03-29T22:16:18","slug":"remember-crochet-mural-set-de-4-pieces","status":"publish","type":"product","link":"https:\/\/one-horizon.ch\/fr\/product\/remember-crochet-mural-set-de-4-pieces\/","title":{"rendered":"Lot de 4 crochets muraux"},"content":{"rendered":"<p>Ce set de 4 crochets muraux au design \u00e9l\u00e9gant, compos\u00e9 de deux petits et de deux grands crochets, apporte de l&#8217;ordre et du style de mani\u00e8re cr\u00e9ative dans tous les environnements. Que ce soit dans le couloir, la cuisine ou la salle de bain, ces crochets sont \u00e0 la fois des outils de rangement flexibles et des \u00e9l\u00e9ments de design ludiques. Vous pouvez ajouter une touche personnelle en disposant les crochets en ligne droite ou dans un m\u00e9lange color\u00e9.  <\/p>\n<p>&nbsp;<\/p>\n<p><strong>D\u00e9tails du produit<\/strong><\/p>\n<ul>\n<li>Crochets muraux polyvalents Lot de 4 multicolores (2 petits et 2 grands)<\/li>\n<li>Mat\u00e9riau : polyr\u00e9sine de haute qualit\u00e9 pour la durabilit\u00e9 et l&#8217;esth\u00e9tique<\/li>\n<li>Dimensions :\n<ul>\n<li>Petit : profondeur 4,7 cm, diam\u00e8tre 4,7 cm<\/li>\n<li>Grand : profondeur 4,7 cm, diam\u00e8tre 8,3 cm<\/li>\n<\/ul>\n<\/li>\n<li>Livr\u00e9 avec vis M4 ; chevilles non incluses<\/li>\n<\/ul>\n<p>&nbsp;<\/p>\n<p>Cet ensemble permet de cr\u00e9er des espaces fonctionnels dans n&#8217;importe quelle pi\u00e8ce, sans pour autant renoncer \u00e0 un design attrayant. Id\u00e9al pour ceux qui attachent de l&#8217;importance \u00e0 l&#8217;ordre avec une touche de cr\u00e9ativit\u00e9. <\/p>\n","protected":false},"excerpt":{"rendered":"<p>Ce set styl\u00e9 de 2 petits et 2 grands crochets permet de mettre de l&#8217;ordre chez soi de mani\u00e8re cr\u00e9ative. Que ce soit dans l&#8217;entr\u00e9e, la cuisine ou la salle de bain, align\u00e9s ou m\u00e9lang\u00e9s, les crochets muraux peuvent aussi \u00eatre amusants et devenir un \u00e9l\u00e9ment de design dans la maison. <\/p>\n","protected":false},"featured_media":105521,"comment_status":"open","ping_status":"closed","template":"","meta":{"_acf_changed":false},"product_brand":[3039],"product_cat":[1297],"product_tag":[],"class_list":{"0":"post-105506","1":"product","2":"type-product","3":"status-publish","4":"has-post-thumbnail","6":"product_brand-remember","7":"product_cat-accessoires-dinterieur","8":"product_shipping_class-colis-jusqua-2-kg","9":"pa_farbe-daisy-fr","10":"pa_farbe-fuchsia-fr","11":"pa_farbe-tulipe","13":"first","14":"onbackorder","15":"taxable","16":"shipping-taxable","17":"purchasable","18":"product-type-variable"},"acf":[],"_links":{"self":[{"href":"https:\/\/one-horizon.ch\/fr\/wp-json\/wp\/v2\/product\/105506","targetHints":{"allow":["GET"]}}],"collection":[{"href":"https:\/\/one-horizon.ch\/fr\/wp-json\/wp\/v2\/product"}],"about":[{"href":"https:\/\/one-horizon.ch\/fr\/wp-json\/wp\/v2\/types\/product"}],"replies":[{"embeddable":true,"href":"https:\/\/one-horizon.ch\/fr\/wp-json\/wp\/v2\/comments?post=105506"}],"wp:featuredmedia":[{"embeddable":true,"href":"https:\/\/one-horizon.ch\/fr\/wp-json\/wp\/v2\/media\/105521"}],"wp:attachment":[{"href":"https:\/\/one-horizon.ch\/fr\/wp-json\/wp\/v2\/media?parent=105506"}],"wp:term":[{"taxonomy":"product_brand","embeddable":true,"href":"https:\/\/one-horizon.ch\/fr\/wp-json\/wp\/v2\/product_brand?post=105506"},{"taxonomy":"product_cat","embeddable":true,"href":"https:\/\/one-horizon.ch\/fr\/wp-json\/wp\/v2\/product_cat?post=105506"},{"taxonomy":"product_tag","embeddable":true,"href":"https:\/\/one-horizon.ch\/fr\/wp-json\/wp\/v2\/product_tag?post=105506"}],"curies":[{"name":"wp","href":"https:\/\/api.w.org\/{rel}","templated":true}]}}