{"id":105563,"date":"2024-08-27T11:35:54","date_gmt":"2024-08-27T09:35:54","guid":{"rendered":"https:\/\/one-horizon.ch\/?post_type=product&#038;p=105563"},"modified":"2026-03-30T00:16:15","modified_gmt":"2026-03-29T22:16:15","slug":"remember-kabelbox-metall","status":"publish","type":"product","link":"https:\/\/one-horizon.ch\/fr\/product\/remember-kabelbox-metall\/","title":{"rendered":"Bo\u00eete \u00e0 c\u00e2bles"},"content":{"rendered":"<p>Soyez t\u00e9moin d&#8217;une solution r\u00e9volutionnaire dans la lutte contre les c\u00e2bles emm\u00eal\u00e9s, d\u00e9sordonn\u00e9s et encombrants dans votre espace de travail et de vie ! Nous vous pr\u00e9sentons la bo\u00eete \u00e0 c\u00e2bles ultime, sp\u00e9cialement con\u00e7ue pour le rangement organis\u00e9 des blocs multiprises, des adaptateurs, des c\u00e2bles de recharge et bien plus encore. Cet outil d&#8217;organisation exceptionnel permet d&#8217;\u00e9liminer efficacement et \u00e9l\u00e9gamment les enchev\u00eatrements de c\u00e2bles, que ce soit sur le sol, sur une \u00e9tag\u00e8re ou sur votre bureau.  <\/p>\n<p>&nbsp;<\/p>\n<p>La finition de haute qualit\u00e9 et le design bien pens\u00e9 de cette bo\u00eete de rangement offrent non seulement un abri s\u00fbr pour vos c\u00e2bles et multiprises, mais contribuent \u00e9galement \u00e0 un environnement de travail esth\u00e9tiquement agr\u00e9able. La bo\u00eete \u00e0 c\u00e2bles s&#8217;int\u00e8gre parfaitement dans n&#8217;importe quel int\u00e9rieur et est donc un must pour tous ceux qui attachent de l&#8217;importance \u00e0 l&#8217;ordre et au design. <\/p>\n<p>&nbsp;<\/p>\n<p>Le couvercle innovant en feutre sur le dessus de la bo\u00eete \u00e0 c\u00e2bles est un point fort particulier qui permet de poser vos smartphones, tablettes et autres appareils \u00e9lectroniques de mani\u00e8re d\u00e9licate et pratique pendant le chargement. La surface en feutre prot\u00e8ge vos pr\u00e9cieux appareils des rayures et des dommages tout en servant de support antid\u00e9rapant. <\/p>\n<p>&nbsp;<\/p>\n<p>Cette bo\u00eete de gestion des c\u00e2bles multifonctionnelle n&#8217;est pas seulement une solution pratique pour la maison ou le bureau, c&#8217;est aussi un cadeau id\u00e9al pour tous ceux qui aiment la technologie et attachent de l&#8217;importance \u00e0 un environnement ordonn\u00e9 et organis\u00e9. Dites adieu au chaos des c\u00e2bles et accueillez une nouvelle \u00e8re d&#8217;ordre et d&#8217;efficacit\u00e9 avec notre bo\u00eete de rangement pour l&#8217;organisation des c\u00e2bles. <\/p>\n<p>&nbsp;<\/p>\n<p>D\u00e9couvrez maintenant \u00e0 quel point l&#8217;ordre peut \u00eatre simple et \u00e9l\u00e9gant. Faites le premier pas vers un environnement de travail propre, bien rang\u00e9 et productif. Vos appareils \u00e9lectroniques et vous-m\u00eame vous en remercierez !  <\/p>\n","protected":false},"excerpt":{"rendered":"<p>D\u00e9couvrez la solution \u00e9l\u00e9gante pour les enchev\u00eatrements de c\u00e2bles : bo\u00eete de rangement pour multiprises, adaptateurs et c\u00e2bles. Avec un couvercle en feutre pour prot\u00e9ger vos appareils pendant la charge. Id\u00e9al pour le bureau et la maison.  <\/p>\n","protected":false},"featured_media":105576,"comment_status":"open","ping_status":"closed","template":"","meta":{"_acf_changed":false},"product_brand":[3039],"product_cat":[1302],"product_tag":[],"class_list":{"0":"post-105563","1":"product","2":"type-product","3":"status-publish","4":"has-post-thumbnail","6":"product_brand-remember","7":"product_cat-rangement","8":"product_shipping_class-colis-jusqua-2-kg","9":"pa_farbe-deep-blue-fr","10":"pa_farbe-sage-green-fr","12":"first","13":"onbackorder","14":"taxable","15":"shipping-taxable","16":"purchasable","17":"product-type-variable"},"acf":[],"_links":{"self":[{"href":"https:\/\/one-horizon.ch\/fr\/wp-json\/wp\/v2\/product\/105563","targetHints":{"allow":["GET"]}}],"collection":[{"href":"https:\/\/one-horizon.ch\/fr\/wp-json\/wp\/v2\/product"}],"about":[{"href":"https:\/\/one-horizon.ch\/fr\/wp-json\/wp\/v2\/types\/product"}],"replies":[{"embeddable":true,"href":"https:\/\/one-horizon.ch\/fr\/wp-json\/wp\/v2\/comments?post=105563"}],"wp:featuredmedia":[{"embeddable":true,"href":"https:\/\/one-horizon.ch\/fr\/wp-json\/wp\/v2\/media\/105576"}],"wp:attachment":[{"href":"https:\/\/one-horizon.ch\/fr\/wp-json\/wp\/v2\/media?parent=105563"}],"wp:term":[{"taxonomy":"product_brand","embeddable":true,"href":"https:\/\/one-horizon.ch\/fr\/wp-json\/wp\/v2\/product_brand?post=105563"},{"taxonomy":"product_cat","embeddable":true,"href":"https:\/\/one-horizon.ch\/fr\/wp-json\/wp\/v2\/product_cat?post=105563"},{"taxonomy":"product_tag","embeddable":true,"href":"https:\/\/one-horizon.ch\/fr\/wp-json\/wp\/v2\/product_tag?post=105563"}],"curies":[{"name":"wp","href":"https:\/\/api.w.org\/{rel}","templated":true}]}}