{"id":105604,"date":"2024-08-27T11:45:55","date_gmt":"2024-08-27T09:45:55","guid":{"rendered":"https:\/\/one-horizon.ch\/?post_type=product&#038;p=105604"},"modified":"2026-03-30T00:16:12","modified_gmt":"2026-03-29T22:16:12","slug":"remember-plateau-metal-ryo-grand","status":"publish","type":"product","link":"https:\/\/one-horizon.ch\/fr\/product\/remember-plateau-metal-ryo-grand\/","title":{"rendered":"Plateau m\u00e9tallique Ryo &#8211; Grand"},"content":{"rendered":"<p>Le plateau m\u00e9tallique Ry\u00f4 est le choix id\u00e9al pour tous ceux qui accordent de l&#8217;importance \u00e0 la fonctionnalit\u00e9 et au design \u00e9l\u00e9gant. Ce plateau polyvalent de notre collection Ryo se distingue par son \u00e9l\u00e9gance \u00e9pur\u00e9e. Que ce soit en tant que pi\u00e8ce ma\u00eetresse isol\u00e9e ou en combinaison avec d&#8217;autres plateaux de la gamme, il vous permet de cr\u00e9er des compositions attrayantes et s\u00e9duisantes.  <\/p>\n<p>&nbsp;<\/p>\n<p>Le Ryo est id\u00e9al pour la pr\u00e9sentation d&#8217;articles de d\u00e9coration, sert de plateau \u00e9l\u00e9gamment organis\u00e9 ou peut \u00eatre utilis\u00e9 comme support de service styl\u00e9. La combinaison de diff\u00e9rents plateaux permet de cr\u00e9er des contrastes de couleurs captivants et de les int\u00e9grer habilement dans votre int\u00e9rieur. Avec son design robuste et fonctionnel, qui allie minimalisme et praticit\u00e9, ce plateau s\u00e9duit \u00e0 bien des \u00e9gards. Ses dimensions de L 27 x P 47 x H 3,5 cm offrent suffisamment de place pour une utilisation polyvalente.   <\/p>\n<p>&nbsp;<\/p>\n<p>Les quatre points de protection en caoutchouc sur la face inf\u00e9rieure garantissent une stabilit\u00e9 et une s\u00e9curit\u00e9 qui permettent au plateau Ryo de rester antid\u00e9rapant m\u00eame sur des surfaces lisses. Cette caract\u00e9ristique am\u00e9liore la fonctionnalit\u00e9 et permet au plateau de faire bonne figure dans toutes les situations. <\/p>\n<p>&nbsp;<\/p>\n<p>Le plateau m\u00e9tallique Ryo est disponible en plusieurs couleurs, ce qui permet de l&#8217;adapter facilement \u00e0 tout type d&#8217;espace. Que ce soit dans un bureau moderne, dans un salon confortablement meubl\u00e9 ou comme accessoire pratique dans votre cuisine, il s&#8217;int\u00e8gre parfaitement \u00e0 tout environnement. <\/p>\n<p>&nbsp;<\/p>\n<p>Avec ce produit haut de gamme, vous investissez dans une qualit\u00e9 durable et une esth\u00e9tique intemporelle. Profitez du potentiel du plateau m\u00e9tallique Ryo pour ajouter une touche d&#8217;\u00e9l\u00e9gance \u00e0 votre maison ou \u00e0 votre bureau. <\/p>\n","protected":false},"excerpt":{"rendered":"<p>En tant que pi\u00e8ce unique et \u00e9pur\u00e9e ou en combinaison avec d&#8217;autres pi\u00e8ces, la collection de plateaux Ryo offre de multiples possibilit\u00e9s de constellations attrayantes. En pla\u00e7ant par exemple un petit plateau dans un plus grand, on obtient des compositions de couleurs frappantes. <\/p>\n","protected":false},"featured_media":105611,"comment_status":"open","ping_status":"closed","template":"","meta":{"_acf_changed":false},"product_brand":[3039],"product_cat":[1302],"product_tag":[],"class_list":{"0":"post-105604","1":"product","2":"type-product","3":"status-publish","4":"has-post-thumbnail","6":"product_brand-remember","7":"product_cat-rangement","8":"product_shipping_class-colis-jusqua-2-kg","9":"pa_farbe-aquamarine-fr","10":"pa_farbe-mocca-fr","12":"first","13":"onbackorder","14":"taxable","15":"shipping-taxable","16":"purchasable","17":"product-type-variable"},"acf":[],"_links":{"self":[{"href":"https:\/\/one-horizon.ch\/fr\/wp-json\/wp\/v2\/product\/105604","targetHints":{"allow":["GET"]}}],"collection":[{"href":"https:\/\/one-horizon.ch\/fr\/wp-json\/wp\/v2\/product"}],"about":[{"href":"https:\/\/one-horizon.ch\/fr\/wp-json\/wp\/v2\/types\/product"}],"replies":[{"embeddable":true,"href":"https:\/\/one-horizon.ch\/fr\/wp-json\/wp\/v2\/comments?post=105604"}],"wp:featuredmedia":[{"embeddable":true,"href":"https:\/\/one-horizon.ch\/fr\/wp-json\/wp\/v2\/media\/105611"}],"wp:attachment":[{"href":"https:\/\/one-horizon.ch\/fr\/wp-json\/wp\/v2\/media?parent=105604"}],"wp:term":[{"taxonomy":"product_brand","embeddable":true,"href":"https:\/\/one-horizon.ch\/fr\/wp-json\/wp\/v2\/product_brand?post=105604"},{"taxonomy":"product_cat","embeddable":true,"href":"https:\/\/one-horizon.ch\/fr\/wp-json\/wp\/v2\/product_cat?post=105604"},{"taxonomy":"product_tag","embeddable":true,"href":"https:\/\/one-horizon.ch\/fr\/wp-json\/wp\/v2\/product_tag?post=105604"}],"curies":[{"name":"wp","href":"https:\/\/api.w.org\/{rel}","templated":true}]}}