{"id":105635,"date":"2024-08-27T12:08:19","date_gmt":"2024-08-27T10:08:19","guid":{"rendered":"https:\/\/one-horizon.ch\/?post_type=product&#038;p=105635"},"modified":"2026-03-30T00:16:01","modified_gmt":"2026-03-29T22:16:01","slug":"set-de-rangement-remember-3","status":"publish","type":"product","link":"https:\/\/one-horizon.ch\/fr\/product\/set-de-rangement-remember-3\/","title":{"rendered":"Set de 3 d\u00e9p\u00f4ts"},"content":{"rendered":"<p>Cet \u00e9l\u00e9gant set de 3 bo\u00eetes de rangement en similicuir de haute qualit\u00e9 est \u00e0 la fois pratique et \u00e9l\u00e9gant. Il constitue la solution id\u00e9ale pour mettre de l&#8217;ordre dans vos affaires quotidiennes. Le set se compose de trois tailles diff\u00e9rentes, chacune d&#8217;entre elles \u00e9tant disponible dans un design unique pour s&#8217;int\u00e9grer harmonieusement dans tous les styles d&#8217;int\u00e9rieur. <\/p>\n<p>&nbsp;<\/p>\n<p><strong>Utilisation polyvalente :<\/strong> que ce soit au bureau sur le bureau, \u00e0 la maison sur le buffet, dans la cuisine, dans la salle de bain ou sur la table de chevet, cet ensemble convient parfaitement. Organisez les objets du quotidien comme les t\u00e9l\u00e9phones portables, les cl\u00e9s, la monnaie, les stylos, les bijoux et autres petits objets pour avoir tout \u00e0 port\u00e9e de main. <\/p>\n<p>&nbsp;<\/p>\n<p><strong>Tailles et dimensions<\/strong><\/p>\n<ul>\n<li>Petit : 14 cm x 14 cm, hauteur 3,5 cm<\/li>\n<li>Moyen : 19 cm x 19 cm, hauteur 3,5 cm<\/li>\n<li>Grand : 25 cm x 25 cm, hauteur 3,5 cm<\/li>\n<\/ul>\n<p>&nbsp;<\/p>\n<p><strong>Mat\u00e9riaux et design<\/strong><\/p>\n<p>Fabriqu\u00e9 en similicuir de haute qualit\u00e9, cet ensemble offre non seulement une durabilit\u00e9 et une facilit\u00e9 de nettoyage, mais aussi un aspect visuel attrayant. Les diff\u00e9rents designs des bacs ajoutent une touche d&#8217;\u00e9l\u00e9gance et de sophistication \u00e0 chaque pi\u00e8ce. <\/p>\n<p>&nbsp;<\/p>\n<p>Avec ce set de 3 classeurs, vous n&#8217;assurez pas seulement l&#8217;ordre et la clart\u00e9, mais aussi un enrichissement d\u00e9coratif de votre int\u00e9rieur. Id\u00e9al pour la maison et le bureau, sp\u00e9cialement pour ceux qui attachent de l&#8217;importance au style et \u00e0 la fonction. <\/p>\n","protected":false},"excerpt":{"rendered":"<p>Ce set de rangement en similicuir de haute qualit\u00e9 se compose de trois tailles diff\u00e9rentes et se distingue par son design \u00e9l\u00e9gant. Tout y trouve sa place : t\u00e9l\u00e9phone portable, cl\u00e9s, monnaie, stylos, bijoux et autres petits objets. <\/p>\n","protected":false},"featured_media":105642,"comment_status":"open","ping_status":"closed","template":"","meta":{"_acf_changed":false},"product_brand":[3039],"product_cat":[1302],"product_tag":[],"class_list":{"0":"post-105635","1":"product","2":"type-product","3":"status-publish","4":"has-post-thumbnail","6":"product_brand-remember","7":"product_cat-rangement","8":"product_shipping_class-colis-jusqua-2-kg","9":"pa_farbe-marbella-fr","10":"pa_farbe-venice-fr","12":"first","13":"outofstock","14":"taxable","15":"shipping-taxable","16":"purchasable","17":"product-type-variable"},"acf":[],"_links":{"self":[{"href":"https:\/\/one-horizon.ch\/fr\/wp-json\/wp\/v2\/product\/105635","targetHints":{"allow":["GET"]}}],"collection":[{"href":"https:\/\/one-horizon.ch\/fr\/wp-json\/wp\/v2\/product"}],"about":[{"href":"https:\/\/one-horizon.ch\/fr\/wp-json\/wp\/v2\/types\/product"}],"replies":[{"embeddable":true,"href":"https:\/\/one-horizon.ch\/fr\/wp-json\/wp\/v2\/comments?post=105635"}],"wp:featuredmedia":[{"embeddable":true,"href":"https:\/\/one-horizon.ch\/fr\/wp-json\/wp\/v2\/media\/105642"}],"wp:attachment":[{"href":"https:\/\/one-horizon.ch\/fr\/wp-json\/wp\/v2\/media?parent=105635"}],"wp:term":[{"taxonomy":"product_brand","embeddable":true,"href":"https:\/\/one-horizon.ch\/fr\/wp-json\/wp\/v2\/product_brand?post=105635"},{"taxonomy":"product_cat","embeddable":true,"href":"https:\/\/one-horizon.ch\/fr\/wp-json\/wp\/v2\/product_cat?post=105635"},{"taxonomy":"product_tag","embeddable":true,"href":"https:\/\/one-horizon.ch\/fr\/wp-json\/wp\/v2\/product_tag?post=105635"}],"curies":[{"name":"wp","href":"https:\/\/api.w.org\/{rel}","templated":true}]}}