{"id":105680,"date":"2024-08-27T12:19:16","date_gmt":"2024-08-27T10:19:16","guid":{"rendered":"https:\/\/one-horizon.ch\/?post_type=product&#038;p=105680"},"modified":"2026-03-30T00:16:04","modified_gmt":"2026-03-29T22:16:04","slug":"remember-horloge-de-table-avec-reveil","status":"publish","type":"product","link":"https:\/\/one-horizon.ch\/fr\/product\/remember-horloge-de-table-avec-reveil\/","title":{"rendered":"Horloge de bureau avec r\u00e9veil"},"content":{"rendered":"<div class=\"flex-shrink-0 flex flex-col relative items-end\">\n<div class=\"pt-0\">\n<div class=\"gizmo-bot-avatar flex h-8 w-8 items-center justify-center overflow-hidden rounded-full\">\n<p>Donnez vie \u00e0 votre int\u00e9rieur avec cette horloge de bureau \u00e9l\u00e9gante et pratique, qui ne se distingue pas seulement par son design color\u00e9 et \u00e9pur\u00e9, mais aussi par sa fonctionnalit\u00e9. Que ce soit dans la salle de bain, la cuisine ou la chambre, cette horloge s&#8217;int\u00e8gre parfaitement dans n&#8217;importe quelle pi\u00e8ce et facilite la gestion du temps l\u00e0 o\u00f9 vous en avez le plus besoin. <\/p>\n<p>&nbsp;<\/p>\n<p><strong>Design &amp; Fonction<\/strong><br \/>\nL&#8217;horloge de bureau se caract\u00e9rise par des lignes \u00e9pur\u00e9es et un cadran r\u00e9duit qui indique l&#8217;heure sans distractions inutiles. Les aiguilles se pr\u00e9sentent dans des couleurs vives et concises qui contrastent agr\u00e9ablement avec la sobri\u00e9t\u00e9 du cadran et facilitent ainsi la lecture de l&#8217;heure. La vari\u00e9t\u00e9 des combinaisons de couleurs disponibles vous permet de choisir la montre parfaite pour votre style et votre int\u00e9rieur.  <\/p>\n<p>&nbsp;<\/p>\n<p><strong>Mouvement ultra-silencieux<\/strong><br \/>\nProfitez d&#8217;un calme absolu pendant les heures nocturnes gr\u00e2ce au mouvement \u00e0 quartz silencieux. Cette fonction est particuli\u00e8rement avantageuse dans les chambres \u00e0 coucher, car elle favorise l&#8217;endormissement et la continuit\u00e9 du sommeil sans \u00eatre d\u00e9rang\u00e9 par des tic-tac. <\/p>\n<p>&nbsp;<\/p>\n<p><strong>Facile \u00e0 utiliser<\/strong><br \/>\nL&#8217;horloge de bureau est \u00e9quip\u00e9e d&#8217;un simple interrupteur \u00e0 l&#8217;arri\u00e8re qui permet d&#8217;allumer et d&#8217;\u00e9teindre le r\u00e9veil. Cela rend l&#8217;utilisation de l&#8217;horloge simple et conviviale. Pour r\u00e9gler l&#8217;heure et l&#8217;alarme, ainsi que pour changer la pile, il suffit d&#8217;ouvrir une trappe facile d&#8217;acc\u00e8s \u00e0 l&#8217;arri\u00e8re.  <\/p>\n<p>&nbsp;<\/p>\n<p><strong>D\u00e9tails techniques<\/strong><\/p>\n<ul>\n<li>Type : Horloge de bureau avec fonction r\u00e9veil<\/li>\n<li>Mouvement : Quartz<\/li>\n<li>Fonctionnement : 1 pile AA (non incluse)<\/li>\n<li>Dimensions : 4 x 9 x 9 cm<\/li>\n<li>Poids : 210 g<\/li>\n<\/ul>\n<p>&nbsp;<\/p>\n<p>Cette horloge de bureau color\u00e9e est le garde-temps id\u00e9al pour tous ceux qui accordent de l&#8217;importance \u00e0 la fonctionnalit\u00e9 et au style. Choisissez votre mod\u00e8le et mettez de la couleur et du confort dans votre quotidien ! Id\u00e9al pour un usage personnel ou comme cadeau de bon go\u00fbt.  <\/p>\n<\/div>\n<\/div>\n<\/div>\n","protected":false},"excerpt":{"rendered":"<p>L&#8217;horloge de bureau avec r\u00e9veil Remember se distingue par son design color\u00e9 et \u00e9pur\u00e9. Avec ses aiguilles concises et son mouvement \u00e0 quartz silencieux, elle est parfaite pour toutes les pi\u00e8ces, de la cuisine \u00e0 la chambre \u00e0 coucher. <\/p>\n","protected":false},"featured_media":105703,"comment_status":"open","ping_status":"closed","template":"","meta":{"_acf_changed":false},"product_brand":[3039],"product_cat":[1297],"product_tag":[],"class_list":{"0":"post-105680","1":"product","2":"type-product","3":"status-publish","4":"has-post-thumbnail","6":"product_brand-remember","7":"product_cat-accessoires-dinterieur","8":"product_shipping_class-colis-jusqua-2-kg","9":"pa_farbe-garden-fr","10":"pa_farbe-midnight-fr","11":"pa_farbe-sable","12":"pa_farbe-sky-fr","14":"first","15":"onbackorder","16":"taxable","17":"shipping-taxable","18":"purchasable","19":"product-type-variable"},"acf":[],"_links":{"self":[{"href":"https:\/\/one-horizon.ch\/fr\/wp-json\/wp\/v2\/product\/105680","targetHints":{"allow":["GET"]}}],"collection":[{"href":"https:\/\/one-horizon.ch\/fr\/wp-json\/wp\/v2\/product"}],"about":[{"href":"https:\/\/one-horizon.ch\/fr\/wp-json\/wp\/v2\/types\/product"}],"replies":[{"embeddable":true,"href":"https:\/\/one-horizon.ch\/fr\/wp-json\/wp\/v2\/comments?post=105680"}],"wp:featuredmedia":[{"embeddable":true,"href":"https:\/\/one-horizon.ch\/fr\/wp-json\/wp\/v2\/media\/105703"}],"wp:attachment":[{"href":"https:\/\/one-horizon.ch\/fr\/wp-json\/wp\/v2\/media?parent=105680"}],"wp:term":[{"taxonomy":"product_brand","embeddable":true,"href":"https:\/\/one-horizon.ch\/fr\/wp-json\/wp\/v2\/product_brand?post=105680"},{"taxonomy":"product_cat","embeddable":true,"href":"https:\/\/one-horizon.ch\/fr\/wp-json\/wp\/v2\/product_cat?post=105680"},{"taxonomy":"product_tag","embeddable":true,"href":"https:\/\/one-horizon.ch\/fr\/wp-json\/wp\/v2\/product_tag?post=105680"}],"curies":[{"name":"wp","href":"https:\/\/api.w.org\/{rel}","templated":true}]}}