{"id":105808,"date":"2024-08-27T13:00:22","date_gmt":"2024-08-27T11:00:22","guid":{"rendered":"https:\/\/one-horizon.ch\/?post_type=product&#038;p=105808"},"modified":"2026-03-30T00:15:49","modified_gmt":"2026-03-29T22:15:49","slug":"remember-handfaeches","status":"publish","type":"product","link":"https:\/\/one-horizon.ch\/fr\/product\/remember-handfaeches\/","title":{"rendered":"\u00c9ventails \u00e0 main"},"content":{"rendered":"<div class=\"flex-shrink-0 flex flex-col relative items-end\">\n<div class=\"pt-0\">\n<div class=\"gizmo-bot-avatar flex h-8 w-8 items-center justify-center overflow-hidden rounded-full\">\n<p><strong>\u00c9l\u00e9gant \u00e9ventail \u00e0 main aux couleurs fra\u00eeches<\/strong><\/p>\n<p>Pour les clients soucieux de leur style et qui souhaitent garder la t\u00eate froide m\u00eame lorsqu&#8217;il fait chaud, notre gamme pr\u00e9sente cet \u00e9l\u00e9gant \u00e9ventail \u00e0 main. La combinaison parfaite entre fonctionnalit\u00e9 et style en fait le compagnon id\u00e9al dans toutes les situations, que ce soit \u00e0 la plage, au bureau ou pendant une sortie au th\u00e9\u00e2tre. <\/p>\n<p>&nbsp;<\/p>\n<p>Cet \u00e9ventail tr\u00e8s tendance s&#8217;int\u00e8gre parfaitement \u00e0 toutes les tenues et offre un rafra\u00eechissement agr\u00e9able gr\u00e2ce \u00e0 ses mat\u00e9riaux de qualit\u00e9. Fabriqu\u00e9 \u00e0 partir de bois de lotus fin et d&#8217;une combinaison de polyester et de coton, cet \u00e9ventail \u00e0 main se distingue par sa durabilit\u00e9 et son design attrayant dans des couleurs fra\u00eeches. <\/p>\n<p>&nbsp;<\/p>\n<p>Avec ses dimensions de 22,8 x 41 cm lorsqu&#8217;il est d\u00e9pli\u00e9, l&#8217;\u00e9ventail est suffisamment grand pour fournir efficacement une bouff\u00e9e d&#8217;air frais, tout en \u00e9tant suffisamment compact pour \u00eatre emport\u00e9 partout. Pour un rangement pratique et une protection lorsqu&#8217;il n&#8217;est pas utilis\u00e9, l&#8217;\u00e9ventail est livr\u00e9 dans un \u00e9l\u00e9gant sac 100% coton. <\/p>\n<p>&nbsp;<\/p>\n<p>Offrez \u00e0 vous-m\u00eame ou \u00e0 vos clients un cadeau non seulement pratique, mais aussi esth\u00e9tique. Misez sur cet \u00e9l\u00e9gant \u00e9ventail \u00e0 main pour vous rafra\u00eechir avec style. <\/p>\n<p>&nbsp;<\/p>\n<p>Commandez d\u00e8s maintenant et profitez de l&#8217;\u00e9t\u00e9 avec style !<\/p>\n<\/div>\n<\/div>\n<\/div>\n","protected":false},"excerpt":{"rendered":"<p>\u00c9l\u00e9gant \u00e9ventail \u00e0 main aux couleurs fra\u00eeches, en bois de lotus, polyester &amp; coton. Id\u00e9al pour la plage, le bureau &amp; le th\u00e9\u00e2tre.  Incl. Sac en coton. Dimensions : 22,8 x 41 cm. R\u00e9frig\u00e9rer avec style !  <\/p>\n","protected":false},"featured_media":105825,"comment_status":"open","ping_status":"closed","template":"","meta":{"_acf_changed":false},"product_brand":[3039],"product_cat":[945],"product_tag":[],"class_list":{"0":"post-105808","1":"product","2":"type-product","3":"status-publish","4":"has-post-thumbnail","6":"product_brand-remember","7":"product_cat-oakywood-fr-2","8":"product_shipping_class-colis-jusqua-2-kg","9":"pa_farbe-costa-fr","10":"pa_farbe-la-havane","11":"pa_farbe-lorenzo-fr","13":"first","14":"outofstock","15":"taxable","16":"shipping-taxable","17":"purchasable","18":"product-type-variable"},"acf":[],"_links":{"self":[{"href":"https:\/\/one-horizon.ch\/fr\/wp-json\/wp\/v2\/product\/105808","targetHints":{"allow":["GET"]}}],"collection":[{"href":"https:\/\/one-horizon.ch\/fr\/wp-json\/wp\/v2\/product"}],"about":[{"href":"https:\/\/one-horizon.ch\/fr\/wp-json\/wp\/v2\/types\/product"}],"replies":[{"embeddable":true,"href":"https:\/\/one-horizon.ch\/fr\/wp-json\/wp\/v2\/comments?post=105808"}],"wp:featuredmedia":[{"embeddable":true,"href":"https:\/\/one-horizon.ch\/fr\/wp-json\/wp\/v2\/media\/105825"}],"wp:attachment":[{"href":"https:\/\/one-horizon.ch\/fr\/wp-json\/wp\/v2\/media?parent=105808"}],"wp:term":[{"taxonomy":"product_brand","embeddable":true,"href":"https:\/\/one-horizon.ch\/fr\/wp-json\/wp\/v2\/product_brand?post=105808"},{"taxonomy":"product_cat","embeddable":true,"href":"https:\/\/one-horizon.ch\/fr\/wp-json\/wp\/v2\/product_cat?post=105808"},{"taxonomy":"product_tag","embeddable":true,"href":"https:\/\/one-horizon.ch\/fr\/wp-json\/wp\/v2\/product_tag?post=105808"}],"curies":[{"name":"wp","href":"https:\/\/api.w.org\/{rel}","templated":true}]}}