{"id":106015,"date":"2024-08-27T14:52:15","date_gmt":"2024-08-27T12:52:15","guid":{"rendered":"https:\/\/one-horizon.ch\/product\/tapis-de-pied-coupe-de-hiboux-comme-des-coqs\/"},"modified":"2026-03-30T00:16:04","modified_gmt":"2026-03-29T22:16:04","slug":"tapis-de-pied-coupe-de-hiboux-comme-des-coqs","status":"publish","type":"product","link":"https:\/\/one-horizon.ch\/fr\/product\/tapis-de-pied-coupe-de-hiboux-comme-des-coqs\/","title":{"rendered":"Paillasson &#8211; Comme il est bon de te voir"},"content":{"rendered":"<p>Le paillasson &#8220;Wie Sch\u00f6n, dass du da bist&#8221;, fabriqu\u00e9 \u00e0 partir de fibres de noix de coco authentiques, attire un sourire chaleureux \u00e0 vos invit\u00e9s d\u00e8s le seuil de la porte. Son design se distingue par des inscriptions soigneusement \u00e9crites \u00e0 la main, aux courbes \u00e9l\u00e9gantes, qui conf\u00e8rent \u00e0 chaque entr\u00e9e un caract\u00e8re noble. Fabriqu\u00e9 \u00e0 100% en fibre de coco, la face avant offre un aspect naturel, tandis que la face inf\u00e9rieure en vinyle antid\u00e9rapant maintient le tapis en place de mani\u00e8re stable et s\u00fbre. Avec ses dimensions d&#8217;environ 75 x 45 cm, il est un compl\u00e9ment id\u00e9al pour tous les types d&#8217;entr\u00e9es et est disponible dans une s\u00e9rie de motifs attrayants.   <\/p>\n<p>&nbsp;<\/p>\n<p>Veuillez noter : ce paillasson en fibre de coco est con\u00e7u pour une utilisation en int\u00e9rieur et ne doit pas \u00eatre expos\u00e9 directement aux intemp\u00e9ries telles que la neige, la pluie ou le gel, afin de pr\u00e9server les inscriptions et d&#8217;\u00e9viter toute d\u00e9coloration du support.<\/p>\n<p>&nbsp;<\/p>\n<p><strong>Caract\u00e9ristiques<\/strong><\/p>\n<ul>\n<li>\u00c9criture manuscrite pour une touche personnelle<\/li>\n<li>Fibres de coco naturelles pour un toucher de haute qualit\u00e9<\/li>\n<li>Dos en vinyle antid\u00e9rapant pour une s\u00e9curit\u00e9 accrue<\/li>\n<li>Une taille parfaite pour chaque entr\u00e9e<\/li>\n<\/ul>\n<p>&nbsp;<\/p>\n<p><strong>Mat\u00e9riaux<\/strong><\/p>\n<ul>\n<li>Recto : 100% fibres de coco<\/li>\n<li>Dos : vinyle<\/li>\n<\/ul>\n<p>&nbsp;<\/p>\n<p><strong>Conseils d&#8217;entretien<\/strong><br \/>\nPour nettoyer le paillasson Wie Sch\u00f6n, il suffit de le secouer vigoureusement ou de passer l&#8217;aspirateur s&#8217;il est l\u00e9g\u00e8rement sale. \u00c9vitez l&#8217;humidit\u00e9 permanente afin de prot\u00e9ger le design et d&#8217;assurer la long\u00e9vit\u00e9 du paillasson. Il est recommand\u00e9 de n&#8217;utiliser le tapis qu&#8217;\u00e0 l&#8217;int\u00e9rieur.  <\/p>\n","protected":false},"excerpt":{"rendered":"<p>Paillasson &#8220;Comme c&#8217;est beau&#8221; en 100% fibres de coco avec une inscription noble \u00e9crite \u00e0 la main. Antid\u00e9rapant, id\u00e9al pour l&#8217;int\u00e9rieur. Dimensions : environ 75 x 45 cm. Facile d&#8217;entretien et \u00e9l\u00e9gant.   <\/p>\n","protected":false},"featured_media":105697,"comment_status":"open","ping_status":"closed","template":"","meta":{"_acf_changed":false},"product_brand":[3004],"product_cat":[1297],"product_tag":[3359],"class_list":{"0":"post-106015","1":"product","2":"type-product","3":"status-publish","4":"has-post-thumbnail","6":"product_brand-eulenschnitt","7":"product_cat-accessoires-dinterieur","8":"product_tag-anniversaire","9":"product_shipping_class-colis-jusqua-2-kg","11":"first","12":"instock","13":"taxable","14":"shipping-taxable","15":"purchasable","16":"product-type-simple"},"acf":[],"_links":{"self":[{"href":"https:\/\/one-horizon.ch\/fr\/wp-json\/wp\/v2\/product\/106015","targetHints":{"allow":["GET"]}}],"collection":[{"href":"https:\/\/one-horizon.ch\/fr\/wp-json\/wp\/v2\/product"}],"about":[{"href":"https:\/\/one-horizon.ch\/fr\/wp-json\/wp\/v2\/types\/product"}],"replies":[{"embeddable":true,"href":"https:\/\/one-horizon.ch\/fr\/wp-json\/wp\/v2\/comments?post=106015"}],"wp:featuredmedia":[{"embeddable":true,"href":"https:\/\/one-horizon.ch\/fr\/wp-json\/wp\/v2\/media\/105697"}],"wp:attachment":[{"href":"https:\/\/one-horizon.ch\/fr\/wp-json\/wp\/v2\/media?parent=106015"}],"wp:term":[{"taxonomy":"product_brand","embeddable":true,"href":"https:\/\/one-horizon.ch\/fr\/wp-json\/wp\/v2\/product_brand?post=106015"},{"taxonomy":"product_cat","embeddable":true,"href":"https:\/\/one-horizon.ch\/fr\/wp-json\/wp\/v2\/product_cat?post=106015"},{"taxonomy":"product_tag","embeddable":true,"href":"https:\/\/one-horizon.ch\/fr\/wp-json\/wp\/v2\/product_tag?post=106015"}],"curies":[{"name":"wp","href":"https:\/\/api.w.org\/{rel}","templated":true}]}}