{"id":106764,"date":"2024-08-28T07:03:57","date_gmt":"2024-08-28T05:03:57","guid":{"rendered":"https:\/\/one-horizon.ch\/?post_type=product&#038;p=106764"},"modified":"2026-03-30T00:15:19","modified_gmt":"2026-03-29T22:15:19","slug":"horloge-murale-remember","status":"publish","type":"product","link":"https:\/\/one-horizon.ch\/fr\/product\/horloge-murale-remember\/","title":{"rendered":"Horloge murale"},"content":{"rendered":"<div class=\"flex-shrink-0 flex flex-col relative items-end\">\n<div class=\"pt-0\">\n<div class=\"gizmo-bot-avatar flex h-8 w-8 items-center justify-center overflow-hidden rounded-full\">\n<p>\u00c9l\u00e9gante et minimaliste : cette \u00e9l\u00e9gante horloge murale Remember se distingue par son design \u00e9pur\u00e9 et sans fioritures qui s&#8217;int\u00e8gre parfaitement dans n&#8217;importe quel int\u00e9rieur &#8211; id\u00e9al pour la cuisine, le salon, la salle de bain ou tout autre endroit o\u00f9 vous souhaitez garder l&#8217;\u0153il sur l&#8217;heure. Le mouvement \u00e0 quartz pr\u00e9cis garantit non seulement une lecture pr\u00e9cise de l&#8217;heure, mais il est \u00e9galement si silencieux que vous l&#8217;entendrez \u00e0 peine. Chaque horloge est dot\u00e9e d&#8217;un design tricolore attrayant et d&#8217;un dispositif pratique \u00e0 l&#8217;arri\u00e8re pour l&#8217;accrocher facilement.  <\/p>\n<p>Une pile AA est n\u00e9cessaire pour le fonctionnement (non incluse).<\/p>\n<\/div>\n<\/div>\n<\/div>\n","protected":false},"excerpt":{"rendered":"<p>Horloge murale \u00e9l\u00e9gante et minimaliste au design tricolore. Parfait pour n&#8217;importe quelle pi\u00e8ce, avec un mouvement \u00e0 quartz silencieux. Facile \u00e0 installer. Pile AA n\u00e9cessaire (non incluse).   <\/p>\n","protected":false},"featured_media":106776,"comment_status":"open","ping_status":"closed","template":"","meta":{"_acf_changed":false},"product_brand":[3039],"product_cat":[1297],"product_tag":[],"class_list":{"0":"post-106764","1":"product","2":"type-product","3":"status-publish","4":"has-post-thumbnail","6":"product_brand-remember","7":"product_cat-accessoires-dinterieur","8":"product_shipping_class-colis-jusqua-2-kg","9":"pa_farbe-aqua-fr","10":"pa_farbe-mocca-fr","12":"first","13":"onbackorder","14":"taxable","15":"shipping-taxable","16":"purchasable","17":"product-type-variable"},"acf":[],"_links":{"self":[{"href":"https:\/\/one-horizon.ch\/fr\/wp-json\/wp\/v2\/product\/106764","targetHints":{"allow":["GET"]}}],"collection":[{"href":"https:\/\/one-horizon.ch\/fr\/wp-json\/wp\/v2\/product"}],"about":[{"href":"https:\/\/one-horizon.ch\/fr\/wp-json\/wp\/v2\/types\/product"}],"replies":[{"embeddable":true,"href":"https:\/\/one-horizon.ch\/fr\/wp-json\/wp\/v2\/comments?post=106764"}],"wp:featuredmedia":[{"embeddable":true,"href":"https:\/\/one-horizon.ch\/fr\/wp-json\/wp\/v2\/media\/106776"}],"wp:attachment":[{"href":"https:\/\/one-horizon.ch\/fr\/wp-json\/wp\/v2\/media?parent=106764"}],"wp:term":[{"taxonomy":"product_brand","embeddable":true,"href":"https:\/\/one-horizon.ch\/fr\/wp-json\/wp\/v2\/product_brand?post=106764"},{"taxonomy":"product_cat","embeddable":true,"href":"https:\/\/one-horizon.ch\/fr\/wp-json\/wp\/v2\/product_cat?post=106764"},{"taxonomy":"product_tag","embeddable":true,"href":"https:\/\/one-horizon.ch\/fr\/wp-json\/wp\/v2\/product_tag?post=106764"}],"curies":[{"name":"wp","href":"https:\/\/api.w.org\/{rel}","templated":true}]}}