{"id":106795,"date":"2024-08-28T07:16:10","date_gmt":"2024-08-28T05:16:10","guid":{"rendered":"https:\/\/one-horizon.ch\/?post_type=product&#038;p=106795"},"modified":"2026-03-30T00:15:16","modified_gmt":"2026-03-29T22:15:16","slug":"yamazaki-horloge-murale-en-bois","status":"publish","type":"product","link":"https:\/\/one-horizon.ch\/fr\/product\/yamazaki-horloge-murale-en-bois\/","title":{"rendered":"Horloge murale RIN"},"content":{"rendered":"<div class=\"flex-shrink-0 flex flex-col relative items-end\">\n<div class=\"pt-0\">\n<div class=\"gizmo-bot-avatar flex h-8 w-8 items-center justify-center overflow-hidden rounded-full\">\n<p>Ajoutez une touche de style minimaliste et d&#8217;\u00e9l\u00e9gance \u00e0 votre pi\u00e8ce avec l&#8217;horloge murale RIN de YAMAZAKI. Cette horloge moderne se caract\u00e9rise par une combinaison harmonieuse d&#8217;\u00e9l\u00e9ments en bois naturel et en acier robuste, qui cr\u00e9ent ensemble une esth\u00e9tique intemporelle. Disponible en deux couleurs classiques, noir et blanc, l&#8217;horloge murale RIN s&#8217;adapte parfaitement \u00e0 tout type d&#8217;int\u00e9rieur et compl\u00e8te aussi bien les int\u00e9rieurs traditionnels que modernes.  <\/p>\n<p>Le design de l&#8217;horloge RIN souligne la beaut\u00e9 des mat\u00e9riaux naturels, chaque pi\u00e8ce \u00e9tant unique ; veuillez noter qu&#8217;il peut y avoir de l\u00e9g\u00e8res variations dans la teinte et le motif du bois. Ces caract\u00e9ristiques font de chaque horloge une \u0153uvre d&#8217;art exclusive sur votre mur. <\/p>\n<p>&nbsp;<\/p>\n<p><strong>Caract\u00e9ristiques<\/strong><\/p>\n<ul>\n<li>Design intemporel avec des \u00e9l\u00e9ments en bois et en acier<\/li>\n<li>Disponible en noir et blanc<\/li>\n<li>Chaque montre est unique, avec des diff\u00e9rences individuelles dans la teinte et le motif du bois.<\/li>\n<li>Id\u00e9al pour les salons, les bureaux ou comme point d&#8217;orgue discret dans les pi\u00e8ces minimalistes<\/li>\n<\/ul>\n<p>&nbsp;<\/p>\n<p>Misez sur l&#8217;\u00e9l\u00e9gance simple et la fonctionnalit\u00e9 avec l&#8217;horloge murale RIN de YAMAZAKI.<\/p>\n<\/div>\n<\/div>\n<\/div>\n","protected":false},"excerpt":{"rendered":"<p>L&#8217;\u00e9l\u00e9gante horloge murale RIN de YAMAZAKI associe des \u00e9l\u00e9ments en bois et en acier de qualit\u00e9, en noir ou en blanc. Chaque pi\u00e8ce est unique et pr\u00e9sente des variations de motifs en bois. <\/p>\n","protected":false},"featured_media":106929,"comment_status":"open","ping_status":"closed","template":"","meta":{"_acf_changed":false},"product_brand":[3050],"product_cat":[1297],"product_tag":[],"class_list":{"0":"post-106795","1":"product","2":"type-product","3":"status-publish","4":"has-post-thumbnail","6":"product_brand-yamazaki","7":"product_cat-accessoires-dinterieur","8":"product_shipping_class-colis-jusqua-2-kg","9":"pa_farbe-blanc","10":"pa_farbe-noir","12":"first","13":"onbackorder","14":"taxable","15":"shipping-taxable","16":"purchasable","17":"product-type-variable"},"acf":[],"_links":{"self":[{"href":"https:\/\/one-horizon.ch\/fr\/wp-json\/wp\/v2\/product\/106795","targetHints":{"allow":["GET"]}}],"collection":[{"href":"https:\/\/one-horizon.ch\/fr\/wp-json\/wp\/v2\/product"}],"about":[{"href":"https:\/\/one-horizon.ch\/fr\/wp-json\/wp\/v2\/types\/product"}],"replies":[{"embeddable":true,"href":"https:\/\/one-horizon.ch\/fr\/wp-json\/wp\/v2\/comments?post=106795"}],"wp:featuredmedia":[{"embeddable":true,"href":"https:\/\/one-horizon.ch\/fr\/wp-json\/wp\/v2\/media\/106929"}],"wp:attachment":[{"href":"https:\/\/one-horizon.ch\/fr\/wp-json\/wp\/v2\/media?parent=106795"}],"wp:term":[{"taxonomy":"product_brand","embeddable":true,"href":"https:\/\/one-horizon.ch\/fr\/wp-json\/wp\/v2\/product_brand?post=106795"},{"taxonomy":"product_cat","embeddable":true,"href":"https:\/\/one-horizon.ch\/fr\/wp-json\/wp\/v2\/product_cat?post=106795"},{"taxonomy":"product_tag","embeddable":true,"href":"https:\/\/one-horizon.ch\/fr\/wp-json\/wp\/v2\/product_tag?post=106795"}],"curies":[{"name":"wp","href":"https:\/\/api.w.org\/{rel}","templated":true}]}}