{"id":107007,"date":"2024-08-28T07:46:51","date_gmt":"2024-08-28T05:46:51","guid":{"rendered":"https:\/\/one-horizon.ch\/?post_type=product&#038;p=107007"},"modified":"2026-03-30T00:15:04","modified_gmt":"2026-03-29T22:15:04","slug":"yamazaki-boite-de-rangement-favori","status":"publish","type":"product","link":"https:\/\/one-horizon.ch\/fr\/product\/yamazaki-boite-de-rangement-favori\/","title":{"rendered":"Bo\u00eete de rangement FAVORI"},"content":{"rendered":"<p>Ajoutez une touche d&#8217;\u00e9l\u00e9gance et de fonctionnalit\u00e9 \u00e0 l&#8217;am\u00e9nagement de votre espace avec la bo\u00eete de rangement FAVORI. Cette bo\u00eete n&#8217;attire pas seulement l&#8217;attention gr\u00e2ce \u00e0 son design \u00e9l\u00e9gant, elle constitue \u00e9galement une solution extr\u00eamement pratique pour organiser avec \u00e9l\u00e9gance un large \u00e9ventail d&#8217;objets tels que des jouets, des livres d&#8217;images, des cosm\u00e9tiques et d&#8217;autres accessoires. Sa caract\u00e9ristique unique, une \u00e9l\u00e9gante poign\u00e9e en bois, ne la distingue pas seulement visuellement des solutions de rangement traditionnelles, mais facilite \u00e9galement son transport d&#8217;une pi\u00e8ce \u00e0 l&#8217;autre.  <\/p>\n<p>&nbsp;<\/p>\n<p>La bo\u00eete de rangement FAVORI se distingue par sa beaut\u00e9 minimaliste qui s&#8217;int\u00e8gre parfaitement \u00e0 tout type d&#8217;espace, de la chambre d&#8217;enfant anim\u00e9e \u00e0 l&#8217;environnement de bureau professionnel. C&#8217;est la solution id\u00e9ale pour tous ceux qui souhaitent un environnement bien rang\u00e9, sans pour autant faire de compromis sur le style. Mettez fin au d\u00e9sordre et choisissez la FAVORI Box comme votre compagnon plus \u00e9l\u00e9gant et plus pratique pour une maison ordonn\u00e9e et styl\u00e9e.  <\/p>\n","protected":false},"excerpt":{"rendered":"<p>D\u00e9couvrez l&#8217;\u00e9l\u00e9gante bo\u00eete de rangement FAVORI &#8211; le m\u00e9lange parfait de style et de praticit\u00e9. Avec sa poign\u00e9e en bois et son design \u00e9pur\u00e9, elle permet d&#8217;organiser n&#8217;importe quel espace. <\/p>\n","protected":false},"featured_media":107012,"comment_status":"open","ping_status":"closed","template":"","meta":{"_acf_changed":false},"product_brand":[3050],"product_cat":[1302],"product_tag":[],"class_list":{"0":"post-107007","1":"product","2":"type-product","3":"status-publish","4":"has-post-thumbnail","6":"product_brand-yamazaki","7":"product_cat-rangement","8":"product_shipping_class-colis-jusqua-2-kg","9":"pa_farbe-blanc","10":"pa_farbe-marron","12":"first","13":"onbackorder","14":"taxable","15":"shipping-taxable","16":"purchasable","17":"product-type-variable"},"acf":[],"_links":{"self":[{"href":"https:\/\/one-horizon.ch\/fr\/wp-json\/wp\/v2\/product\/107007","targetHints":{"allow":["GET"]}}],"collection":[{"href":"https:\/\/one-horizon.ch\/fr\/wp-json\/wp\/v2\/product"}],"about":[{"href":"https:\/\/one-horizon.ch\/fr\/wp-json\/wp\/v2\/types\/product"}],"replies":[{"embeddable":true,"href":"https:\/\/one-horizon.ch\/fr\/wp-json\/wp\/v2\/comments?post=107007"}],"wp:featuredmedia":[{"embeddable":true,"href":"https:\/\/one-horizon.ch\/fr\/wp-json\/wp\/v2\/media\/107012"}],"wp:attachment":[{"href":"https:\/\/one-horizon.ch\/fr\/wp-json\/wp\/v2\/media?parent=107007"}],"wp:term":[{"taxonomy":"product_brand","embeddable":true,"href":"https:\/\/one-horizon.ch\/fr\/wp-json\/wp\/v2\/product_brand?post=107007"},{"taxonomy":"product_cat","embeddable":true,"href":"https:\/\/one-horizon.ch\/fr\/wp-json\/wp\/v2\/product_cat?post=107007"},{"taxonomy":"product_tag","embeddable":true,"href":"https:\/\/one-horizon.ch\/fr\/wp-json\/wp\/v2\/product_tag?post=107007"}],"curies":[{"name":"wp","href":"https:\/\/api.w.org\/{rel}","templated":true}]}}