{"id":107108,"date":"2024-08-28T08:07:12","date_gmt":"2024-08-28T06:07:12","guid":{"rendered":"https:\/\/one-horizon.ch\/?post_type=product&#038;p=107108"},"modified":"2026-03-30T00:15:01","modified_gmt":"2026-03-29T22:15:01","slug":"yamazaki-tower-chariot-de-rangement-avec-panier","status":"publish","type":"product","link":"https:\/\/one-horizon.ch\/fr\/product\/yamazaki-tower-chariot-de-rangement-avec-panier\/","title":{"rendered":"Chariot de rangement avec panier TOWER"},"content":{"rendered":"<p>Le chariot de rangement avec panier YAMAZAKI TOWER est la solution parfaite pour un rangement intelligent et mobile de vos articles m\u00e9nagers. Avec ses trois niveaux, ce chariot offre un espace g\u00e9n\u00e9reux pour divers ustensiles, des accessoires de cuisine aux accessoires de salle de bain en passant par les fournitures de bureau. <\/p>\n<p>Fabriqu\u00e9e \u00e0 partir de mat\u00e9riaux robustes, la TOWER est \u00e9quip\u00e9e de roulettes faciles \u00e0 man\u0153uvrer qui permettent de la d\u00e9placer sans effort d&#8217;une pi\u00e8ce \u00e0 l&#8217;autre. Que vous souhaitiez le placer \u00e0 c\u00f4t\u00e9 de votre poste de travail ou dans la cuisine, ce chariot s&#8217;adapte parfaitement \u00e0 tout environnement. <\/p>\n<p>Le panier sup\u00e9rieur du chariot est \u00e9quip\u00e9 d&#8217;une cloison r\u00e9glable qui permet de diviser l&#8217;espace de rangement de mani\u00e8re individuelle, de sorte que tout reste bien organis\u00e9, des petits trombones aux plus gros ustensiles de cuisine. Le chariot offre une capacit\u00e9 de charge maximale de 5 kg dans le panier, 2 kg sur la tablette centrale et 0,25 kg sur les crochets suppl\u00e9mentaires. <\/p>\n<p>Des crochets pratiques sur le c\u00f4t\u00e9 du chariot augmentent les possibilit\u00e9s de rangement, id\u00e9al pour suspendre des sacs, des tabliers ou des ustensiles de cuisine.<\/p>\n<p>Enrichissez votre maison ou votre bureau avec le chariot de rangement flexible et \u00e9l\u00e9gant avec panier YAMAZAKI TOWER, qui n&#8217;est pas seulement fonctionnel, mais qui attire \u00e9galement l&#8217;attention sur la modernit\u00e9. Id\u00e9al pour tous ceux qui attachent de l&#8217;importance \u00e0 l&#8217;ordre et \u00e0 la mobilit\u00e9. <\/p>\n","protected":false},"excerpt":{"rendered":"<p>Le chariot de rangement YAMAZAKI TOWER offre beaucoup d&#8217;espace avec 3 niveaux, une cloison r\u00e9glable et des crochets. Conception mobile avec des roues pour une utilisation flexible. Capacit\u00e9 de charge : 5kg\/panier, 2kg\/d\u00e9p\u00f4t.  <\/p>\n","protected":false},"featured_media":107113,"comment_status":"open","ping_status":"closed","template":"","meta":{"_acf_changed":false},"product_brand":[3050],"product_cat":[945],"product_tag":[],"class_list":{"0":"post-107108","1":"product","2":"type-product","3":"status-publish","4":"has-post-thumbnail","6":"product_brand-yamazaki","7":"product_cat-oakywood-fr-2","8":"product_shipping_class-colis-jusqua-10-kg","9":"pa_farbe-blanc","10":"pa_farbe-noir","12":"first","13":"onbackorder","14":"taxable","15":"shipping-taxable","16":"purchasable","17":"product-type-variable"},"acf":[],"_links":{"self":[{"href":"https:\/\/one-horizon.ch\/fr\/wp-json\/wp\/v2\/product\/107108","targetHints":{"allow":["GET"]}}],"collection":[{"href":"https:\/\/one-horizon.ch\/fr\/wp-json\/wp\/v2\/product"}],"about":[{"href":"https:\/\/one-horizon.ch\/fr\/wp-json\/wp\/v2\/types\/product"}],"replies":[{"embeddable":true,"href":"https:\/\/one-horizon.ch\/fr\/wp-json\/wp\/v2\/comments?post=107108"}],"wp:featuredmedia":[{"embeddable":true,"href":"https:\/\/one-horizon.ch\/fr\/wp-json\/wp\/v2\/media\/107113"}],"wp:attachment":[{"href":"https:\/\/one-horizon.ch\/fr\/wp-json\/wp\/v2\/media?parent=107108"}],"wp:term":[{"taxonomy":"product_brand","embeddable":true,"href":"https:\/\/one-horizon.ch\/fr\/wp-json\/wp\/v2\/product_brand?post=107108"},{"taxonomy":"product_cat","embeddable":true,"href":"https:\/\/one-horizon.ch\/fr\/wp-json\/wp\/v2\/product_cat?post=107108"},{"taxonomy":"product_tag","embeddable":true,"href":"https:\/\/one-horizon.ch\/fr\/wp-json\/wp\/v2\/product_tag?post=107108"}],"curies":[{"name":"wp","href":"https:\/\/api.w.org\/{rel}","templated":true}]}}