{"id":107184,"date":"2024-08-28T08:16:31","date_gmt":"2024-08-28T06:16:31","guid":{"rendered":"https:\/\/one-horizon.ch\/?post_type=product&#038;p=107184"},"modified":"2026-04-06T19:10:03","modified_gmt":"2026-04-06T17:10:03","slug":"yamazaki-table-console-avec-etagere-tour","status":"publish","type":"product","link":"https:\/\/one-horizon.ch\/fr\/product\/yamazaki-table-console-avec-etagere-tour\/","title":{"rendered":"Table console avec \u00e9tag\u00e8re TOWER"},"content":{"rendered":"<p><strong>Table console \u00e9l\u00e9gante avec espace de rangement<\/strong><\/p>\n<p>D\u00e9couvrez un m\u00e9lange optimal d&#8217;\u00e9l\u00e9gance et de fonctionnalit\u00e9 avec cette \u00e9l\u00e9gante table console avec \u00e9tag\u00e8re. Ce meuble s\u00e9duisant n&#8217;impressionne pas seulement par son design, mais offre \u00e9galement des espaces de rangement intelligents, id\u00e9aux pour tout int\u00e9rieur moderne. <\/p>\n<p><strong>Caract\u00e9ristiques du produit<\/strong><\/p>\n<ul>\n<li><strong>Mat\u00e9riaux :<\/strong> Cette table est fabriqu\u00e9e en bois de haute qualit\u00e9 et offre une structure robuste et \u00e9tendue.<\/li>\n<li><strong>Options de couleurs :<\/strong> Disponible dans les couleurs classiques noir et blanc, ce meuble s&#8217;int\u00e8gre parfaitement dans n&#8217;importe quel int\u00e9rieur.<\/li>\n<li><strong>Capacit\u00e9 de poids :<\/strong> Avec une capacit\u00e9 de charge allant jusqu&#8217;\u00e0 5 kg sur la surface et 4 kg sur la base inf\u00e9rieure.<\/li>\n<li><strong>Design :<\/strong> Dot\u00e9 d&#8217;une surface \u00e9l\u00e9gante et d&#8217;une porte discr\u00e8te qui dissimule un espace de rangement suppl\u00e9mentaire, il est id\u00e9al pour le rangement d&#8217;objets personnels ou pour une pr\u00e9sentation d\u00e9corative.<\/li>\n<li><strong>Polyvalence :<\/strong> Id\u00e9ale pour \u00eatre plac\u00e9e derri\u00e8re un canap\u00e9, la table n&#8217;ajoute pas seulement du style, mais cr\u00e9e \u00e9galement un espace de rangement pratique.<\/li>\n<\/ul>\n<p>&nbsp;<\/p>\n<p><strong>Assemblage :<\/strong> un assemblage est n\u00e9cessaire et toutes les instructions et pi\u00e8ces n\u00e9cessaires \u00e0 l&#8217;assemblage sont fournies.<\/p>\n<p>&nbsp;<\/p>\n<p>Cette table console avec \u00e9tag\u00e8re est le compl\u00e9ment parfait de tout espace de vie, pour une fonctionnalit\u00e9 et une valeur esth\u00e9tique accrues. Elle offre un espace de rangement id\u00e9al pour les livres, les objets d&#8217;art ou les essentiels quotidiens et cr\u00e9e une atmosph\u00e8re accueillante qui allie habilement design et praticit\u00e9. Disponible en deux tons neutres, cette table apporte une touche de style \u00e0 tous les int\u00e9rieurs.  <\/p>\n","protected":false},"excerpt":{"rendered":"<p>El\u00e9gante table console avec espace de rangement et plateau en bois styl\u00e9. Parfait pour ajouter du style et de la fonctionnalit\u00e9 \u00e0 votre salon. Disponible en noir et blanc. Peut supporter jusqu&#8217;\u00e0 5 kg. Montage n\u00e9cessaire.    <\/p>\n","protected":false},"featured_media":107196,"comment_status":"open","ping_status":"closed","template":"","meta":{"_acf_changed":false},"product_brand":[3050],"product_cat":[3270],"product_tag":[],"class_list":{"0":"post-107184","1":"product","2":"type-product","3":"status-publish","4":"has-post-thumbnail","6":"product_brand-yamazaki","7":"product_cat-tables-dappoint","8":"product_shipping_class-colis-jusqua-10-kg","9":"pa_farbe-blanc","10":"pa_farbe-noir","12":"first","13":"onbackorder","14":"taxable","15":"shipping-taxable","16":"purchasable","17":"product-type-variable"},"acf":[],"_links":{"self":[{"href":"https:\/\/one-horizon.ch\/fr\/wp-json\/wp\/v2\/product\/107184","targetHints":{"allow":["GET"]}}],"collection":[{"href":"https:\/\/one-horizon.ch\/fr\/wp-json\/wp\/v2\/product"}],"about":[{"href":"https:\/\/one-horizon.ch\/fr\/wp-json\/wp\/v2\/types\/product"}],"replies":[{"embeddable":true,"href":"https:\/\/one-horizon.ch\/fr\/wp-json\/wp\/v2\/comments?post=107184"}],"wp:featuredmedia":[{"embeddable":true,"href":"https:\/\/one-horizon.ch\/fr\/wp-json\/wp\/v2\/media\/107196"}],"wp:attachment":[{"href":"https:\/\/one-horizon.ch\/fr\/wp-json\/wp\/v2\/media?parent=107184"}],"wp:term":[{"taxonomy":"product_brand","embeddable":true,"href":"https:\/\/one-horizon.ch\/fr\/wp-json\/wp\/v2\/product_brand?post=107184"},{"taxonomy":"product_cat","embeddable":true,"href":"https:\/\/one-horizon.ch\/fr\/wp-json\/wp\/v2\/product_cat?post=107184"},{"taxonomy":"product_tag","embeddable":true,"href":"https:\/\/one-horizon.ch\/fr\/wp-json\/wp\/v2\/product_tag?post=107184"}],"curies":[{"name":"wp","href":"https:\/\/api.w.org\/{rel}","templated":true}]}}