{"id":107397,"date":"2024-08-28T08:27:08","date_gmt":"2024-08-28T06:27:08","guid":{"rendered":"https:\/\/one-horizon.ch\/?post_type=product&#038;p=107397"},"modified":"2026-04-07T23:20:29","modified_gmt":"2026-04-07T21:20:29","slug":"sac-de-culture-remember","status":"publish","type":"product","link":"https:\/\/one-horizon.ch\/fr\/product\/sac-de-culture-remember\/","title":{"rendered":"Trousse de toilette"},"content":{"rendered":"<div class=\"flex-shrink-0 flex flex-col relative items-end\">\n<div class=\"pt-0\">\n<div class=\"gizmo-bot-avatar flex h-8 w-8 items-center justify-center overflow-hidden rounded-full\">\n<p>Organisez vos essentiels de beaut\u00e9 avec style et efficacit\u00e9 ! Cette trousse compacte vous offre une vue d&#8217;ensemble parfaite et un acc\u00e8s rapide \u00e0 tous vos produits cosm\u00e9tiques et d&#8217;hygi\u00e8ne essentiels, tels que les pinceaux, les tubes, les flacons et les blisters. Dot\u00e9e de compartiments pratiques, de supports \u00e9lastiques et de deux poches zipp\u00e9es, elle vous permet de ranger vos produits de mani\u00e8re parfaitement ordonn\u00e9e. Avec cette trousse de toilette Remember, la recherche fastidieuse de pincettes ou de fil dentaire appartient d\u00e9finitivement au pass\u00e9. Elle est id\u00e9ale pour une utilisation \u00e0 la maison ou en d\u00e9placement.    <\/p>\n<p>&nbsp;<\/p>\n<p>La trousse de toilette fait partie de la gamme salle de bain Remember et s&#8217;harmonise parfaitement avec les tapis de bain, les serviettes et le set de gants de toilette correspondants, ce qui en fait un v\u00e9ritable accroche-regard.<\/p>\n<p>&nbsp;<\/p>\n<p><strong>D\u00e9tails du produit<\/strong><\/p>\n<ul>\n<li>Disponible en plusieurs combinaisons de couleurs \u00e9l\u00e9gantes<\/li>\n<li>Fabriqu\u00e9 \u00e0 partir d&#8217;un mat\u00e9riau robuste et hydrofuge<\/li>\n<li>Fermeture s\u00fbre et facile avec une fermeture \u00e0 glissi\u00e8re<\/li>\n<\/ul>\n<p>&nbsp;<\/p>\n<p>Dynamisez vos rituels de soins quotidiens avec cette trousse de toilette Remember fonctionnelle et tendance !<\/p>\n<\/div>\n<\/div>\n<\/div>\n","protected":false},"excerpt":{"rendered":"<p>Cette trousse de toilette styl\u00e9e garde tous vos produits de beaut\u00e9 et d&#8217;hygi\u00e8ne parfaitement organis\u00e9s gr\u00e2ce \u00e0 des compartiments et des supports pratiques. Fabriqu\u00e9e dans un mat\u00e9riau robuste et r\u00e9sistant \u00e0 l&#8217;eau, elle est disponible dans des couleurs chics. Id\u00e9ale pour la maison et les d\u00e9placements !  <\/p>\n","protected":false},"featured_media":107414,"comment_status":"open","ping_status":"closed","template":"","meta":{"_acf_changed":false},"product_brand":[3039],"product_cat":[1294],"product_tag":[3292,3295],"class_list":{"0":"post-107397","1":"product","2":"type-product","3":"status-publish","4":"has-post-thumbnail","6":"product_brand-remember","7":"product_cat-necessaires-fr","8":"product_tag-pour-lui","9":"product_tag-pour-vous","10":"product_shipping_class-colis-jusqua-2-kg","11":"pa_farbe-berry-fr","12":"pa_farbe-lime-fr","13":"pa_farbe-ocean-fr","15":"first","16":"onbackorder","17":"taxable","18":"shipping-taxable","19":"purchasable","20":"product-type-variable"},"acf":[],"_links":{"self":[{"href":"https:\/\/one-horizon.ch\/fr\/wp-json\/wp\/v2\/product\/107397","targetHints":{"allow":["GET"]}}],"collection":[{"href":"https:\/\/one-horizon.ch\/fr\/wp-json\/wp\/v2\/product"}],"about":[{"href":"https:\/\/one-horizon.ch\/fr\/wp-json\/wp\/v2\/types\/product"}],"replies":[{"embeddable":true,"href":"https:\/\/one-horizon.ch\/fr\/wp-json\/wp\/v2\/comments?post=107397"}],"wp:featuredmedia":[{"embeddable":true,"href":"https:\/\/one-horizon.ch\/fr\/wp-json\/wp\/v2\/media\/107414"}],"wp:attachment":[{"href":"https:\/\/one-horizon.ch\/fr\/wp-json\/wp\/v2\/media?parent=107397"}],"wp:term":[{"taxonomy":"product_brand","embeddable":true,"href":"https:\/\/one-horizon.ch\/fr\/wp-json\/wp\/v2\/product_brand?post=107397"},{"taxonomy":"product_cat","embeddable":true,"href":"https:\/\/one-horizon.ch\/fr\/wp-json\/wp\/v2\/product_cat?post=107397"},{"taxonomy":"product_tag","embeddable":true,"href":"https:\/\/one-horizon.ch\/fr\/wp-json\/wp\/v2\/product_tag?post=107397"}],"curies":[{"name":"wp","href":"https:\/\/api.w.org\/{rel}","templated":true}]}}