{"id":107438,"date":"2024-08-28T08:42:52","date_gmt":"2024-08-28T06:42:52","guid":{"rendered":"https:\/\/one-horizon.ch\/?post_type=product&#038;p=107438"},"modified":"2026-04-02T14:53:16","modified_gmt":"2026-04-02T12:53:16","slug":"raumgestalt-woodtower","status":"publish","type":"product","link":"https:\/\/one-horizon.ch\/fr\/product\/raumgestalt-woodtower\/","title":{"rendered":"WoodTower"},"content":{"rendered":"<div class=\"flex-shrink-0 flex flex-col relative items-end\">\n<div class=\"pt-0\">\n<div class=\"gizmo-bot-avatar flex h-8 w-8 items-center justify-center overflow-hidden rounded-full\">\n<p>Ajoutez une touche d&#8217;\u00e9l\u00e9gance et de fonctionnalit\u00e9 pratique \u00e0 votre espace de vie avec la WoodTower, un support \u00e9l\u00e9gant pour le stockage des b\u00fbches. Con\u00e7u par le designer viennois f. maurer, ce produit combine le meilleur du design et de l&#8217;utilit\u00e9. Le WoodTower n&#8217;est pas seulement un compagnon utile pendant les mois froids, c&#8217;est aussi un \u00e9l\u00e9ment d\u00e9coratif qui s&#8217;adapte \u00e0 tous les styles d&#8217;int\u00e9rieur.  <\/p>\n<p>&nbsp;<\/p>\n<p><strong>D\u00e9tails du produit<\/strong><\/p>\n<ul>\n<li><strong>Mat\u00e9riaux :<\/strong> La WoodTower est fabriqu\u00e9e en acier forg\u00e9 \u00e0 la main et disponible en deux finitions exclusives &#8211; galvanis\u00e9e pour un aspect brillant et moderne et calamin\u00e9e pour offrir une surface robuste et pleine de caract\u00e8re.<\/li>\n<li><strong>Dimensions :<\/strong> Avec une hauteur de 70 cm et une largeur de 1,00 m, le WoodTower offre suffisamment d&#8217;espace pour vos b\u00fbches tout en \u00e9tant suffisamment compact pour trouver une place ad\u00e9quate dans chaque pi\u00e8ce.<\/li>\n<li><strong>Design by f maurer | vienna :<\/strong> d\u00e9couvrez un produit dont le design allie le chic urbain et la praticit\u00e9. Ses lignes \u00e9pur\u00e9es et ses finitions de qualit\u00e9 font du WoodTower un accessoire indispensable pour tout amateur de feu de chemin\u00e9e cr\u00e9pitant. <\/li>\n<\/ul>\n<p>&nbsp;<\/p>\n<p><strong>Avantages<\/strong><\/p>\n<ul>\n<li><strong>Rangement et accessibilit\u00e9 :<\/strong> remplissez le WoodTower de b\u00fbches pour avoir toujours du bois de chauffage \u00e0 port\u00e9e de main &#8211; id\u00e9al pour une utilisation \u00e0 c\u00f4t\u00e9 de votre chemin\u00e9e ou po\u00eale \u00e0 bois.<\/li>\n<li><strong>Durabilit\u00e9 :<\/strong> choisissez entre deux finitions de mat\u00e9riaux robustes qui ne sont pas seulement agr\u00e9ables \u00e0 l&#8217;\u0153il, mais qui promettent \u00e9galement une longue dur\u00e9e de vie.<\/li>\n<li><strong>Un design \u00e9l\u00e9gant :<\/strong> que ce soit dans une maison de campagne confortable ou dans un appartement urbain moderne, la WoodTower s&#8217;int\u00e8gre parfaitement dans tous les styles d&#8217;habitation et apporte une touche attrayante.<\/li>\n<\/ul>\n<p>&nbsp;<\/p>\n<p>Avec le WoodTower, vous optez pour une solution esth\u00e9tique et pratique pour stocker votre bois de chauffage. Permettez-vous de profiter de l&#8217;atmosph\u00e8re d&#8217;un bon feu de mani\u00e8re encore plus simple et \u00e9l\u00e9gante. <\/p>\n<\/div>\n<\/div>\n<\/div>\n","protected":false},"excerpt":{"rendered":"<p>D\u00e9couvrez le WoodTower de f. maurer, le support \u00e9l\u00e9gant en acier forg\u00e9 \u00e0 la main pour vos b\u00fbches. Disponible en version galvanis\u00e9e ou \u00e9tam\u00e9e, il s&#8217;int\u00e8gre parfaitement dans tous les int\u00e9rieurs et garde votre bois de chauffage \u00e0 port\u00e9e de main. <\/p>\n","protected":false},"featured_media":107512,"comment_status":"open","ping_status":"closed","template":"","meta":{"_acf_changed":false},"product_brand":[3038],"product_cat":[1364],"product_tag":[],"class_list":{"0":"post-107438","1":"product","2":"type-product","3":"status-publish","4":"has-post-thumbnail","6":"product_brand-raumgestalt","7":"product_cat-jardin-et-exterieur","8":"product_shipping_class-colis-jusqua-10-kg","9":"pa_grosse-100x40-cm-fr","10":"pa_grosse-100x70-cm-fr","11":"pa_grosse-150x40-cm-fr","12":"pa_grosse-70x100-cm-fr","14":"first","15":"onbackorder","16":"taxable","17":"shipping-taxable","18":"purchasable","19":"product-type-variable"},"acf":[],"_links":{"self":[{"href":"https:\/\/one-horizon.ch\/fr\/wp-json\/wp\/v2\/product\/107438","targetHints":{"allow":["GET"]}}],"collection":[{"href":"https:\/\/one-horizon.ch\/fr\/wp-json\/wp\/v2\/product"}],"about":[{"href":"https:\/\/one-horizon.ch\/fr\/wp-json\/wp\/v2\/types\/product"}],"replies":[{"embeddable":true,"href":"https:\/\/one-horizon.ch\/fr\/wp-json\/wp\/v2\/comments?post=107438"}],"wp:featuredmedia":[{"embeddable":true,"href":"https:\/\/one-horizon.ch\/fr\/wp-json\/wp\/v2\/media\/107512"}],"wp:attachment":[{"href":"https:\/\/one-horizon.ch\/fr\/wp-json\/wp\/v2\/media?parent=107438"}],"wp:term":[{"taxonomy":"product_brand","embeddable":true,"href":"https:\/\/one-horizon.ch\/fr\/wp-json\/wp\/v2\/product_brand?post=107438"},{"taxonomy":"product_cat","embeddable":true,"href":"https:\/\/one-horizon.ch\/fr\/wp-json\/wp\/v2\/product_cat?post=107438"},{"taxonomy":"product_tag","embeddable":true,"href":"https:\/\/one-horizon.ch\/fr\/wp-json\/wp\/v2\/product_tag?post=107438"}],"curies":[{"name":"wp","href":"https:\/\/api.w.org\/{rel}","templated":true}]}}