{"id":107565,"date":"2024-08-28T09:06:44","date_gmt":"2024-08-28T07:06:44","guid":{"rendered":"https:\/\/one-horizon.ch\/?post_type=product&#038;p=107565"},"modified":"2026-04-06T19:10:00","modified_gmt":"2026-04-06T17:10:00","slug":"designbite-serviteur-rond","status":"publish","type":"product","link":"https:\/\/one-horizon.ch\/fr\/product\/designbite-serviteur-rond\/","title":{"rendered":"Chariot de service"},"content":{"rendered":"<div class=\"flex-shrink-0 flex flex-col relative items-end\">\n<div class=\"pt-0\">\n<div class=\"gizmo-bot-avatar flex h-8 w-8 items-center justify-center overflow-hidden rounded-full\">\n<p>D\u00e9couvrez le &#8220;Big Hug&#8221;, le chariot de service moderne de DesignBite, o\u00f9 la praticit\u00e9 rencontre le design avanc\u00e9. Cette pi\u00e8ce combine une construction enti\u00e8rement m\u00e9tallique de haute qualit\u00e9 avec des lignes g\u00e9om\u00e9triques sophistiqu\u00e9es et \u00e9quilibr\u00e9es qui donnent une toute nouvelle dimension au chariot de service classique. <\/p>\n<p>&nbsp;<\/p>\n<p><strong>Couleurs et mat\u00e9riaux<\/strong><br \/>\nLe &#8220;Big Hug&#8221; est propos\u00e9 en deux teintes sobres &#8211; gris et bleu. Ces couleurs compl\u00e8tent parfaitement toute d\u00e9coration int\u00e9rieure. Une couche de li\u00e8ge naturel sur chaque \u00e9tag\u00e8re ajoute une texture chaleureuse et offre un support suppl\u00e9mentaire pour vos objets.  <\/p>\n<p>&nbsp;<\/p>\n<p><strong>Dimensions<\/strong><br \/>\nAvec ses dimensions de 44x44x57 cm, ce meuble polyvalent s&#8217;int\u00e8gre parfaitement dans les environnements les plus divers.<\/p>\n<p>&nbsp;<\/p>\n<p><strong>Caract\u00e9ristiques sp\u00e9ciales<\/strong><\/p>\n<ul>\n<li><strong>Tablettes sur\u00e9lev\u00e9es :<\/strong> la s\u00e9curit\u00e9 avant tout. Les bords sur\u00e9lev\u00e9s sp\u00e9cialement con\u00e7us sur les tablettes emp\u00eachent les objets de tomber. <\/li>\n<li><strong>Roues en caoutchouc :<\/strong> les roues qui roulent presque silencieusement permettent un d\u00e9placement facile et fluide \u00e0 travers vos locaux.<\/li>\n<li><strong>les rev\u00eatements en li\u00e8ge :<\/strong> ils am\u00e9liorent non seulement l&#8217;esth\u00e9tique, mais aussi la fonctionnalit\u00e9 en apportant une stabilit\u00e9 suppl\u00e9mentaire.<\/li>\n<\/ul>\n<p>&nbsp;<\/p>\n<p><strong>Polyvalent<\/strong><br \/>\nLe &#8220;Big Hug&#8221; est id\u00e9al pour pr\u00e9senter avec style vos boissons pr\u00e9f\u00e9r\u00e9es, servir de rangement pratique dans votre bureau \u00e0 domicile ou briller en tant qu&#8217;aide \u00e9l\u00e9gante lors de votre prochaine f\u00eate.<\/p>\n<p>&nbsp;<\/p>\n<p>Mettez l&#8217;accent sur un design moderne et une polyvalence pratique avec le chariot de service &#8220;Big Hug&#8221; de DesignBite. Un must pour tout int\u00e9rieur moderne. <\/p>\n<\/div>\n<\/div>\n<\/div>\n","protected":false},"excerpt":{"rendered":"<p>D\u00e9couvrez &#8220;Big Hug&#8221; de DesignBite : un chariot de service moderne tout en m\u00e9tal gris\/bleu avec des roues en caoutchouc silencieuses, des supports en li\u00e8ge &amp; des \u00e9tag\u00e8res sur\u00e9lev\u00e9es. 44x44x57 cm. <\/p>\n","protected":false},"featured_media":107585,"comment_status":"open","ping_status":"closed","template":"","meta":{"_acf_changed":false},"product_brand":[2996],"product_cat":[3270],"product_tag":[],"class_list":{"0":"post-107565","1":"product","2":"type-product","3":"status-publish","4":"has-post-thumbnail","6":"product_brand-designbite","7":"product_cat-tables-dappoint","8":"product_shipping_class-colis-jusqua-10-kg","9":"pa_farbe-bleu","10":"pa_farbe-gris","12":"first","13":"onbackorder","14":"taxable","15":"shipping-taxable","16":"purchasable","17":"product-type-variable"},"acf":[],"_links":{"self":[{"href":"https:\/\/one-horizon.ch\/fr\/wp-json\/wp\/v2\/product\/107565","targetHints":{"allow":["GET"]}}],"collection":[{"href":"https:\/\/one-horizon.ch\/fr\/wp-json\/wp\/v2\/product"}],"about":[{"href":"https:\/\/one-horizon.ch\/fr\/wp-json\/wp\/v2\/types\/product"}],"replies":[{"embeddable":true,"href":"https:\/\/one-horizon.ch\/fr\/wp-json\/wp\/v2\/comments?post=107565"}],"wp:featuredmedia":[{"embeddable":true,"href":"https:\/\/one-horizon.ch\/fr\/wp-json\/wp\/v2\/media\/107585"}],"wp:attachment":[{"href":"https:\/\/one-horizon.ch\/fr\/wp-json\/wp\/v2\/media?parent=107565"}],"wp:term":[{"taxonomy":"product_brand","embeddable":true,"href":"https:\/\/one-horizon.ch\/fr\/wp-json\/wp\/v2\/product_brand?post=107565"},{"taxonomy":"product_cat","embeddable":true,"href":"https:\/\/one-horizon.ch\/fr\/wp-json\/wp\/v2\/product_cat?post=107565"},{"taxonomy":"product_tag","embeddable":true,"href":"https:\/\/one-horizon.ch\/fr\/wp-json\/wp\/v2\/product_tag?post=107565"}],"curies":[{"name":"wp","href":"https:\/\/api.w.org\/{rel}","templated":true}]}}