{"id":107601,"date":"2024-08-28T09:23:04","date_gmt":"2024-08-28T07:23:04","guid":{"rendered":"https:\/\/one-horizon.ch\/?post_type=product&#038;p=107601"},"modified":"2026-04-06T19:09:50","modified_gmt":"2026-04-06T17:09:50","slug":"disignbite-service-plateau-big-hug","status":"publish","type":"product","link":"https:\/\/one-horizon.ch\/fr\/product\/disignbite-service-plateau-big-hug\/","title":{"rendered":"Plateau de service"},"content":{"rendered":"<div class=\"flex-shrink-0 flex flex-col relative items-end\">\n<div class=\"pt-0\">\n<div class=\"gizmo-bot-avatar flex h-8 w-8 items-center justify-center overflow-hidden rounded-full\">\n<p><strong>Plateau de service de la collection Big Hug de Designbite<\/strong><\/p>\n<p>D\u00e9couvrez un design \u00e9l\u00e9gant et pratique avec notre \u00e9l\u00e9gant plateau de service de la collection Big Hug de Designbite, id\u00e9al pour servir vos plats ou boissons pr\u00e9f\u00e9r\u00e9s avec une touche d&#8217;\u00e9l\u00e9gance. Que ce soit pour le petit-d\u00e9jeuner au lit, les soir\u00e9es confortables sur le canap\u00e9 ou les d\u00eeners \u00e9l\u00e9gants, ce plateau est pr\u00eat pour toutes les situations. <\/p>\n<p>&nbsp;<\/p>\n<p><strong>Caract\u00e9ristiques<\/strong><\/p>\n<ul>\n<li><strong>Mat\u00e9riaux :<\/strong> Ce plateau de haute qualit\u00e9 combine le m\u00e9tal durable, le bois naturel et le li\u00e8ge pour allier fonctionnalit\u00e9 et design \u00e9l\u00e9gant.<\/li>\n<li><strong>Taille :<\/strong> avec une dimension de 48x30x3 cm (largeur x profondeur x hauteur), il offre suffisamment de place pour vos besoins de service sans \u00eatre encombrant.<\/li>\n<li><strong>Support en li\u00e8ge antid\u00e9rapant :<\/strong> le support en li\u00e8ge int\u00e9gr\u00e9 permet \u00e0 la vaisselle et aux aliments de rester bien en place sur le plateau, id\u00e9al lors des d\u00e9placements d&#8217;une pi\u00e8ce \u00e0 l&#8217;autre.<\/li>\n<li><strong>Des poign\u00e9es en bois confortables :<\/strong> Les poign\u00e9es en bois ergonomiques offrent non seulement une prise en main s\u00fbre, mais soulignent \u00e9galement le design naturel et attrayant de ce plateau.<\/li>\n<\/ul>\n<p>&nbsp;<\/p>\n<p>Am\u00e9liorez votre exp\u00e9rience de service avec cet outil intemporel, \u00e0 la fois utile et d\u00e9coratif. Que ce soit pour servir des aliments et des boissons ou comme \u00e9tag\u00e8re \u00e9l\u00e9gante, le plateau de service de la collection Big Hug est le compl\u00e9ment id\u00e9al pour chaque foyer. <\/p>\n<\/div>\n<\/div>\n<\/div>\n","protected":false},"excerpt":{"rendered":"<p>D\u00e9couvrez l&#8217;\u00e9l\u00e9gant plateau de service de la collection Big Hug de Designbite. Parfait pour toutes les occasions, il allie le m\u00e9tal, le bois et le li\u00e8ge. Avec un support antid\u00e9rapant et des poign\u00e9es confortables en bois. Dimensions : 48x30x3 cm. Id\u00e9al pour servir avec style.    <\/p>\n","protected":false},"featured_media":107612,"comment_status":"open","ping_status":"closed","template":"","meta":{"_acf_changed":false},"product_brand":[2996],"product_cat":[1392],"product_tag":[],"class_list":{"0":"post-107601","1":"product","2":"type-product","3":"status-publish","4":"has-post-thumbnail","6":"product_brand-designbite","7":"product_cat-cuisine","8":"product_shipping_class-colis-jusqua-2-kg","9":"pa_farbe-bleu","10":"pa_farbe-gris","12":"first","13":"onbackorder","14":"taxable","15":"shipping-taxable","16":"purchasable","17":"product-type-variable"},"acf":[],"_links":{"self":[{"href":"https:\/\/one-horizon.ch\/fr\/wp-json\/wp\/v2\/product\/107601","targetHints":{"allow":["GET"]}}],"collection":[{"href":"https:\/\/one-horizon.ch\/fr\/wp-json\/wp\/v2\/product"}],"about":[{"href":"https:\/\/one-horizon.ch\/fr\/wp-json\/wp\/v2\/types\/product"}],"replies":[{"embeddable":true,"href":"https:\/\/one-horizon.ch\/fr\/wp-json\/wp\/v2\/comments?post=107601"}],"wp:featuredmedia":[{"embeddable":true,"href":"https:\/\/one-horizon.ch\/fr\/wp-json\/wp\/v2\/media\/107612"}],"wp:attachment":[{"href":"https:\/\/one-horizon.ch\/fr\/wp-json\/wp\/v2\/media?parent=107601"}],"wp:term":[{"taxonomy":"product_brand","embeddable":true,"href":"https:\/\/one-horizon.ch\/fr\/wp-json\/wp\/v2\/product_brand?post=107601"},{"taxonomy":"product_cat","embeddable":true,"href":"https:\/\/one-horizon.ch\/fr\/wp-json\/wp\/v2\/product_cat?post=107601"},{"taxonomy":"product_tag","embeddable":true,"href":"https:\/\/one-horizon.ch\/fr\/wp-json\/wp\/v2\/product_tag?post=107601"}],"curies":[{"name":"wp","href":"https:\/\/api.w.org\/{rel}","templated":true}]}}