{"id":107698,"date":"2024-08-28T09:44:31","date_gmt":"2024-08-28T07:44:31","guid":{"rendered":"https:\/\/one-horizon.ch\/?post_type=product&#038;p=107698"},"modified":"2026-04-06T19:09:51","modified_gmt":"2026-04-06T17:09:51","slug":"designbite-table-dappoint-ronde-36-cm","status":"publish","type":"product","link":"https:\/\/one-horizon.ch\/fr\/product\/designbite-table-dappoint-ronde-36-cm\/","title":{"rendered":"Table d&#8217;appoint ronde 36 cm"},"content":{"rendered":"<div class=\"flex-shrink-0 flex flex-col relative items-end\">\n<div class=\"pt-0\">\n<div class=\"gizmo-bot-avatar flex h-8 w-8 items-center justify-center overflow-hidden rounded-full\">\n<p>D\u00e9couvrez l&#8217;\u00e9l\u00e9gante table d&#8217;appoint ronde 36 cm de DesignBite &#8211; le compl\u00e9ment id\u00e9al pour tout coin salon ! Que ce soit \u00e0 c\u00f4t\u00e9 de votre canap\u00e9 ou de votre fauteuil, cette table d&#8217;appoint ne se contente pas d&#8217;ajouter une touche de couleur \u00e0 votre pi\u00e8ce, elle s&#8217;int\u00e8gre aussi discr\u00e8tement dans votre int\u00e9rieur gr\u00e2ce \u00e0 sa faible hauteur. Cette table polyvalente est livr\u00e9e dans un emballage plat pratique qui facilite son transport et son installation \u00e0 la maison.  <\/p>\n<p>&nbsp;<\/p>\n<p><strong>Mat\u00e9riaux de haute qualit\u00e9<\/strong><br \/>\nLa construction solide en acier rev\u00eatu par poudre garantit non seulement une longue dur\u00e9e de vie, mais aussi une surface facile \u00e0 entretenir.<\/p>\n<p>&nbsp;<\/p>\n<p><strong>Dimensions compactes<\/strong><br \/>\nDimensions : 36&#215;39 cm (diam\u00e8tre x hauteur)<br \/>\nAvec ses dimensions compactes, cette table offre suffisamment d&#8217;espace pour votre tasse de caf\u00e9, vos livres pr\u00e9f\u00e9r\u00e9s ou vos objets d\u00e9coratifs, sans pour autant occuper un espace pr\u00e9cieux.<\/p>\n<p>&nbsp;<\/p>\n<p><strong>Variations de couleurs disponibles<\/strong><br \/>\nChoix de couleurs : 4 options de couleurs attrayantes<br \/>\nChoisissez la teinte qui convient le mieux \u00e0 votre int\u00e9rieur parmi quatre variations de couleurs attrayantes : des tons vifs aux tons subtils.<\/p>\n<p>&nbsp;<\/p>\n<p><strong>Montage facile<\/strong><br \/>\nLa table est livr\u00e9e dans un emballage plat, ce qui facilite le transport et vous permet de la monter facilement.<\/p>\n<p>&nbsp;<\/p>\n<p>Embellissez votre int\u00e9rieur avec un meuble qui allie style et fonctionnalit\u00e9.<\/p>\n<\/div>\n<\/div>\n<\/div>\n","protected":false},"excerpt":{"rendered":"<p>D\u00e9couvrez la table d&#8217;appoint compacte et \u00e9l\u00e9gante de DesignBite ! En acier laqu\u00e9 \u00e9poxy, disponible en 4 couleurs, elle s&#8217;int\u00e8gre parfaitement \u00e0 c\u00f4t\u00e9 d&#8217;un canap\u00e9\/fauteuil. Dimensions : 36&#215;39 cm. Id\u00e9ale pour ajouter de la couleur et de la fonctionnalit\u00e9 \u00e0 votre pi\u00e8ce. Facile \u00e0 monter soi-m\u00eame.    <\/p>\n","protected":false},"featured_media":107710,"comment_status":"open","ping_status":"closed","template":"","meta":{"_acf_changed":false},"product_brand":[2996],"product_cat":[3270],"product_tag":[],"class_list":{"0":"post-107698","1":"product","2":"type-product","3":"status-publish","4":"has-post-thumbnail","6":"product_brand-designbite","7":"product_cat-tables-dappoint","8":"product_shipping_class-colis-jusqua-10-kg","9":"pa_farbe-bleu","10":"pa_farbe-jaune","12":"first","13":"onbackorder","14":"taxable","15":"shipping-taxable","16":"purchasable","17":"product-type-variable"},"acf":[],"_links":{"self":[{"href":"https:\/\/one-horizon.ch\/fr\/wp-json\/wp\/v2\/product\/107698","targetHints":{"allow":["GET"]}}],"collection":[{"href":"https:\/\/one-horizon.ch\/fr\/wp-json\/wp\/v2\/product"}],"about":[{"href":"https:\/\/one-horizon.ch\/fr\/wp-json\/wp\/v2\/types\/product"}],"replies":[{"embeddable":true,"href":"https:\/\/one-horizon.ch\/fr\/wp-json\/wp\/v2\/comments?post=107698"}],"wp:featuredmedia":[{"embeddable":true,"href":"https:\/\/one-horizon.ch\/fr\/wp-json\/wp\/v2\/media\/107710"}],"wp:attachment":[{"href":"https:\/\/one-horizon.ch\/fr\/wp-json\/wp\/v2\/media?parent=107698"}],"wp:term":[{"taxonomy":"product_brand","embeddable":true,"href":"https:\/\/one-horizon.ch\/fr\/wp-json\/wp\/v2\/product_brand?post=107698"},{"taxonomy":"product_cat","embeddable":true,"href":"https:\/\/one-horizon.ch\/fr\/wp-json\/wp\/v2\/product_cat?post=107698"},{"taxonomy":"product_tag","embeddable":true,"href":"https:\/\/one-horizon.ch\/fr\/wp-json\/wp\/v2\/product_tag?post=107698"}],"curies":[{"name":"wp","href":"https:\/\/api.w.org\/{rel}","templated":true}]}}