{"id":107725,"date":"2024-08-28T10:11:46","date_gmt":"2024-08-28T08:11:46","guid":{"rendered":"https:\/\/one-horizon.ch\/?post_type=product&#038;p=107725"},"modified":"2026-04-06T19:09:49","modified_gmt":"2026-04-06T17:09:49","slug":"table-dappoint-ronde-designbite","status":"publish","type":"product","link":"https:\/\/one-horizon.ch\/fr\/product\/table-dappoint-ronde-designbite\/","title":{"rendered":"Table ronde d&#8217;appoint &amp; table basse"},"content":{"rendered":"<div class=\"flex-shrink-0 flex flex-col relative items-end\">\n<div class=\"pt-0\">\n<div class=\"gizmo-bot-avatar flex h-8 w-8 items-center justify-center overflow-hidden rounded-full\">\n<p><strong>L&#8217;\u00e9l\u00e9gance rencontre la fonctionnalit\u00e9<\/strong><\/p>\n<p>La table d&#8217;appoint ronde BIG HUG est le r\u00e9sultat d&#8217;une collaboration harmonieuse entre le c\u00e9l\u00e8bre studio de design danois Hans Thyge &amp; Co et la marque ta\u00efwanaise DesignBite. Ce meuble exceptionnel incarne la symbiose parfaite entre le minimalisme scandinave et la subtile sophistication du design asiatique. <\/p>\n<p>&nbsp;<\/p>\n<p><strong>Mat\u00e9riaux et qualit\u00e9<\/strong><\/p>\n<p>Fabriqu\u00e9e en m\u00e9tal peint par poudrage de haute qualit\u00e9, cette table promet une longue dur\u00e9e de vie et une base robuste pour tous vos besoins. Ses dimensions de 50&#215;40 cm (DxH) permettent un placement polyvalent dans la pi\u00e8ce de votre choix. <\/p>\n<p>&nbsp;<\/p>\n<p><strong>Fonctionnalit\u00e9 unique &#8211; La couche de li\u00e8ge<\/strong><\/p>\n<p>Ce qui distingue r\u00e9ellement la table d&#8217;appoint ronde BIG HUG des autres, c&#8217;est le plateau en li\u00e8ge raffin\u00e9 qui orne le dessus de la table. Cet \u00e9l\u00e9ment non seulement esth\u00e9tique mais aussi fonctionnel prot\u00e8ge la surface des rayures et de l&#8217;usure et conf\u00e8re \u00e0 la table une texture chaleureuse et accueillante. <\/p>\n<p>&nbsp;<\/p>\n<p><strong>Un design intemporel pour tous les int\u00e9rieurs<\/strong><\/p>\n<p>Avec ses lignes \u00e9pur\u00e9es et sa forme simple mais \u00e9l\u00e9gante, cette table d&#8217;appoint ronde s&#8217;int\u00e8gre parfaitement dans n&#8217;importe quel int\u00e9rieur. Que ce soit \u00e0 c\u00f4t\u00e9 de votre fauteuil pr\u00e9f\u00e9r\u00e9, comme table de chevet pratique ou comme touche chic au bureau, la table d&#8217;appoint ronde BIG HUG augmente non seulement la fonctionnalit\u00e9, mais aussi le style de votre pi\u00e8ce. <\/p>\n<p>&nbsp;<\/p>\n<p>Offrez \u00e0 votre int\u00e9rieur une mise \u00e0 niveau avec la table d&#8217;appoint ronde BIG HUG et profitez de la combinaison parfaite de design, de qualit\u00e9 et de praticit\u00e9. Obtenez cette pi\u00e8ce unique qui enrichira n&#8217;importe quel int\u00e9rieur et cr\u00e9era une atmosph\u00e8re de sophistication et de confort. Une pi\u00e8ce qui ne fait pas que servir, mais qui inspire aussi &#8211; la table d&#8217;appoint ronde BIG HUG de DesignBite.  <\/p>\n<\/div>\n<\/div>\n<\/div>\n","protected":false},"excerpt":{"rendered":"<p>Table d&#8217;appoint ronde en m\u00e9tal laqu\u00e9 \u00e9poxy avec rev\u00eatement en li\u00e8ge &#8211; prot\u00e8ge des rayures et apporte une touche chaleureuse. Design scandinave de Hans Thyge &amp; Co, polyvalent. 50\u00d740 cm (D\u00d7H).<\/p>\n","protected":false},"featured_media":107730,"comment_status":"open","ping_status":"closed","template":"","meta":{"_acf_changed":false},"product_brand":[2996],"product_cat":[3270],"product_tag":[],"class_list":{"0":"post-107725","1":"product","2":"type-product","3":"status-publish","4":"has-post-thumbnail","6":"product_brand-designbite","7":"product_cat-tables-dappoint","8":"product_shipping_class-colis-jusqua-2-kg","9":"pa_farbe-bleu","10":"pa_farbe-gris","12":"first","13":"onbackorder","14":"taxable","15":"shipping-taxable","16":"purchasable","17":"product-type-variable"},"acf":[],"_links":{"self":[{"href":"https:\/\/one-horizon.ch\/fr\/wp-json\/wp\/v2\/product\/107725","targetHints":{"allow":["GET"]}}],"collection":[{"href":"https:\/\/one-horizon.ch\/fr\/wp-json\/wp\/v2\/product"}],"about":[{"href":"https:\/\/one-horizon.ch\/fr\/wp-json\/wp\/v2\/types\/product"}],"replies":[{"embeddable":true,"href":"https:\/\/one-horizon.ch\/fr\/wp-json\/wp\/v2\/comments?post=107725"}],"wp:featuredmedia":[{"embeddable":true,"href":"https:\/\/one-horizon.ch\/fr\/wp-json\/wp\/v2\/media\/107730"}],"wp:attachment":[{"href":"https:\/\/one-horizon.ch\/fr\/wp-json\/wp\/v2\/media?parent=107725"}],"wp:term":[{"taxonomy":"product_brand","embeddable":true,"href":"https:\/\/one-horizon.ch\/fr\/wp-json\/wp\/v2\/product_brand?post=107725"},{"taxonomy":"product_cat","embeddable":true,"href":"https:\/\/one-horizon.ch\/fr\/wp-json\/wp\/v2\/product_cat?post=107725"},{"taxonomy":"product_tag","embeddable":true,"href":"https:\/\/one-horizon.ch\/fr\/wp-json\/wp\/v2\/product_tag?post=107725"}],"curies":[{"name":"wp","href":"https:\/\/api.w.org\/{rel}","templated":true}]}}