{"id":107762,"date":"2024-08-28T10:19:04","date_gmt":"2024-08-28T08:19:04","guid":{"rendered":"https:\/\/one-horizon.ch\/?post_type=product&#038;p=107762"},"modified":"2026-04-02T14:53:17","modified_gmt":"2026-04-02T12:53:17","slug":"planche-a-decouper-en-bois-designbite","status":"publish","type":"product","link":"https:\/\/one-horizon.ch\/fr\/product\/planche-a-decouper-en-bois-designbite\/","title":{"rendered":"Planche \u00e0 d\u00e9couper en bois"},"content":{"rendered":"<div class=\"flex-shrink-0 flex flex-col relative items-end\">\n<div class=\"pt-0\">\n<div class=\"gizmo-bot-avatar flex h-8 w-8 items-center justify-center overflow-hidden rounded-full\">\n<p><strong>Planche \u00e0 d\u00e9couper DesignBite en ch\u00eane avec support en silicone<\/strong><\/p>\n<p>Ajoutez du style et de la fonctionnalit\u00e9 \u00e0 votre cuisine avec cette \u00e9l\u00e9gante planche \u00e0 d\u00e9couper en ch\u00eane de DesignBite. Fabriqu\u00e9e en bois de ch\u00eane de haute qualit\u00e9, cette planche offre non seulement une surface robuste et r\u00e9sistante pour tous vos travaux de d\u00e9coupe, mais elle est \u00e9galement un ajout esth\u00e9tique sur n&#8217;importe quel comptoir de cuisine. <\/p>\n<p>&nbsp;<\/p>\n<p><strong>Caract\u00e9ristiques du produit<\/strong><\/p>\n<ul>\n<li><strong>Mat\u00e9riaux :<\/strong> bois de ch\u00eane naturel combin\u00e9 \u00e0 un crochet pratique en silicone<\/li>\n<li><strong>Multifonctionnel :<\/strong> id\u00e9al pour couper et servir le pain, les l\u00e9gumes, le fromage et plus encore<\/li>\n<li><strong>Design :<\/strong> simple et moderne, avec une forme rectangulaire ou ronde qui s&#8217;adapte \u00e0 tout type de cuisine.<\/li>\n<li><strong>Rangement pratique :<\/strong> il suffit d&#8217;utiliser le crochet en silicone pour accrocher la planche au mur et \u00e9conomiser de l&#8217;espace.<\/li>\n<\/ul>\n<p>&nbsp;<\/p>\n<p>La planche \u00e0 d\u00e9couper en ch\u00eane DesignBite allie praticit\u00e9 et design moderne. Sa surface lisse n&#8217;est pas seulement douce pour vos couteaux, elle est \u00e9galement facile \u00e0 nettoyer et \u00e0 entretenir. Que ce soit pour vos travaux de cuisine quotidiens ou comme \u00e9l\u00e9ment de votre \u00e9quipement de service lors d&#8217;occasions sp\u00e9ciales, cette planche \u00e0 d\u00e9couper est un excellent choix pour toutes les occasions.  <\/p>\n<p>Achetez d\u00e8s maintenant et am\u00e9liorez \u00e0 la fois la fonctionnalit\u00e9 et le style de votre \u00e9quipement de cuisine !<\/p>\n<\/div>\n<\/div>\n<\/div>\n","protected":false},"excerpt":{"rendered":"<p>D\u00e9couvrez l&#8217;\u00e9l\u00e9gante planche \u00e0 d\u00e9couper en bois de ch\u00eane de DesignBite. Avec une accroche pratique en silicone, elle est id\u00e9ale pour les t\u00e2ches de d\u00e9coupe et de service. Parfait pour le pain, les l\u00e9gumes, le fromage. Un accessoire de cuisine \u00e9l\u00e9gant et pratique.   <\/p>\n","protected":false},"featured_media":107769,"comment_status":"open","ping_status":"closed","template":"","meta":{"_acf_changed":false},"product_brand":[2996],"product_cat":[1280],"product_tag":[],"class_list":{"0":"post-107762","1":"product","2":"type-product","3":"status-publish","4":"has-post-thumbnail","6":"product_brand-designbite","7":"product_cat-vaisselle","8":"product_shipping_class-colis-jusqua-2-kg","9":"pa_form-rectangle-fr","10":"pa_form-rond","12":"first","13":"onbackorder","14":"taxable","15":"shipping-taxable","16":"purchasable","17":"product-type-variable"},"acf":[],"_links":{"self":[{"href":"https:\/\/one-horizon.ch\/fr\/wp-json\/wp\/v2\/product\/107762","targetHints":{"allow":["GET"]}}],"collection":[{"href":"https:\/\/one-horizon.ch\/fr\/wp-json\/wp\/v2\/product"}],"about":[{"href":"https:\/\/one-horizon.ch\/fr\/wp-json\/wp\/v2\/types\/product"}],"replies":[{"embeddable":true,"href":"https:\/\/one-horizon.ch\/fr\/wp-json\/wp\/v2\/comments?post=107762"}],"wp:featuredmedia":[{"embeddable":true,"href":"https:\/\/one-horizon.ch\/fr\/wp-json\/wp\/v2\/media\/107769"}],"wp:attachment":[{"href":"https:\/\/one-horizon.ch\/fr\/wp-json\/wp\/v2\/media?parent=107762"}],"wp:term":[{"taxonomy":"product_brand","embeddable":true,"href":"https:\/\/one-horizon.ch\/fr\/wp-json\/wp\/v2\/product_brand?post=107762"},{"taxonomy":"product_cat","embeddable":true,"href":"https:\/\/one-horizon.ch\/fr\/wp-json\/wp\/v2\/product_cat?post=107762"},{"taxonomy":"product_tag","embeddable":true,"href":"https:\/\/one-horizon.ch\/fr\/wp-json\/wp\/v2\/product_tag?post=107762"}],"curies":[{"name":"wp","href":"https:\/\/api.w.org\/{rel}","templated":true}]}}