{"id":107795,"date":"2024-08-28T10:25:46","date_gmt":"2024-08-28T08:25:46","guid":{"rendered":"https:\/\/one-horizon.ch\/?post_type=product&#038;p=107795"},"modified":"2026-04-06T19:09:46","modified_gmt":"2026-04-06T17:09:46","slug":"designbite-ovale-beistelltisch-big-hug","status":"publish","type":"product","link":"https:\/\/one-horizon.ch\/fr\/product\/designbite-ovale-beistelltisch-big-hug\/","title":{"rendered":"Table d&#8217;appoint ovale"},"content":{"rendered":"<div class=\"flex-shrink-0 flex flex-col relative items-end\">\n<div class=\"pt-0\">\n<div class=\"gizmo-bot-avatar flex h-8 w-8 items-center justify-center overflow-hidden rounded-full\">\n<p>D\u00e9couvrez l&#8217;harmonie parfaite entre fonctionnalit\u00e9 et style avec la &#8220;Table d&#8217;appoint ovale BIG HUG&#8221; pr\u00e9sent\u00e9e par DesignBite. Cette table unique, n\u00e9e de la collaboration cr\u00e9ative entre le studio de design danois Hans Thyge &amp; Co et la marque ta\u00efwanaise DesignBite, t\u00e9moigne d&#8217;une fusion harmonieuse entre la clart\u00e9 scandinave et l&#8217;esth\u00e9tique asiatique. <\/p>\n<p>&nbsp;<\/p>\n<p>La table d&#8217;appoint BIG HUG est fabriqu\u00e9e en m\u00e9tal rev\u00eatu par poudre de haute qualit\u00e9, ce qui lui conf\u00e8re non seulement une structure robuste, mais aussi un aspect moderne et attrayant. La forme ovale du plateau de table offre suffisamment de place pour des tasses de caf\u00e9, des livres ou des \u00e9l\u00e9ments d\u00e9coratifs et s&#8217;int\u00e8gre parfaitement \u00e0 c\u00f4t\u00e9 d&#8217;un canap\u00e9 ou d&#8217;un lit. <\/p>\n<p>&nbsp;<\/p>\n<p>Un d\u00e9tail particuli\u00e8rement bien pens\u00e9 est la sous-couche en li\u00e8ge qui recouvre toute la surface du plateau de table. Ce rev\u00eatement soigneusement choisi prot\u00e8ge non seulement des rayures, mais ajoute \u00e9galement une note chaleureuse et naturelle qui enrichit le design global de la table. <\/p>\n<p>&nbsp;<\/p>\n<p>Que ce soit dans le salon, au bureau ou dans le coin lecture, cette table d&#8217;appoint ovale est un compl\u00e9ment \u00e0 la fois \u00e9l\u00e9gant et pratique pour chaque pi\u00e8ce. Avec une pi\u00e8ce qui ne fait pas que servir, mais qui inspire aussi &#8211; la table d&#8217;appoint BIG HUG, qui allie esth\u00e9tique et fonction. <\/p>\n<\/div>\n<\/div>\n<\/div>\n","protected":false},"excerpt":{"rendered":"<p>D\u00e9couvrez la table d&#8217;appoint ovale BIG HUG de DesignBite : un m\u00e9lange parfait de design scandinave &amp; asiatique, en m\u00e9tal avec rev\u00eatement en li\u00e8ge. 90x50x40 cm. <\/p>\n","protected":false},"featured_media":107917,"comment_status":"open","ping_status":"closed","template":"","meta":{"_acf_changed":false},"product_brand":[2996],"product_cat":[3270],"product_tag":[],"class_list":{"0":"post-107795","1":"product","2":"type-product","3":"status-publish","4":"has-post-thumbnail","6":"product_brand-designbite","7":"product_cat-tables-dappoint","8":"product_shipping_class-colis-jusqua-10-kg","9":"pa_farbe-bleu","10":"pa_farbe-gris","12":"first","13":"onbackorder","14":"taxable","15":"shipping-taxable","16":"purchasable","17":"product-type-variable"},"acf":[],"_links":{"self":[{"href":"https:\/\/one-horizon.ch\/fr\/wp-json\/wp\/v2\/product\/107795","targetHints":{"allow":["GET"]}}],"collection":[{"href":"https:\/\/one-horizon.ch\/fr\/wp-json\/wp\/v2\/product"}],"about":[{"href":"https:\/\/one-horizon.ch\/fr\/wp-json\/wp\/v2\/types\/product"}],"replies":[{"embeddable":true,"href":"https:\/\/one-horizon.ch\/fr\/wp-json\/wp\/v2\/comments?post=107795"}],"wp:featuredmedia":[{"embeddable":true,"href":"https:\/\/one-horizon.ch\/fr\/wp-json\/wp\/v2\/media\/107917"}],"wp:attachment":[{"href":"https:\/\/one-horizon.ch\/fr\/wp-json\/wp\/v2\/media?parent=107795"}],"wp:term":[{"taxonomy":"product_brand","embeddable":true,"href":"https:\/\/one-horizon.ch\/fr\/wp-json\/wp\/v2\/product_brand?post=107795"},{"taxonomy":"product_cat","embeddable":true,"href":"https:\/\/one-horizon.ch\/fr\/wp-json\/wp\/v2\/product_cat?post=107795"},{"taxonomy":"product_tag","embeddable":true,"href":"https:\/\/one-horizon.ch\/fr\/wp-json\/wp\/v2\/product_tag?post=107795"}],"curies":[{"name":"wp","href":"https:\/\/api.w.org\/{rel}","templated":true}]}}