{"id":108074,"date":"2024-08-28T10:32:53","date_gmt":"2024-08-28T08:32:53","guid":{"rendered":"https:\/\/one-horizon.ch\/?post_type=product&#038;p=108074"},"modified":"2026-04-02T14:52:58","modified_gmt":"2026-04-02T12:52:58","slug":"designbite-etagere-2-niveaux","status":"publish","type":"product","link":"https:\/\/one-horizon.ch\/fr\/product\/designbite-etagere-2-niveaux\/","title":{"rendered":"\u00c9tag\u00e8re &#8211; 2 niveaux"},"content":{"rendered":"<div class=\"flex-shrink-0 flex flex-col relative items-end\">\n<div class=\"pt-0\">\n<div class=\"gizmo-bot-avatar flex h-8 w-8 items-center justify-center overflow-hidden rounded-full\">\n<p>D\u00e9couvrez le pr\u00e9sentoir \u00e0 g\u00e2teaux Big Hug, un plateau magistralement con\u00e7u par le c\u00e9l\u00e8bre studio de design danois Hans Thyge &amp; Co pour la collection exclusive DesignBite. Cet accessoire \u00e9l\u00e9gant ajoute une touche de style \u00e0 la pr\u00e9sentation de vos repas, id\u00e9al pour les buffets ou le bar de la maison. <\/p>\n<p>Le pr\u00e9sentoir \u00e0 g\u00e2teaux \u00e0 deux niveaux offre suffisamment d&#8217;espace pour pr\u00e9senter de mani\u00e8re attrayante une vari\u00e9t\u00e9 de fruits, d&#8217;entr\u00e9es ou de friandises sucr\u00e9es. Gr\u00e2ce \u00e0 son design bien pens\u00e9 et au choix de mat\u00e9riaux de qualit\u00e9 &#8211; m\u00e9tal combin\u00e9 \u00e0 des \u00e9l\u00e9ments en silicone et \u00e0 des pieds protecteurs en caoutchouc &#8211; ce pr\u00e9sentoir garantit stabilit\u00e9 et long\u00e9vit\u00e9. <\/p>\n<p>Gr\u00e2ce \u00e0 une boucle pratique situ\u00e9e au niveau sup\u00e9rieur, le pr\u00e9sentoir \u00e0 g\u00e2teaux se transporte facilement de la cuisine \u00e0 la salle \u00e0 manger ou \u00e0 tout autre endroit. Ses dimensions compactes de 28\u00d727 cm (DxH) lui permettent de trouver une place dans les petits espaces sans perdre de sa prestance. <\/p>\n<p>Les plateaux \u00e0 g\u00e2teaux Big Hug de DesignBite sont disponibles en version \u00e0 un ou deux niveaux. Chaque mod\u00e8le refl\u00e8te l&#8217;approche nordique d\u00e9contract\u00e9e du design, enrichie d&#8217;\u00e9l\u00e9ments de style vintage et r\u00e9alis\u00e9e \u00e0 partir d&#8217;une combinaison de m\u00e9tal, de bois et de li\u00e8ge. <\/p>\n<p>Ajoutez de l&#8217;\u00e9l\u00e9gance et de la fonctionnalit\u00e9 \u00e0 vos pr\u00e9sentations culinaires avec le pr\u00e9sentoir \u00e0 g\u00e2teaux Big Hug de DesignBite. Id\u00e9al pour tous ceux qui attachent de l&#8217;importance au design et \u00e0 la qualit\u00e9. <\/p>\n<\/div>\n<\/div>\n<\/div>\n","protected":false},"excerpt":{"rendered":"<p>D\u00e9couvrez le Big Hug Etagere\/Pr\u00e9sentoir \u00e0 g\u00e2teaux de DesignBite, con\u00e7u par Hans Thyge &amp; Co. Deux niveaux pour des pr\u00e9sentations \u00e9l\u00e9gantes, en m\u00e9tal &amp; silicone, 28\u00d727 cm. Id\u00e9al pour les buffets ou les bars. <\/p>\n","protected":false},"featured_media":108109,"comment_status":"open","ping_status":"closed","template":"","meta":{"_acf_changed":false},"product_brand":[2996],"product_cat":[1297],"product_tag":[],"class_list":{"0":"post-108074","1":"product","2":"type-product","3":"status-publish","4":"has-post-thumbnail","6":"product_brand-designbite","7":"product_cat-accessoires-dinterieur","8":"product_shipping_class-colis-jusqua-2-kg","9":"pa_farbe-bleu-minuit","10":"pa_farbe-clay-fr","11":"pa_farbe-gris","12":"pa_farbe-jaune","13":"pa_farbe-latte-fr","14":"pa_farbe-vieux-rose","16":"first","17":"onbackorder","18":"taxable","19":"shipping-taxable","20":"purchasable","21":"product-type-variable"},"acf":[],"_links":{"self":[{"href":"https:\/\/one-horizon.ch\/fr\/wp-json\/wp\/v2\/product\/108074","targetHints":{"allow":["GET"]}}],"collection":[{"href":"https:\/\/one-horizon.ch\/fr\/wp-json\/wp\/v2\/product"}],"about":[{"href":"https:\/\/one-horizon.ch\/fr\/wp-json\/wp\/v2\/types\/product"}],"replies":[{"embeddable":true,"href":"https:\/\/one-horizon.ch\/fr\/wp-json\/wp\/v2\/comments?post=108074"}],"wp:featuredmedia":[{"embeddable":true,"href":"https:\/\/one-horizon.ch\/fr\/wp-json\/wp\/v2\/media\/108109"}],"wp:attachment":[{"href":"https:\/\/one-horizon.ch\/fr\/wp-json\/wp\/v2\/media?parent=108074"}],"wp:term":[{"taxonomy":"product_brand","embeddable":true,"href":"https:\/\/one-horizon.ch\/fr\/wp-json\/wp\/v2\/product_brand?post=108074"},{"taxonomy":"product_cat","embeddable":true,"href":"https:\/\/one-horizon.ch\/fr\/wp-json\/wp\/v2\/product_cat?post=108074"},{"taxonomy":"product_tag","embeddable":true,"href":"https:\/\/one-horizon.ch\/fr\/wp-json\/wp\/v2\/product_tag?post=108074"}],"curies":[{"name":"wp","href":"https:\/\/api.w.org\/{rel}","templated":true}]}}