{"id":108146,"date":"2024-08-28T10:45:19","date_gmt":"2024-08-28T08:45:19","guid":{"rendered":"https:\/\/one-horizon.ch\/?post_type=product&#038;p=108146"},"modified":"2026-04-06T19:10:05","modified_gmt":"2026-04-06T17:10:05","slug":"designbite-support-pour-pots-de-fleurs","status":"publish","type":"product","link":"https:\/\/one-horizon.ch\/fr\/product\/designbite-support-pour-pots-de-fleurs\/","title":{"rendered":"Support pour pots de fleurs"},"content":{"rendered":"<div class=\"flex-shrink-0 flex flex-col relative items-end\">\n<div class=\"pt-0\">\n<div class=\"gizmo-bot-avatar flex h-8 w-8 items-center justify-center overflow-hidden rounded-full\">\n<p>Transformez vos espaces en oasis de verdure avec le support de pots de fleurs &#8220;Big Hug&#8221; de Designbite !<\/p>\n<p>\u00c9l\u00e9gant et fonctionnel, ce support pour pots de fleurs ajoute du style \u00e0 tout environnement, que ce soit \u00e0 la maison ou au bureau, gr\u00e2ce \u00e0 son design fin et moderne. Le design minimaliste bien pens\u00e9 combine des lignes audacieuses et des courbes douces, offrant un cadre id\u00e9al pour vos plantes vertes pr\u00e9f\u00e9r\u00e9es. Le support est fabriqu\u00e9 \u00e0 partir de mat\u00e9riaux de haute qualit\u00e9, garantissant une stabilit\u00e9 durable et un entretien facile de vos plantes.  <\/p>\n<p>La position sur\u00e9lev\u00e9e du pot permet un entretien confortable &#8211; plus besoin de se pencher pour arroser ou nettoyer. Que vous ayez la main verte ou que vous souhaitiez simplement apporter une touche de nature dans votre quotidien, ce produit est le choix optimal. <\/p>\n<p>&nbsp;<\/p>\n<p><strong>D\u00e9tails du produit<\/strong><br \/>\nMat\u00e9riaux : m\u00e9tal, c\u00e9ramique<\/p>\n<p>&nbsp;<\/p>\n<p>Masse :<\/p>\n<ul>\n<li>Petit : 18 cm de longueur x 18 cm de largeur x 34,5 cm de hauteur<\/li>\n<li>Grand : 23 cm de longueur x 23 cm de largeur x 62 cm de hauteur<\/li>\n<\/ul>\n<p>&nbsp;<\/p>\n<p>Ajoutez de l&#8217;\u00e9l\u00e9gance et de la fra\u00eecheur \u00e0 votre espace avec le support de pots de fleurs &#8220;Big Hug&#8221; de Designbite, le compl\u00e9ment parfait pour tout amateur de plantes:in.<\/p>\n<\/div>\n<\/div>\n<\/div>\n","protected":false},"excerpt":{"rendered":"<p>D\u00e9couvrez le support pour pots de fleurs &#8220;Big Hug&#8221; de Designbite &#8211; un design \u00e9l\u00e9gant et moderne alli\u00e9 \u00e0 la fonctionnalit\u00e9. Id\u00e9al pour la maison &amp; le bureau, fabriqu\u00e9 avec des mat\u00e9riaux de haute qualit\u00e9. <\/p>\n","protected":false},"featured_media":108176,"comment_status":"open","ping_status":"closed","template":"","meta":{"_acf_changed":false},"product_brand":[2996],"product_cat":[3273],"product_tag":[],"class_list":{"0":"post-108146","1":"product","2":"type-product","3":"status-publish","4":"has-post-thumbnail","6":"product_brand-designbite","7":"product_cat-plantes-cache-pots","8":"product_shipping_class-colis-jusqua-2-kg","9":"pa_farbe-bleu-minuit","10":"pa_farbe-gris","11":"pa_grosse-bas","12":"pa_grosse-haut","14":"first","15":"onbackorder","16":"taxable","17":"shipping-taxable","18":"purchasable","19":"product-type-variable"},"acf":[],"_links":{"self":[{"href":"https:\/\/one-horizon.ch\/fr\/wp-json\/wp\/v2\/product\/108146","targetHints":{"allow":["GET"]}}],"collection":[{"href":"https:\/\/one-horizon.ch\/fr\/wp-json\/wp\/v2\/product"}],"about":[{"href":"https:\/\/one-horizon.ch\/fr\/wp-json\/wp\/v2\/types\/product"}],"replies":[{"embeddable":true,"href":"https:\/\/one-horizon.ch\/fr\/wp-json\/wp\/v2\/comments?post=108146"}],"wp:featuredmedia":[{"embeddable":true,"href":"https:\/\/one-horizon.ch\/fr\/wp-json\/wp\/v2\/media\/108176"}],"wp:attachment":[{"href":"https:\/\/one-horizon.ch\/fr\/wp-json\/wp\/v2\/media?parent=108146"}],"wp:term":[{"taxonomy":"product_brand","embeddable":true,"href":"https:\/\/one-horizon.ch\/fr\/wp-json\/wp\/v2\/product_brand?post=108146"},{"taxonomy":"product_cat","embeddable":true,"href":"https:\/\/one-horizon.ch\/fr\/wp-json\/wp\/v2\/product_cat?post=108146"},{"taxonomy":"product_tag","embeddable":true,"href":"https:\/\/one-horizon.ch\/fr\/wp-json\/wp\/v2\/product_tag?post=108146"}],"curies":[{"name":"wp","href":"https:\/\/api.w.org\/{rel}","templated":true}]}}