{"id":108213,"date":"2024-08-28T11:06:51","date_gmt":"2024-08-28T09:06:51","guid":{"rendered":"https:\/\/one-horizon.ch\/?post_type=product&#038;p=108213"},"modified":"2026-04-28T23:00:24","modified_gmt":"2026-04-28T21:00:24","slug":"oakywood-desk-shelf","status":"publish","type":"product","link":"https:\/\/one-horizon.ch\/fr\/product\/oakywood-desk-shelf\/","title":{"rendered":"Tablette de bureau"},"content":{"rendered":"<div class=\"flex-shrink-0 flex flex-col relative items-end\">\n<div class=\"pt-0\">\n<div class=\"gizmo-bot-avatar flex h-8 w-8 items-center justify-center overflow-hidden rounded-full\">\n<p><strong>Tablette de bureau Oakywood<\/strong><\/p>\n<p>Ajoutez un \u00e9l\u00e9ment d&#8217;esth\u00e9tique moderne et de fonctionnalit\u00e9 exceptionnelle \u00e0 votre espace de travail avec le Minimalist Desk Shelf d&#8217;Oakywood. Cette \u00e9tag\u00e8re bien con\u00e7ue allie \u00e9l\u00e9gance et praticit\u00e9 pour rendre votre espace de travail organis\u00e9 et styl\u00e9. <\/p>\n<p>&nbsp;<\/p>\n<p>Caract\u00e9ristiques :<\/p>\n<ul>\n<li><strong>Mat\u00e9riaux haut de gamme :<\/strong> choisissez entre le noble noyer am\u00e9ricain, le ch\u00eane robuste de Pologne ou une impressionnante variante en ch\u00eane noir. Chaque mat\u00e9riau offre non seulement une esth\u00e9tique \u00e9poustouflante, mais aussi une grande durabilit\u00e9 et une r\u00e9sistance aux dommages. Ce choix de mat\u00e9riaux est compl\u00e9t\u00e9 par de l&#8217;acier peint par poudrage qui, gr\u00e2ce \u00e0 la peinture \u00e9lectrostatique, est particuli\u00e8rement durable et r\u00e9sistant \u00e0 la corrosion et aux dommages m\u00e9caniques.  <\/li>\n<li><strong>Design minimaliste :<\/strong> les lignes \u00e9pur\u00e9es et la forme \u00e9lanc\u00e9e avec des bords biseaut\u00e9s \u00e0 45 degr\u00e9s et des pieds en acier incurv\u00e9s allient style et fonctionnalit\u00e9 sans \u00eatre surcharg\u00e9s. Le rev\u00eatement \u00e9cologique Wachsol pr\u00e9serve l&#8217;aspect naturel du bois et lui conf\u00e8re une surface souple. <\/li>\n<li><strong>Utilisation optimis\u00e9e de l&#8217;espace :<\/strong> avec une largeur de 105 cm, l&#8217;\u00e9tag\u00e8re offre suffisamment d&#8217;espace pour deux \u00e9crans ou un moniteur ultra-large. La structure design sur\u00e9lev\u00e9e permet de ranger \u00e0 port\u00e9e de main des accessoires utiles tels que des claviers, des \u00e9couteurs ou des carnets de notes, contribuant ainsi \u00e0 un espace de travail bien rang\u00e9. <\/li>\n<li><strong>Capacit\u00e9 de charge &amp; stabilit\u00e9 :<\/strong> malgr\u00e9 son apparence l\u00e9g\u00e8re, le Desk Shelf est extr\u00eamement stable et peut supporter jusqu&#8217;\u00e0 100 kg. Cela garantit une utilisation s\u00fbre, m\u00eame avec des charges plus lourdes. <\/li>\n<li><strong>Espace d&#8217;organisation suppl\u00e9mentaire :<\/strong> le design ne se contente pas de sur\u00e9lever vos \u00e9crans \u00e0 une hauteur ergonomique, il maximise \u00e9galement l&#8217;espace utilisable sur votre bureau en cr\u00e9ant un niveau d&#8217;organisation suppl\u00e9mentaire.<\/li>\n<li><strong>Fonctionnalit\u00e9 extensible :<\/strong> Oakywood Desk Shelf peut \u00eatre compl\u00e9t\u00e9 par d&#8217;autres accessoires compatibles Oakywood afin d&#8217;accro\u00eetre encore la valeur et l&#8217;efficacit\u00e9 de votre espace de travail.<\/li>\n<\/ul>\n<p>&nbsp;<\/p>\n<p><strong>Dimensions<\/strong><\/p>\n<ul>\n<li>Longueur : 105 cm<\/li>\n<li>Largeur : 23 cm<\/li>\n<li>Hauteur : 11 cm (espace libre sous l&#8217;\u00e9tag\u00e8re : 9 cm)<\/li>\n<li>\u00c9paisseur du plateau : 1,8 cm<\/li>\n<li>Envergure des jambes : 72 cm<\/li>\n<\/ul>\n<p>&nbsp;<\/p>\n<p>Red\u00e9finissez votre espace de travail avec le Minimalist Desk Shelf d&#8217;Oakywood &#8211; pour un \u00e9quilibre parfait entre design et fonctionnalit\u00e9. Id\u00e9al pour les professionnels modernes qui accordent de l&#8217;importance \u00e0 l&#8217;ordre, au style et \u00e0 la qualit\u00e9. <\/p>\n<\/div>\n<\/div>\n<\/div>\n","protected":false},"excerpt":{"rendered":"<p>D\u00e9couvrez le Minimalist Desk Shelf d&#8217;Oakywood : une \u00e9tag\u00e8re \u00e9l\u00e9gante et fonctionnelle fabriqu\u00e9e \u00e0 partir de mat\u00e9riaux de haute qualit\u00e9 tels que le noyer am\u00e9ricain, le ch\u00eane polonais ou le ch\u00eane noir. Optimise votre espace de travail gr\u00e2ce \u00e0 un espace de rangement suppl\u00e9mentaire. Dimensions : L105xl23xH11 cm. Capacit\u00e9 de charge : jusqu&#8217;\u00e0 100kg.   <\/p>\n","protected":false},"featured_media":108260,"comment_status":"open","ping_status":"closed","template":"","meta":{"_acf_changed":false},"product_brand":[3029],"product_cat":[3253],"product_tag":[],"class_list":{"0":"post-108213","1":"product","2":"type-product","3":"status-publish","4":"has-post-thumbnail","6":"product_brand-oakywood","7":"product_cat-rangement-organiseur","8":"product_shipping_class-colis-jusqua-10-kg","10":"first","11":"onbackorder","12":"taxable","13":"shipping-taxable","14":"purchasable","15":"product-type-variable"},"acf":[],"_links":{"self":[{"href":"https:\/\/one-horizon.ch\/fr\/wp-json\/wp\/v2\/product\/108213","targetHints":{"allow":["GET"]}}],"collection":[{"href":"https:\/\/one-horizon.ch\/fr\/wp-json\/wp\/v2\/product"}],"about":[{"href":"https:\/\/one-horizon.ch\/fr\/wp-json\/wp\/v2\/types\/product"}],"replies":[{"embeddable":true,"href":"https:\/\/one-horizon.ch\/fr\/wp-json\/wp\/v2\/comments?post=108213"}],"wp:featuredmedia":[{"embeddable":true,"href":"https:\/\/one-horizon.ch\/fr\/wp-json\/wp\/v2\/media\/108260"}],"wp:attachment":[{"href":"https:\/\/one-horizon.ch\/fr\/wp-json\/wp\/v2\/media?parent=108213"}],"wp:term":[{"taxonomy":"product_brand","embeddable":true,"href":"https:\/\/one-horizon.ch\/fr\/wp-json\/wp\/v2\/product_brand?post=108213"},{"taxonomy":"product_cat","embeddable":true,"href":"https:\/\/one-horizon.ch\/fr\/wp-json\/wp\/v2\/product_cat?post=108213"},{"taxonomy":"product_tag","embeddable":true,"href":"https:\/\/one-horizon.ch\/fr\/wp-json\/wp\/v2\/product_tag?post=108213"}],"curies":[{"name":"wp","href":"https:\/\/api.w.org\/{rel}","templated":true}]}}