{"id":108429,"date":"2024-08-28T12:28:56","date_gmt":"2024-08-28T10:28:56","guid":{"rendered":"https:\/\/one-horizon.ch\/?post_type=product&#038;p=108429"},"modified":"2026-04-05T18:00:04","modified_gmt":"2026-04-05T16:00:04","slug":"brick-wand-tischuhr","status":"publish","type":"product","link":"https:\/\/one-horizon.ch\/fr\/product\/brick-wand-tischuhr\/","title":{"rendered":"BRICK &#8211; horloge murale et de table"},"content":{"rendered":"<p>La BRICK &#8211; horloge murale &amp; de table &#8211; con\u00e7ue par Erwin Termaat pour LEFF Amsterdam &#8211; est une interpr\u00e9tation contemporaine d&#8217;une mani\u00e8re traditionnelle d&#8217;afficher l&#8217;heure.<\/p>\n<p>R\u00e9invent\u00e9e gr\u00e2ce \u00e0 une combinaison unique de graphismes et de mat\u00e9riaux, sans qu&#8217;il soit n\u00e9cessaire de les exposer \u00e0 une p\u00e9riode donn\u00e9e. Le bo\u00eetier en acier est soud\u00e9 et bross\u00e9 \u00e0 la main, ce qui fait de cette montre un objet d&#8217;artisanat de haut niveau. <\/p>\n<p>Ce chronom\u00e8tre peut \u00eatre expos\u00e9 sur une surface ou accroch\u00e9 au mur, de telle ou telle mani\u00e8re qu&#8217;il attire l&#8217;attention des spectateurs.<\/p>\n<p>La qualit\u00e9 est d&#8217;une importance capitale pour Leff Amsterdam. Ils utilisent toujours des mat\u00e9riaux de haute qualit\u00e9 provenant d&#8217;une source fiable et responsable. C&#8217;est pourquoi toutes leurs montres sont cr\u00e9\u00e9es et d\u00e9velopp\u00e9es avec soin. Ils travaillent en \u00e9troite collaboration avec des fabricants exp\u00e9riment\u00e9s qui soutiennent pleinement l&#8217;id\u00e9e que les pi\u00e8ces de design doivent \u00eatre durables. Toutes leurs montres sont contr\u00f4l\u00e9es et test\u00e9es pi\u00e8ce par pi\u00e8ce afin de vous garantir qu&#8217;elles r\u00e9pondent \u00e0 leurs normes de qualit\u00e9 \u00e9lev\u00e9es et \u00e0 vos attentes.    <\/p>\n<ul>\n<li>Design : Erwin Termaat<\/li>\n<li>Taille : 36x16x13 cm<\/li>\n<li>Piles : 2x piles D (incluses)<\/li>\n<li>Garantie : 5 ans<\/li>\n<\/ul>\n<p>&nbsp;<\/p>\n<p>&nbsp;<\/p>\n","protected":false},"excerpt":{"rendered":"<p>Horloge murale et de table de LEFF Amsterdam &#8211; bo\u00eetier en acier bross\u00e9 soud\u00e9 \u00e0 la main, design intemporel d&#8217;Erwin Termaat. Utilisable de mani\u00e8re flexible comme horloge de table ou murale. 36\u00d716\u00d713 cm, 5 ans de garantie.  <\/p>\n","protected":false},"featured_media":108563,"comment_status":"open","ping_status":"closed","template":"","meta":{"_acf_changed":false},"product_brand":[3018],"product_cat":[1297],"product_tag":[],"class_list":{"0":"post-108429","1":"product","2":"type-product","3":"status-publish","4":"has-post-thumbnail","6":"product_brand-leff-amsterdam","7":"product_cat-accessoires-dinterieur","8":"product_shipping_class-colis-jusqua-2-kg","10":"first","11":"onbackorder","12":"taxable","13":"shipping-taxable","14":"purchasable","15":"product-type-variable"},"acf":[],"_links":{"self":[{"href":"https:\/\/one-horizon.ch\/fr\/wp-json\/wp\/v2\/product\/108429","targetHints":{"allow":["GET"]}}],"collection":[{"href":"https:\/\/one-horizon.ch\/fr\/wp-json\/wp\/v2\/product"}],"about":[{"href":"https:\/\/one-horizon.ch\/fr\/wp-json\/wp\/v2\/types\/product"}],"replies":[{"embeddable":true,"href":"https:\/\/one-horizon.ch\/fr\/wp-json\/wp\/v2\/comments?post=108429"}],"wp:featuredmedia":[{"embeddable":true,"href":"https:\/\/one-horizon.ch\/fr\/wp-json\/wp\/v2\/media\/108563"}],"wp:attachment":[{"href":"https:\/\/one-horizon.ch\/fr\/wp-json\/wp\/v2\/media?parent=108429"}],"wp:term":[{"taxonomy":"product_brand","embeddable":true,"href":"https:\/\/one-horizon.ch\/fr\/wp-json\/wp\/v2\/product_brand?post=108429"},{"taxonomy":"product_cat","embeddable":true,"href":"https:\/\/one-horizon.ch\/fr\/wp-json\/wp\/v2\/product_cat?post=108429"},{"taxonomy":"product_tag","embeddable":true,"href":"https:\/\/one-horizon.ch\/fr\/wp-json\/wp\/v2\/product_tag?post=108429"}],"curies":[{"name":"wp","href":"https:\/\/api.w.org\/{rel}","templated":true}]}}