{"id":108623,"date":"2024-08-28T12:45:42","date_gmt":"2024-08-28T10:45:42","guid":{"rendered":"https:\/\/one-horizon.ch\/?post_type=product&#038;p=108623"},"modified":"2026-04-02T14:53:34","modified_gmt":"2026-04-02T12:53:34","slug":"plateau-en-bois-de-chene-moebe","status":"publish","type":"product","link":"https:\/\/one-horizon.ch\/fr\/product\/plateau-en-bois-de-chene-moebe\/","title":{"rendered":"Plateau en bois"},"content":{"rendered":"<p>D\u00e9couvrez la simplicit\u00e9 \u00e9l\u00e9gante avec le plateau MOEBE, un compl\u00e9ment \u00e0 la fois \u00e9l\u00e9gant et pratique pour votre maison. Ce plateau au design minimaliste est parfait pour transporter des boissons et des petits plats. Il a fait ses preuves gr\u00e2ce \u00e0 sa fonctionnalit\u00e9 bien pens\u00e9e et \u00e0 son design intemporel. <\/p>\n<p>&nbsp;<\/p>\n<p><strong>Des mat\u00e9riaux de haute qualit\u00e9 pour la durabilit\u00e9<\/strong><br \/>\nLe plateau MOEBE est fabriqu\u00e9 \u00e0 partir de ch\u00eane et de MDF plaqu\u00e9s ch\u00eane de qualit\u00e9 sup\u00e9rieure, tous les mat\u00e9riaux \u00e9tant certifi\u00e9s FSC \u00e0 100 %. Cela garantit que le bois provient de for\u00eats g\u00e9r\u00e9es de mani\u00e8re responsable, ce qui assure la durabilit\u00e9 et le respect de l&#8217;environnement du produit. Le grain naturel du bois conf\u00e8re \u00e0 chaque plateau une touche individuelle et en fait un v\u00e9ritable point de mire.  <\/p>\n<p>&nbsp;<\/p>\n<p><strong>Un design ing\u00e9nieux pour une manipulation facile<\/strong><br \/>\nSon design ing\u00e9nieux vous permet de soulever facilement le plateau et de passer confortablement vos mains en dessous. Vous pouvez ainsi tout transporter facilement et en toute s\u00e9curit\u00e9 d&#8217;une pi\u00e8ce \u00e0 l&#8217;autre, sans rien renverser. <\/p>\n<p>&nbsp;<\/p>\n<p>Que ce soit pour la table du petit-d\u00e9jeuner, pour des soir\u00e9es conviviales au salon ou comme accessoire d\u00e9coratif, le plateau MOEBE allie fonction et forme dans un produit dont vous ne pourrez plus vous passer. Rehaussez votre int\u00e9rieur et d\u00e9couvrez comment un design simple peut enrichir votre vie. <\/p>\n","protected":false},"excerpt":{"rendered":"<p>Le plateau en bois MOEBE est le choix id\u00e9al pour transporter facilement boissons et snacks d&#8217;un endroit \u00e0 l&#8217;autre. Il a \u00e9t\u00e9 con\u00e7u pour se soulever facilement de la surface, ce qui permet de le saisir et de le soulever sans probl\u00e8me avec les mains en dessous. <\/p>\n","protected":false},"featured_media":108645,"comment_status":"open","ping_status":"closed","template":"","meta":{"_acf_changed":false},"product_brand":[3023],"product_cat":[1280],"product_tag":[],"class_list":{"0":"post-108623","1":"product","2":"type-product","3":"status-publish","4":"has-post-thumbnail","6":"product_brand-moebe","7":"product_cat-vaisselle","8":"product_shipping_class-colis-jusqua-2-kg","9":"pa_grosse-grand","10":"pa_grosse-petit","12":"first","13":"outofstock","14":"taxable","15":"shipping-taxable","16":"purchasable","17":"product-type-variable"},"acf":[],"_links":{"self":[{"href":"https:\/\/one-horizon.ch\/fr\/wp-json\/wp\/v2\/product\/108623","targetHints":{"allow":["GET"]}}],"collection":[{"href":"https:\/\/one-horizon.ch\/fr\/wp-json\/wp\/v2\/product"}],"about":[{"href":"https:\/\/one-horizon.ch\/fr\/wp-json\/wp\/v2\/types\/product"}],"replies":[{"embeddable":true,"href":"https:\/\/one-horizon.ch\/fr\/wp-json\/wp\/v2\/comments?post=108623"}],"wp:featuredmedia":[{"embeddable":true,"href":"https:\/\/one-horizon.ch\/fr\/wp-json\/wp\/v2\/media\/108645"}],"wp:attachment":[{"href":"https:\/\/one-horizon.ch\/fr\/wp-json\/wp\/v2\/media?parent=108623"}],"wp:term":[{"taxonomy":"product_brand","embeddable":true,"href":"https:\/\/one-horizon.ch\/fr\/wp-json\/wp\/v2\/product_brand?post=108623"},{"taxonomy":"product_cat","embeddable":true,"href":"https:\/\/one-horizon.ch\/fr\/wp-json\/wp\/v2\/product_cat?post=108623"},{"taxonomy":"product_tag","embeddable":true,"href":"https:\/\/one-horizon.ch\/fr\/wp-json\/wp\/v2\/product_tag?post=108623"}],"curies":[{"name":"wp","href":"https:\/\/api.w.org\/{rel}","templated":true}]}}