{"id":108684,"date":"2024-08-28T12:54:51","date_gmt":"2024-08-28T10:54:51","guid":{"rendered":"https:\/\/one-horizon.ch\/?post_type=product&#038;p=108684"},"modified":"2026-03-30T00:12:41","modified_gmt":"2026-03-29T22:12:41","slug":"huygens-tone-index-horloge-murale-noire","status":"publish","type":"product","link":"https:\/\/one-horizon.ch\/fr\/product\/huygens-tone-index-horloge-murale-noire\/","title":{"rendered":"Horloge murale Tone Index"},"content":{"rendered":"<p><strong>El\u00e9gante et subtile :<\/strong> l&#8217;horloge murale Tone Index de Huygens se caract\u00e9rise par un design unique qui impressionne non pas par ses couleurs, mais par des contrastes de mat\u00e9riaux finement harmonis\u00e9s. Le cadran mat est recouvert d&#8217;une laque transparente brillante qui cr\u00e9e un effet ton sur ton fascinant selon les conditions d&#8217;\u00e9clairage. Cette variation subtile de la visibilit\u00e9 du cadran cr\u00e9e une interaction passionnante avec la lumi\u00e8re ambiante.  <\/p>\n<p>&nbsp;<\/p>\n<p><strong>\u00c9l\u00e9gance robuste :<\/strong> avec une profondeur de 6,2 cm, la montre pr\u00e9sente un design distinctif et robuste qui transmet \u00e0 la fois la stabilit\u00e9 et la pr\u00e9sence styl\u00e9e.<\/p>\n<p>&nbsp;<\/p>\n<p><strong>Pr\u00e9cision silencieuse :<\/strong> \u00e9quip\u00e9e d&#8217;un mouvement japonais de haute pr\u00e9cision, la montre Tone garantit une mesure du temps totalement silencieuse. Cette caract\u00e9ristique de qualit\u00e9 allie une technologie de pointe \u00e0 l&#8217;h\u00e9ritage de Christiaan Huygens, le pionnier de la mesure pr\u00e9cise du temps gr\u00e2ce \u00e0 son invention de la pendule. <\/p>\n<p>&nbsp;<\/p>\n<p><strong>Durabilit\u00e9 et design :<\/strong> chaque montre est fabriqu\u00e9e \u00e0 partir de mat\u00e9riaux recyclables de haute qualit\u00e9 et suit un concept de design n\u00e9erlandais clair. De plus, la montre est livr\u00e9e dans un emballage cadeau attrayant qui en fait un cadeau parfait. <\/p>\n<p>&nbsp;<\/p>\n<p><strong>Les piles :<\/strong> N\u00e9cessite une pile LR6 AA Mignon 1.5V (non fournie).<\/p>\n<p>&nbsp;<\/p>\n<p><strong>Tailles disponibles :<\/strong> \u2205=25 cm, \u2205=35 cm, \u2205=45 cm<\/p>\n<p>&nbsp;<\/p>\n<p>Veuillez noter : En raison du design innovant &#8220;ton sur ton&#8221;, la lisibilit\u00e9 du cadran peut varier en fonction de l&#8217;angle de vue et des conditions d&#8217;\u00e9clairage. Ce choix de conception invite \u00e0 regarder l&#8217;heure sous un angle nouveau \u00e0 l&#8217;occasion &#8211; chaque moment ne requiert pas une pr\u00e9cision \u00e0 la minute pr\u00e8s. <\/p>\n","protected":false},"excerpt":{"rendered":"<p>L&#8217;horloge murale Tone Index de Huygens allie \u00e9l\u00e9gance et silence. Un design ton sur ton unique rencontre un mouvement japonais ultra-silencieux et pr\u00e9cis. Robuste, elle est fabriqu\u00e9e \u00e0 partir de mat\u00e9riaux recyclables. Un chef-d&#8217;\u0153uvre de chronom\u00e9trage subtil.   <\/p>\n","protected":false},"featured_media":108692,"comment_status":"open","ping_status":"closed","template":"","meta":{"_acf_changed":false},"product_brand":[3008],"product_cat":[1297],"product_tag":[],"class_list":{"0":"post-108684","1":"product","2":"type-product","3":"status-publish","4":"has-post-thumbnail","6":"product_brand-huygens","7":"product_cat-accessoires-dinterieur","8":"product_shipping_class-colis-jusqua-2-kg","9":"pa_grosse-25-cm--fr","10":"pa_grosse-35-cm--fr","11":"pa_grosse-45-cm--fr","13":"first","14":"onbackorder","15":"taxable","16":"shipping-taxable","17":"purchasable","18":"product-type-variable"},"acf":[],"_links":{"self":[{"href":"https:\/\/one-horizon.ch\/fr\/wp-json\/wp\/v2\/product\/108684","targetHints":{"allow":["GET"]}}],"collection":[{"href":"https:\/\/one-horizon.ch\/fr\/wp-json\/wp\/v2\/product"}],"about":[{"href":"https:\/\/one-horizon.ch\/fr\/wp-json\/wp\/v2\/types\/product"}],"replies":[{"embeddable":true,"href":"https:\/\/one-horizon.ch\/fr\/wp-json\/wp\/v2\/comments?post=108684"}],"wp:featuredmedia":[{"embeddable":true,"href":"https:\/\/one-horizon.ch\/fr\/wp-json\/wp\/v2\/media\/108692"}],"wp:attachment":[{"href":"https:\/\/one-horizon.ch\/fr\/wp-json\/wp\/v2\/media?parent=108684"}],"wp:term":[{"taxonomy":"product_brand","embeddable":true,"href":"https:\/\/one-horizon.ch\/fr\/wp-json\/wp\/v2\/product_brand?post=108684"},{"taxonomy":"product_cat","embeddable":true,"href":"https:\/\/one-horizon.ch\/fr\/wp-json\/wp\/v2\/product_cat?post=108684"},{"taxonomy":"product_tag","embeddable":true,"href":"https:\/\/one-horizon.ch\/fr\/wp-json\/wp\/v2\/product_tag?post=108684"}],"curies":[{"name":"wp","href":"https:\/\/api.w.org\/{rel}","templated":true}]}}