{"id":108720,"date":"2024-08-28T13:10:40","date_gmt":"2024-08-28T11:10:40","guid":{"rendered":"https:\/\/one-horizon.ch\/?post_type=product&#038;p=108720"},"modified":"2026-04-07T23:21:34","modified_gmt":"2026-04-07T21:21:34","slug":"orbitkey-ring-v2-star-wars","status":"publish","type":"product","link":"https:\/\/one-horizon.ch\/fr\/product\/orbitkey-ring-v2-star-wars\/","title":{"rendered":"Bague V2 &#8211; Star Wars"},"content":{"rendered":"<p><strong>Orbitkey Ring V2 &#8211; Star Wars : la solution de trousseau de cl\u00e9s sans effort<\/strong><\/p>\n<p>Plongez dans une galaxie d&#8217;innovation avec le Ring V2 &#8211; Star Wars. Cette solution exclusive de trousseau de cl\u00e9s combine un design futuriste et une fonctionnalit\u00e9 r\u00e9volutionnaire, inspir\u00e9e de la saga \u00e9pique Star Wars. Laissez-vous s\u00e9duire par l&#8217;efficacit\u00e9 et le style de ce trousseau de cl\u00e9s qui d\u00e9passe de loin les solutions traditionnelles.  <\/p>\n<p>&nbsp;<\/p>\n<p><strong>Un design ultra-r\u00e9sistant pour des exigences galactiques<\/strong><\/p>\n<p>L&#8217;anneau V2 &#8211; Star Wars se distingue par son bo\u00eetier en acier inoxydable tr\u00e8s r\u00e9sistant, qui est non seulement extr\u00eamement robuste, mais offre \u00e9galement une esth\u00e9tique intergalactique raffin\u00e9e. Le m\u00e9canisme de verrouillage flexible vous permet de fixer ou d&#8217;enlever vos cl\u00e9s rapidement et sans effort. Dites adieu aux porte-cl\u00e9s compliqu\u00e9s et d\u00e9couvrez une nouvelle dimension de l&#8217;organisation des cl\u00e9s.  <\/p>\n<p>&nbsp;<\/p>\n<p><strong>Fonctionnement rapide, construction durable<\/strong><\/p>\n<p>L&#8217;Orbitkey Ring V2 &#8211; Star Wars a \u00e9t\u00e9 con\u00e7u pour \u00eatre \u00e0 la fois durable et facile \u00e0 utiliser. Sa fermeture innovante s\u00e9curise vos cl\u00e9s de mani\u00e8re fiable tout en vous permettant de les changer rapidement, d\u00e8s que vous en avez besoin. Que vous soyez un Jedi ou un simple citoyen, ce porte-cl\u00e9s s&#8217;adapte parfaitement \u00e0 vos besoins.  <\/p>\n<p>&nbsp;<\/p>\n<p><strong>Une utilisation polyvalente dans l&#8217;univers Star Wars<\/strong><\/p>\n<p>Utilisez l&#8217;anneau V2 &#8211; Star Wars comme un accessoire autonome ou combinez-le avec votre organiseur \u00e0 cl\u00e9s, votre clip ou votre lani\u00e8re pour mettre encore plus d&#8217;ordre dans vos cl\u00e9s. Son apparence simple mais \u00e9l\u00e9gante en fait un compagnon indispensable pour tous les fans de Star Wars. <\/p>\n<p>&nbsp;<\/p>\n<p><strong>D\u00e9tails techniques :<\/strong><\/p>\n<ul>\n<li><strong>Diam\u00e8tre :<\/strong> 30 mm<\/li>\n<li><strong>\u00c9paisseur :<\/strong> 3,5 mm<\/li>\n<li><strong>Ouverture :<\/strong> 3,6 mm<\/li>\n<\/ul>\n<p>&nbsp;<\/p>\n<p>Avec le Ring V2 &#8211; Star Wars, vous entrez dans une nouvelle \u00e8re de l&#8217;organisation des cl\u00e9s. Pas d&#8217;enchev\u00eatrement, pas de recherche, pas de frustration &#8211; juste de l&#8217;efficacit\u00e9 pure, inspir\u00e9e par une galaxie lointaine, tr\u00e8s lointaine. <\/p>\n","protected":false},"excerpt":{"rendered":"<p>Orbitkey Ring V2 au design Star Wars &#8211; porte-cl\u00e9s robuste en acier inoxydable avec m\u00e9canisme de fermeture rapide. Pas d&#8217;enchev\u00eatrement, changement de cl\u00e9 facile. Peut \u00eatre combin\u00e9 avec un organiseur de cl\u00e9s ou un clip. Pour tous les fans d&#8217;une galaxie lointaine.   <\/p>\n","protected":false},"featured_media":108779,"comment_status":"open","ping_status":"closed","template":"","meta":{"_acf_changed":false},"product_brand":[3032],"product_cat":[1310],"product_tag":[3292],"class_list":{"0":"post-108720","1":"product","2":"type-product","3":"status-publish","4":"has-post-thumbnail","6":"product_brand-orbitkey","7":"product_cat-accessoires-fr-2","8":"product_tag-pour-lui","9":"product_shipping_class-colis-jusqua-2-kg","11":"first","12":"outofstock","13":"taxable","14":"shipping-taxable","15":"purchasable","16":"product-type-variable"},"acf":[],"_links":{"self":[{"href":"https:\/\/one-horizon.ch\/fr\/wp-json\/wp\/v2\/product\/108720","targetHints":{"allow":["GET"]}}],"collection":[{"href":"https:\/\/one-horizon.ch\/fr\/wp-json\/wp\/v2\/product"}],"about":[{"href":"https:\/\/one-horizon.ch\/fr\/wp-json\/wp\/v2\/types\/product"}],"replies":[{"embeddable":true,"href":"https:\/\/one-horizon.ch\/fr\/wp-json\/wp\/v2\/comments?post=108720"}],"wp:featuredmedia":[{"embeddable":true,"href":"https:\/\/one-horizon.ch\/fr\/wp-json\/wp\/v2\/media\/108779"}],"wp:attachment":[{"href":"https:\/\/one-horizon.ch\/fr\/wp-json\/wp\/v2\/media?parent=108720"}],"wp:term":[{"taxonomy":"product_brand","embeddable":true,"href":"https:\/\/one-horizon.ch\/fr\/wp-json\/wp\/v2\/product_brand?post=108720"},{"taxonomy":"product_cat","embeddable":true,"href":"https:\/\/one-horizon.ch\/fr\/wp-json\/wp\/v2\/product_cat?post=108720"},{"taxonomy":"product_tag","embeddable":true,"href":"https:\/\/one-horizon.ch\/fr\/wp-json\/wp\/v2\/product_tag?post=108720"}],"curies":[{"name":"wp","href":"https:\/\/api.w.org\/{rel}","templated":true}]}}