{"id":109232,"date":"2024-08-29T16:17:47","date_gmt":"2024-08-29T14:17:47","guid":{"rendered":"https:\/\/one-horizon.ch\/product\/enfant-sac-a-dos-large\/"},"modified":"2026-04-02T00:00:22","modified_gmt":"2026-04-01T22:00:22","slug":"enfant-sac-a-dos-large","status":"publish","type":"product","link":"https:\/\/one-horizon.ch\/fr\/product\/enfant-sac-a-dos-large\/","title":{"rendered":"Sac \u00e0 dos Large"},"content":{"rendered":"<p><strong>Sac \u00e0 dos Kind Bag &#8211; Durable, s\u00fbr et \u00e9l\u00e9gant<\/strong><\/p>\n<p>Le sac \u00e0 dos Kind Bag est l&#8217;accessoire ultime pour les citadins actifs et conscients de l&#8217;environnement. Ce sac \u00e0 dos moderne, fabriqu\u00e9 de mani\u00e8re durable, allie fonctionnalit\u00e9 et design \u00e9cologique, ce qui en fait le compagnon id\u00e9al pour la vie quotidienne, les voyages et le travail. <\/p>\n<p>&nbsp;<\/p>\n<p><strong>Mat\u00e9riaux \u00e9cologiques<\/strong><br \/>\nLe sac \u00e0 dos est fabriqu\u00e9 \u00e0 partir de 18 bouteilles en plastique recycl\u00e9es et envoie un signal fort contre la pollution plastique. Tant le mat\u00e9riau ext\u00e9rieur que le mat\u00e9riau int\u00e9rieur, les \u00e9tiquettes et la fermeture \u00e9clair sont fabriqu\u00e9s \u00e0 100% \u00e0 partir de plastique recycl\u00e9. De plus, le mat\u00e9riau est r\u00e9sistant \u00e0 l&#8217;eau et exempt de rev\u00eatements PFA controvers\u00e9s, ce qui renforce encore son orientation \u00e9cologique.  <\/p>\n<p>&nbsp;<\/p>\n<p><strong>Organisation et s\u00e9curit\u00e9 optimales<\/strong><br \/>\nAvec un int\u00e9rieur spacieux, \u00e9quip\u00e9 d&#8217;un compartiment rembourr\u00e9 pour ordinateur portable pouvant accueillir la plupart des mod\u00e8les 13 pouces, plus deux petites poches pour accessoires et une poche antivol sp\u00e9ciale int\u00e9gr\u00e9e entre le rembourrage du dos et le compartiment principal, ce sac \u00e0 dos offre non seulement de l&#8217;espace, mais aussi une protection pour vos objets de valeur. La poche avant et la poche antivol sont facilement accessibles et s\u00e9curisent vos objets lors de vos d\u00e9placements ou dans la foule. <\/p>\n<p>&nbsp;<\/p>\n<p><strong>Confort et fonctionnalit\u00e9<\/strong><br \/>\nLe rembourrage ergonomique \u00e0 l&#8217;arri\u00e8re et sur les bretelles, compos\u00e9 d&#8217;une doublure 100% recycl\u00e9e, garantit un grand confort de transport, m\u00eame pendant de longues p\u00e9riodes. Les poign\u00e9es de transport avec aimants cach\u00e9s facilitent la manipulation et le rolltop de 12 cm augmente la capacit\u00e9 du sac \u00e0 dos si n\u00e9cessaire et se ferme sans effort gr\u00e2ce \u00e0 des aimants cach\u00e9s. <\/p>\n<p>&nbsp;<\/p>\n<p><strong>Design pratique<\/strong><br \/>\nLe sac \u00e0 dos dispose de longues poches lat\u00e9rales, parfaitement adapt\u00e9es aux bouteilles d&#8217;eau et aux parapluies. Les crochets m\u00e9talliques int\u00e9gr\u00e9s au design, \u00e0 l&#8217;int\u00e9rieur et sur la sangle, permettent d&#8217;accrocher des cl\u00e9s, des portefeuilles ou des bouteilles d&#8217;eau r\u00e9utilisables en toute s\u00e9curit\u00e9 et rapidement accessibles. <\/p>\n<p>&nbsp;<\/p>\n<p><strong>Designs vari\u00e9s<\/strong><br \/>\nDisponible en plusieurs couleurs, le sac \u00e0 dos Kind Bag offre un style adapt\u00e9 \u00e0 tous les go\u00fbts et \u00e0 toutes les occasions.<\/p>\n<p>&nbsp;<\/p>\n<p>Faites du sac \u00e0 dos Kind Bag votre compagnon de tous les jours et montrez que style et conscience \u00e9cologique peuvent aller de pair ! Id\u00e9al comme sac de cabine &#8211; voyagez intelligemment et en respectant l&#8217;environnement. <\/p>\n","protected":false},"excerpt":{"rendered":"<p>Sac \u00e0 dos fabriqu\u00e9 \u00e0 partir de 18 bouteilles de PET recycl\u00e9es &#8211; mat\u00e9riau 100% recycl\u00e9, \u00e9tanche, sans PFA. Compartiment rembourr\u00e9 pour ordinateur portable (13&#8243;), poche antivol, roll top et sangles ergonomiques. Durable et adapt\u00e9 \u00e0 la vie quotidienne.  <\/p>\n","protected":false},"featured_media":107498,"comment_status":"open","ping_status":"closed","template":"","meta":{"_acf_changed":false},"product_brand":[3013],"product_cat":[867],"product_tag":[],"class_list":{"0":"post-109232","1":"product","2":"type-product","3":"status-publish","4":"has-post-thumbnail","6":"product_brand-kind-bag","7":"product_cat-sacs-a-dos","8":"product_shipping_class-colis-jusqua-2-kg","9":"pa_farbe-noir-galet","10":"pa_farbe-orange-brulee","11":"pa_farbe-vert-mousse","13":"first","14":"onbackorder","15":"taxable","16":"shipping-taxable","17":"purchasable","18":"product-type-variable"},"acf":[],"_links":{"self":[{"href":"https:\/\/one-horizon.ch\/fr\/wp-json\/wp\/v2\/product\/109232","targetHints":{"allow":["GET"]}}],"collection":[{"href":"https:\/\/one-horizon.ch\/fr\/wp-json\/wp\/v2\/product"}],"about":[{"href":"https:\/\/one-horizon.ch\/fr\/wp-json\/wp\/v2\/types\/product"}],"replies":[{"embeddable":true,"href":"https:\/\/one-horizon.ch\/fr\/wp-json\/wp\/v2\/comments?post=109232"}],"wp:featuredmedia":[{"embeddable":true,"href":"https:\/\/one-horizon.ch\/fr\/wp-json\/wp\/v2\/media\/107498"}],"wp:attachment":[{"href":"https:\/\/one-horizon.ch\/fr\/wp-json\/wp\/v2\/media?parent=109232"}],"wp:term":[{"taxonomy":"product_brand","embeddable":true,"href":"https:\/\/one-horizon.ch\/fr\/wp-json\/wp\/v2\/product_brand?post=109232"},{"taxonomy":"product_cat","embeddable":true,"href":"https:\/\/one-horizon.ch\/fr\/wp-json\/wp\/v2\/product_cat?post=109232"},{"taxonomy":"product_tag","embeddable":true,"href":"https:\/\/one-horizon.ch\/fr\/wp-json\/wp\/v2\/product_tag?post=109232"}],"curies":[{"name":"wp","href":"https:\/\/api.w.org\/{rel}","templated":true}]}}