{"id":109233,"date":"2024-08-29T18:06:43","date_gmt":"2024-08-29T16:06:43","guid":{"rendered":"https:\/\/one-horizon.ch\/product\/enfant-sac-a-dos-moyen\/"},"modified":"2026-04-02T14:53:00","modified_gmt":"2026-04-02T12:53:00","slug":"enfant-sac-a-dos-moyen","status":"publish","type":"product","link":"https:\/\/one-horizon.ch\/fr\/product\/enfant-sac-a-dos-moyen\/","title":{"rendered":"Sac \u00e0 dos moyen"},"content":{"rendered":"<p><strong>Sac \u00e0 dos Kind Bag &#8211; \u00c9cologique et innovant<\/strong><\/p>\n<p>D\u00e9couvrez la nouvelle g\u00e9n\u00e9ration de sacs \u00e0 dos avec le Kind Bag, un compagnon parfait pour le citadin moderne. Ce sac \u00e0 dos allie fonctionnalit\u00e9 et durabilit\u00e9 dans un design \u00e9l\u00e9gant et a\u00e9rodynamique, \u00e0 la fois esth\u00e9tique et pratique. <\/p>\n<p>&nbsp;<\/p>\n<p><strong>Mat\u00e9riaux \u00e9cologiques<\/strong><br \/>\nLe Kind Bag est fabriqu\u00e9 \u00e0 partir de 18 bouteilles en plastique recycl\u00e9es, un t\u00e9moignage de notre engagement envers l&#8217;environnement. Tant l&#8217;ext\u00e9rieur que l&#8217;int\u00e9rieur, les \u00e9tiquettes et les fermetures \u00e9clair sont fabriqu\u00e9s \u00e0 partir de plastique 100% recycl\u00e9. De plus, la surface imperm\u00e9able sans rev\u00eatements PFA permet de garder vos affaires au sec m\u00eame en cas de pluie.  <\/p>\n<p>&nbsp;<\/p>\n<p><strong>Fonctionnalit\u00e9s innovantes<\/strong><\/p>\n<ul>\n<li><strong>Fermeture \u00e0 enroulement avec fermeture \u00e0 glissi\u00e8re :<\/strong> s\u00fbre et facile \u00e0 manipuler, elle augmente la capacit\u00e9 du sac \u00e0 dos.<\/li>\n<li><strong>Aimants extra puissants :<\/strong> assurent que les poign\u00e9es de transport et le roll top restent ferm\u00e9s sans effort et en toute s\u00e9curit\u00e9.<\/li>\n<li><strong>Confort et rangement :<\/strong> le rembourrage dorsal et les bretelles matelass\u00e9es avec une doublure recycl\u00e9e garantissent un grand confort de transport. Un compartiment sp\u00e9cial rembourr\u00e9 pour ordinateur portable prot\u00e8ge la plupart des mod\u00e8les 13 pouces, tandis que de petites poches int\u00e9rieures permettent de garder les choses en ordre. <\/li>\n<li><strong>Des options de rangement polyvalentes :<\/strong> De longues poches lat\u00e9rales permettent de ranger des bouteilles d&#8217;eau et des parapluies, tandis qu&#8217;une poche frontale facile d&#8217;acc\u00e8s et une poche antivol situ\u00e9e entre le rembourrage du dos et le compartiment principal offrent une s\u00e9curit\u00e9 suppl\u00e9mentaire.<\/li>\n<\/ul>\n<p>&nbsp;<\/p>\n<p><strong>S\u00e9curit\u00e9 et accessibilit\u00e9<\/strong><br \/>\nAvec une fermeture \u00e9clair lat\u00e9rale facilement accessible dans la poche antivol et deux crochets pratiques &#8211; un \u00e0 l&#8217;int\u00e9rieur et un sur la sangle &#8211; ce sac \u00e0 dos offre des conditions optimales pour garder vos objets de valeur et vos essentiels quotidiens en s\u00e9curit\u00e9 et \u00e0 port\u00e9e de main.<\/p>\n<p>&nbsp;<\/p>\n<p><strong>Parfait pour les voyages<\/strong><br \/>\nLe sac \u00e0 dos Kind Bag est homologu\u00e9 comme sac de cabine, ce qui en fait le compagnon de voyage id\u00e9al. Que ce soit pour un usage quotidien ou en voyage, ce sac \u00e0 dos allie \u00e9l\u00e9gance et praticit\u00e9. <\/p>\n<p>&nbsp;<\/p>\n<p>Faites du sac \u00e0 dos Kind Bag votre compagnon de tous les instants et faites la promotion d&#8217;un style de vie durable !<\/p>\n","protected":false},"excerpt":{"rendered":"<p>Le sac \u00e0 dos Kind Bag allie durabilit\u00e9 et fonctionnalit\u00e9. Fabriqu\u00e9 \u00e0 partir de 18 bouteilles en plastique recycl\u00e9es, il offre une fermeture \u00e0 enroulement, des aimants extra forts et un rembourrage confortable. \u00c9quip\u00e9 d&#8217;un compartiment pour ordinateur portable et d&#8217;une poche antivol, il est id\u00e9al pour les citadins soucieux de l&#8217;environnement.  <\/p>\n","protected":false},"featured_media":108064,"comment_status":"open","ping_status":"closed","template":"","meta":{"_acf_changed":false},"product_brand":[3013],"product_cat":[867],"product_tag":[],"class_list":{"0":"post-109233","1":"product","2":"type-product","3":"status-publish","4":"has-post-thumbnail","6":"product_brand-kind-bag","7":"product_cat-sacs-a-dos","8":"product_shipping_class-colis-jusqua-2-kg","9":"pa_farbe-bourgogne","10":"pa_farbe-dusty-blue-fr","11":"pa_farbe-gris-ardoise","12":"pa_farbe-jaune-toscan","13":"pa_farbe-kaki","14":"pa_farbe-marron-cacao","15":"pa_farbe-navy-fr","16":"pa_farbe-noir-galet","17":"pa_farbe-orange-brulee","18":"pa_farbe-vert-mousse","20":"first","21":"onbackorder","22":"taxable","23":"shipping-taxable","24":"purchasable","25":"product-type-variable"},"acf":[],"_links":{"self":[{"href":"https:\/\/one-horizon.ch\/fr\/wp-json\/wp\/v2\/product\/109233","targetHints":{"allow":["GET"]}}],"collection":[{"href":"https:\/\/one-horizon.ch\/fr\/wp-json\/wp\/v2\/product"}],"about":[{"href":"https:\/\/one-horizon.ch\/fr\/wp-json\/wp\/v2\/types\/product"}],"replies":[{"embeddable":true,"href":"https:\/\/one-horizon.ch\/fr\/wp-json\/wp\/v2\/comments?post=109233"}],"wp:featuredmedia":[{"embeddable":true,"href":"https:\/\/one-horizon.ch\/fr\/wp-json\/wp\/v2\/media\/108064"}],"wp:attachment":[{"href":"https:\/\/one-horizon.ch\/fr\/wp-json\/wp\/v2\/media?parent=109233"}],"wp:term":[{"taxonomy":"product_brand","embeddable":true,"href":"https:\/\/one-horizon.ch\/fr\/wp-json\/wp\/v2\/product_brand?post=109233"},{"taxonomy":"product_cat","embeddable":true,"href":"https:\/\/one-horizon.ch\/fr\/wp-json\/wp\/v2\/product_cat?post=109233"},{"taxonomy":"product_tag","embeddable":true,"href":"https:\/\/one-horizon.ch\/fr\/wp-json\/wp\/v2\/product_tag?post=109233"}],"curies":[{"name":"wp","href":"https:\/\/api.w.org\/{rel}","templated":true}]}}