{"id":109268,"date":"2024-08-28T14:00:07","date_gmt":"2024-08-28T12:00:07","guid":{"rendered":"https:\/\/one-horizon.ch\/product\/sacoche-dock-and-bay-weekender\/"},"modified":"2026-04-07T23:20:22","modified_gmt":"2026-04-07T21:20:22","slug":"sacoche-dock-and-bay-weekender","status":"publish","type":"product","link":"https:\/\/one-horizon.ch\/fr\/product\/sacoche-dock-and-bay-weekender\/","title":{"rendered":"Weekender"},"content":{"rendered":"<p>Les sacs Weekender sont les compagnons de voyage parfaits pour toutes les aventures. Ils permettent d&#8217;acc\u00e9der facilement \u00e0 tout ce dont vous avez besoin en d\u00e9placement et combinent style et fonctionnalit\u00e9. Fabriqu\u00e9 \u00e0 partir de bouteilles en plastique 100% recycl\u00e9es, le sac dispose d&#8217;une bandouli\u00e8re amovible, de poign\u00e9es magn\u00e9tiques, d&#8217;un rembourrage d&#8217;\u00e9paule antid\u00e9rapant et d&#8217;une housse de trolley pour voyager sans effort.  <\/p>\n<p>Avec deux poches zipp\u00e9es pour le passeport, une poche de rangement, un support pour la bouteille d&#8217;eau et un crochet \u00e9lastique pour les cl\u00e9s, faire ses bagages devient un plaisir.<\/p>\n<p>&nbsp;<\/p>\n<p><strong>Caract\u00e9ristiques<\/strong><\/p>\n<ul>\n<li>Fabriqu\u00e9 \u00e0 partir de 20 bouteilles en plastique recycl\u00e9es<\/li>\n<li>Sangle de transport amovible et poign\u00e9es magn\u00e9tiques<\/li>\n<li>Rembourrage d&#8217;\u00e9paule antid\u00e9rapant<\/li>\n<li>Housse pour valise trolley<\/li>\n<li>2 poches zipp\u00e9es, poche de rangement et support pour bouteille d&#8217;eau<\/li>\n<li>Crochet \u00e9lastique pour cl\u00e9s<\/li>\n<\/ul>\n","protected":false},"excerpt":{"rendered":"<p>Sac Weekender \u00e9l\u00e9gant fabriqu\u00e9 \u00e0 partir de bouteilles en plastique 100% recycl\u00e9es, avec une housse de trolley, une sangle amovible, plusieurs compartiments et une bandouli\u00e8re antid\u00e9rapante. Parfait pour les voyages ! <\/p>\n","protected":false},"featured_media":107310,"comment_status":"open","ping_status":"closed","template":"","meta":{"_acf_changed":false},"product_brand":[3013],"product_cat":[2519,1380],"product_tag":[3295],"class_list":{"0":"post-109268","1":"product","2":"type-product","3":"status-publish","4":"has-post-thumbnail","6":"product_brand-kind-bag","7":"product_cat-sac-a-bandouliere","8":"product_cat-sacs-de-sport","9":"product_tag-pour-vous","10":"product_shipping_class-colis-jusqua-2-kg","11":"pa_farbe-abstract-caramel-fr","12":"pa_farbe-abstract-flowers-vertrose","13":"pa_farbe-camouflage-fr","14":"pa_farbe-checkerb-teal-beige-fr","15":"pa_farbe-checkerboard-roseblue","16":"pa_farbe-dogtooth-fr","18":"first","19":"onbackorder","20":"taxable","21":"shipping-taxable","22":"purchasable","23":"product-type-variable"},"acf":[],"_links":{"self":[{"href":"https:\/\/one-horizon.ch\/fr\/wp-json\/wp\/v2\/product\/109268","targetHints":{"allow":["GET"]}}],"collection":[{"href":"https:\/\/one-horizon.ch\/fr\/wp-json\/wp\/v2\/product"}],"about":[{"href":"https:\/\/one-horizon.ch\/fr\/wp-json\/wp\/v2\/types\/product"}],"replies":[{"embeddable":true,"href":"https:\/\/one-horizon.ch\/fr\/wp-json\/wp\/v2\/comments?post=109268"}],"wp:featuredmedia":[{"embeddable":true,"href":"https:\/\/one-horizon.ch\/fr\/wp-json\/wp\/v2\/media\/107310"}],"wp:attachment":[{"href":"https:\/\/one-horizon.ch\/fr\/wp-json\/wp\/v2\/media?parent=109268"}],"wp:term":[{"taxonomy":"product_brand","embeddable":true,"href":"https:\/\/one-horizon.ch\/fr\/wp-json\/wp\/v2\/product_brand?post=109268"},{"taxonomy":"product_cat","embeddable":true,"href":"https:\/\/one-horizon.ch\/fr\/wp-json\/wp\/v2\/product_cat?post=109268"},{"taxonomy":"product_tag","embeddable":true,"href":"https:\/\/one-horizon.ch\/fr\/wp-json\/wp\/v2\/product_tag?post=109268"}],"curies":[{"name":"wp","href":"https:\/\/api.w.org\/{rel}","templated":true}]}}