{"id":109289,"date":"2024-08-28T13:43:46","date_gmt":"2024-08-28T11:43:46","guid":{"rendered":"https:\/\/one-horizon.ch\/product\/dock-and-bay-laptop-cover\/"},"modified":"2026-05-03T03:19:57","modified_gmt":"2026-05-03T01:19:57","slug":"dock-and-bay-laptop-cover","status":"publish","type":"product","link":"https:\/\/one-horizon.ch\/fr\/product\/dock-and-bay-laptop-cover\/","title":{"rendered":"\u00c9tui pour ordinateur portable"},"content":{"rendered":"<p>La housse pour ordinateur portable de Dock &amp; Bay prot\u00e8ge votre appareil avec style &#8211; et de mani\u00e8re durable : chaque housse est fabriqu\u00e9e \u00e0 partir de bouteilles en plastique recycl\u00e9es, ce qui constitue une v\u00e9ritable contribution \u00e0 l&#8217;\u00e9conomie circulaire.<\/p>\n<h2>Mat\u00e9riaux et durabilit\u00e9<\/h2>\n<p>Fabriqu\u00e9 \u00e0 partir de <strong>bouteilles en PET 100 % recycl\u00e9es<\/strong> &#8211; r\u00e9sistant \u00e0 l&#8217;eau, l\u00e9ger et lavable en machine.<\/p>\n<ul>\n<li><strong>Rembourrage :<\/strong> 1 cm piqu\u00e9, prot\u00e8ge des chocs et des rayures<\/li>\n<li><strong>Fermeture :<\/strong> Boutons m\u00e9talliques s\u00e9curis\u00e9s<\/li>\n<li><strong>Durable :<\/strong> 8 bouteilles en plastique recycl\u00e9es par housse<\/li>\n<\/ul>\n<h2>D\u00e9tails techniques<\/h2>\n<ul>\n<li>Mat\u00e9riau : RPET (100 % PET recycl\u00e9)<\/li>\n<li>Tailles : 13&#8243;, 16<\/li>\n<li>Designs : Navy Coffee, Shapes, Trippy Check, Waves, Wavy Check, Wavy Daisy<\/li>\n<\/ul>\n","protected":false},"excerpt":{"rendered":"<p>Housse d&#8217;ordinateur portable durable de Dock &amp; Bay fabriqu\u00e9e \u00e0 partir de bouteilles PET 100% recycl\u00e9es &#8211; rembourrage matelass\u00e9 d&#8217;1 cm, boutons m\u00e9talliques et imperm\u00e9able. Lavable en machine et disponible dans de beaux motifs, en 13&#8243; et 16&#8243;. <\/p>\n","protected":false},"featured_media":106920,"comment_status":"open","ping_status":"closed","template":"","meta":{"_acf_changed":false},"product_brand":[3013],"product_cat":[1104],"product_tag":[3295,3371],"class_list":{"0":"post-109289","1":"product","2":"type-product","3":"status-publish","4":"has-post-thumbnail","6":"product_brand-kind-bag","7":"product_cat-technique","8":"product_tag-pour-vous","9":"product_tag-recycle","10":"product_shipping_class-colis-jusqua-2-kg","12":"first","13":"onbackorder","14":"taxable","15":"shipping-taxable","16":"purchasable","17":"product-type-variable"},"acf":[],"_links":{"self":[{"href":"https:\/\/one-horizon.ch\/fr\/wp-json\/wp\/v2\/product\/109289","targetHints":{"allow":["GET"]}}],"collection":[{"href":"https:\/\/one-horizon.ch\/fr\/wp-json\/wp\/v2\/product"}],"about":[{"href":"https:\/\/one-horizon.ch\/fr\/wp-json\/wp\/v2\/types\/product"}],"replies":[{"embeddable":true,"href":"https:\/\/one-horizon.ch\/fr\/wp-json\/wp\/v2\/comments?post=109289"}],"wp:featuredmedia":[{"embeddable":true,"href":"https:\/\/one-horizon.ch\/fr\/wp-json\/wp\/v2\/media\/106920"}],"wp:attachment":[{"href":"https:\/\/one-horizon.ch\/fr\/wp-json\/wp\/v2\/media?parent=109289"}],"wp:term":[{"taxonomy":"product_brand","embeddable":true,"href":"https:\/\/one-horizon.ch\/fr\/wp-json\/wp\/v2\/product_brand?post=109289"},{"taxonomy":"product_cat","embeddable":true,"href":"https:\/\/one-horizon.ch\/fr\/wp-json\/wp\/v2\/product_cat?post=109289"},{"taxonomy":"product_tag","embeddable":true,"href":"https:\/\/one-horizon.ch\/fr\/wp-json\/wp\/v2\/product_tag?post=109289"}],"curies":[{"name":"wp","href":"https:\/\/api.w.org\/{rel}","templated":true}]}}