{"id":109311,"date":"2024-08-27T23:46:42","date_gmt":"2024-08-27T21:46:42","guid":{"rendered":"https:\/\/one-horizon.ch\/product\/margelisch-lowen-1-sac-a-bandouliere\/"},"modified":"2026-03-30T00:15:20","modified_gmt":"2026-03-29T22:15:20","slug":"margelisch-lowen-1-sac-a-bandouliere","status":"publish","type":"product","link":"https:\/\/one-horizon.ch\/fr\/product\/margelisch-lowen-1-sac-a-bandouliere\/","title":{"rendered":"Lowen 1"},"content":{"rendered":"<p>D\u00e9couvrez le compagnon id\u00e9al pour vos aventures urbaines &#8211; le sac de poitrine unisexe Lowen 1 de Margelisch. Ce sac polyvalent allie style, fonctionnalit\u00e9 et durabilit\u00e9, id\u00e9al pour tous ceux qui privil\u00e9gient le confort et la s\u00e9curit\u00e9. <\/p>\n<p>&nbsp;<\/p>\n<p><strong>Mat\u00e9riaux et finition<\/strong><br \/>\nL&#8217;ext\u00e9rieur est en toile robuste et imperm\u00e9able, recouverte d&#8217;une fine couche de PU pour garder vos affaires au sec et en s\u00e9curit\u00e9, m\u00eame par mauvais temps. La doublure int\u00e9rieure en poly-coton r\u00e9sistant offre une protection et une durabilit\u00e9 suppl\u00e9mentaires. La production et les mat\u00e9riaux utilis\u00e9s sont conformes aux normes \u00e9lev\u00e9es des certifications BSCI et T\u00dcV Rheinland, ce qui garantit non seulement la qualit\u00e9, mais aussi les normes \u00e9thiques de la production.  <\/p>\n<p>&nbsp;<\/p>\n<p><strong>Design et confort<\/strong><br \/>\nAvec son design fin et moderne, le sac &#8220;Lowen 1&#8221; s&#8217;adapte \u00e0 toutes les tenues et convient aussi bien aux hommes qu&#8217;aux femmes. La bandouli\u00e8re r\u00e9glable vous permet de le porter soit comme un sac de hanche, soit comme un sac de poitrine, selon votre style personnel ou votre confort. <\/p>\n<p>&nbsp;<\/p>\n<p><strong>S\u00e9curit\u00e9 et organisation<\/strong><br \/>\nLe sac dispose de deux poches ext\u00e9rieures zipp\u00e9es et d&#8217;une poche int\u00e9rieure zipp\u00e9e suppl\u00e9mentaire, qui garantissent que les petits objets dont vous avez besoin au quotidien, comme votre smartphone, vos cl\u00e9s ou votre portefeuille, sont bien rang\u00e9s et en s\u00e9curit\u00e9. L&#8217;acc\u00e8s zipp\u00e9 au compartiment principal permet de garder vos objets accessibles tout en les prot\u00e9geant. <\/p>\n<p>&nbsp;<\/p>\n<p><strong>Dimensions et capacit\u00e9<\/strong><br \/>\nDimensions : 24 x 12 x 6 cm<br \/>\nPoids : 275 g<br \/>\nVolume : 1,7 litre<\/p>\n<p>&nbsp;<\/p>\n<p>Le Lowen 1 de Margelisch est plus qu&#8217;un simple sac &#8211; c&#8217;est une d\u00e9claration de conscience de la mode et de fonctionnalit\u00e9 pratique. Id\u00e9al pour un usage quotidien, en voyage ou lors d&#8217;activit\u00e9s de plein air. Procurez-vous votre nouveau compagnon \u00e9l\u00e9gant d\u00e8s maintenant !  <\/p>\n","protected":false},"excerpt":{"rendered":"<p>Lowen 1 de Margelisch : sac de hanche et de poitrine unisexe styl\u00e9 avec deux compartiments zipp\u00e9s \u00e0 l&#8217;ext\u00e9rieur et un \u00e0 l&#8217;int\u00e9rieur. Toile imperm\u00e9able, fabriqu\u00e9e \u00e0 la main. <\/p>\n","protected":false},"featured_media":106710,"comment_status":"open","ping_status":"closed","template":"","meta":{"_acf_changed":false},"product_brand":[3019],"product_cat":[1321],"product_tag":[],"class_list":{"0":"post-109311","1":"product","2":"type-product","3":"status-publish","4":"has-post-thumbnail","6":"product_brand-margelisch","7":"product_cat-sacs-ventraux","8":"product_shipping_class-colis-jusqua-2-kg","9":"pa_farbe-bleu-fonce","10":"pa_farbe-noir","11":"pa_farbe-sable","13":"first","14":"onbackorder","15":"taxable","16":"shipping-taxable","17":"purchasable","18":"product-type-variable"},"acf":[],"_links":{"self":[{"href":"https:\/\/one-horizon.ch\/fr\/wp-json\/wp\/v2\/product\/109311","targetHints":{"allow":["GET"]}}],"collection":[{"href":"https:\/\/one-horizon.ch\/fr\/wp-json\/wp\/v2\/product"}],"about":[{"href":"https:\/\/one-horizon.ch\/fr\/wp-json\/wp\/v2\/types\/product"}],"replies":[{"embeddable":true,"href":"https:\/\/one-horizon.ch\/fr\/wp-json\/wp\/v2\/comments?post=109311"}],"wp:featuredmedia":[{"embeddable":true,"href":"https:\/\/one-horizon.ch\/fr\/wp-json\/wp\/v2\/media\/106710"}],"wp:attachment":[{"href":"https:\/\/one-horizon.ch\/fr\/wp-json\/wp\/v2\/media?parent=109311"}],"wp:term":[{"taxonomy":"product_brand","embeddable":true,"href":"https:\/\/one-horizon.ch\/fr\/wp-json\/wp\/v2\/product_brand?post=109311"},{"taxonomy":"product_cat","embeddable":true,"href":"https:\/\/one-horizon.ch\/fr\/wp-json\/wp\/v2\/product_cat?post=109311"},{"taxonomy":"product_tag","embeddable":true,"href":"https:\/\/one-horizon.ch\/fr\/wp-json\/wp\/v2\/product_tag?post=109311"}],"curies":[{"name":"wp","href":"https:\/\/api.w.org\/{rel}","templated":true}]}}