{"id":109326,"date":"2024-08-27T20:26:07","date_gmt":"2024-08-27T18:26:07","guid":{"rendered":"https:\/\/one-horizon.ch\/product\/margelisch-sac-a-dos-nemin-2\/"},"modified":"2026-03-30T00:15:31","modified_gmt":"2026-03-29T22:15:31","slug":"margelisch-sac-a-dos-nemin-2","status":"publish","type":"product","link":"https:\/\/one-horizon.ch\/fr\/product\/margelisch-sac-a-dos-nemin-2\/","title":{"rendered":"Nemin 2"},"content":{"rendered":"<p>\u00c9largissez votre gamme de produits avec le Nemin 2 de MARGELISCH, le sac \u00e0 dos pour ordinateur portable ultime pour les personnes mobiles et soucieuses des tendances. Le Nemin 2 s\u00e9duit par son design raffin\u00e9 en &#8220;taupe fonc\u00e9&#8221; et est sp\u00e9cialement con\u00e7u pour r\u00e9pondre aux besoins des navetteurs et des voyageurs. <\/p>\n<p>&nbsp;<\/p>\n<p><strong>D\u00e9tails du produit<\/strong><\/p>\n<ul>\n<li><strong>Mat\u00e9riaux :<\/strong> La toile coated de haute qualit\u00e9 assure la r\u00e9sistance \u00e0 l&#8217;eau et la durabilit\u00e9. La doublure robuste en poly-coton prot\u00e8ge le contenu et offre une stabilit\u00e9 suppl\u00e9mentaire. <\/li>\n<li>Compartiment <strong>pour ordinateur portable &amp; tablette :<\/strong> Le compartiment s\u00e9par\u00e9 et rembourr\u00e9 permet de ranger en toute s\u00e9curit\u00e9 un ordinateur portable 15&#8221; ainsi qu&#8217;une tablette 10,5&#8221;. Cette fonctionnalit\u00e9 est id\u00e9ale pour prot\u00e9ger vos appareils \u00e9lectroniques lors de vos d\u00e9placements. <\/li>\n<li><strong>Acc\u00e8s &amp; s\u00e9curit\u00e9 :<\/strong> une fermeture \u00e9clair \u00e9largie \u00e0 l&#8217;avant permet un acc\u00e8s facile et rapide \u00e0 l&#8217;int\u00e9rieur du sac \u00e0 dos sans compromettre la s\u00e9curit\u00e9.<\/li>\n<li><strong>Confort :<\/strong> Le dos rembourr\u00e9 et les fermetures rapides G-Hook augmentent le confort de portage et rendent le sac \u00e0 dos id\u00e9al pour les longues p\u00e9riodes de portage.<\/li>\n<li><strong>Poches suppl\u00e9mentaires :<\/strong> Deux poches suppl\u00e9mentaires permettent d&#8217;organiser les petits objets tels que les cl\u00e9s, les blocs-notes ou les smartphones.<\/li>\n<li><strong>Utilisation flexible :<\/strong> con\u00e7u comme un sac \u00e0 dos \u00e0 roulettes, le Nemin 2 offre un espace suppl\u00e9mentaire et une flexibilit\u00e9 pour les jours o\u00f9 vous avez besoin de ranger un peu plus.<\/li>\n<\/ul>\n<p>&nbsp;<\/p>\n<p>Le Nemin 2 en taupe fonc\u00e9 n&#8217;est pas seulement fonctionnel, il est aussi \u00e0 la mode et repr\u00e9sente le m\u00e9lange parfait de style et de fonctionnalit\u00e9 pour les urbanistes et les voyageurs modernes. Proposez \u00e0 vos clients de faciliter leur mobilit\u00e9 professionnelle et personnelle avec style. Id\u00e9al pour la vente en boutique, dans les magasins sp\u00e9cialis\u00e9s ou en ligne, le Nemin 2 est un must-have pour tous ceux qui attachent de l&#8217;importance \u00e0 la qualit\u00e9, au design et \u00e0 la praticit\u00e9.  <\/p>\n","protected":false},"excerpt":{"rendered":"<p>Nemin 2&#8243; : sac \u00e0 dos design et fonctionnel pour ordinateur portable 15 pouces avec compartiment bureautique s\u00e9par\u00e9 et int\u00e9rieur facilement accessible. Tissu ext\u00e9rieur en toile imperm\u00e9able. Id\u00e9al pour le travail et les voyages.  <\/p>\n","protected":false},"featured_media":106394,"comment_status":"open","ping_status":"closed","template":"","meta":{"_acf_changed":false},"product_brand":[3019],"product_cat":[867],"product_tag":[],"class_list":{"0":"post-109326","1":"product","2":"type-product","3":"status-publish","4":"has-post-thumbnail","6":"product_brand-margelisch","7":"product_cat-sacs-a-dos","8":"product_shipping_class-colis-jusqua-2-kg","9":"pa_farbe-noir","10":"pa_farbe-sable","11":"pa_farbe-taupe-fonce","13":"first","14":"onbackorder","15":"taxable","16":"shipping-taxable","17":"purchasable","18":"product-type-variable"},"acf":[],"_links":{"self":[{"href":"https:\/\/one-horizon.ch\/fr\/wp-json\/wp\/v2\/product\/109326","targetHints":{"allow":["GET"]}}],"collection":[{"href":"https:\/\/one-horizon.ch\/fr\/wp-json\/wp\/v2\/product"}],"about":[{"href":"https:\/\/one-horizon.ch\/fr\/wp-json\/wp\/v2\/types\/product"}],"replies":[{"embeddable":true,"href":"https:\/\/one-horizon.ch\/fr\/wp-json\/wp\/v2\/comments?post=109326"}],"wp:featuredmedia":[{"embeddable":true,"href":"https:\/\/one-horizon.ch\/fr\/wp-json\/wp\/v2\/media\/106394"}],"wp:attachment":[{"href":"https:\/\/one-horizon.ch\/fr\/wp-json\/wp\/v2\/media?parent=109326"}],"wp:term":[{"taxonomy":"product_brand","embeddable":true,"href":"https:\/\/one-horizon.ch\/fr\/wp-json\/wp\/v2\/product_brand?post=109326"},{"taxonomy":"product_cat","embeddable":true,"href":"https:\/\/one-horizon.ch\/fr\/wp-json\/wp\/v2\/product_cat?post=109326"},{"taxonomy":"product_tag","embeddable":true,"href":"https:\/\/one-horizon.ch\/fr\/wp-json\/wp\/v2\/product_tag?post=109326"}],"curies":[{"name":"wp","href":"https:\/\/api.w.org\/{rel}","templated":true}]}}