{"id":109335,"date":"2024-08-27T23:37:08","date_gmt":"2024-08-27T21:37:08","guid":{"rendered":"https:\/\/one-horizon.ch\/product\/margelisch-vera-1-necessaire\/"},"modified":"2026-03-30T00:15:33","modified_gmt":"2026-03-29T22:15:33","slug":"margelisch-vera-1-necessaire","status":"publish","type":"product","link":"https:\/\/one-horizon.ch\/fr\/product\/margelisch-vera-1-necessaire\/","title":{"rendered":"Vera 1"},"content":{"rendered":"<p>La trousse de toilette Vera 1 de Margelisch est le compagnon de voyage id\u00e9al pour tous ceux qui souhaitent allier style et fonctionnalit\u00e9 en un seul produit. Cette trousse de toilette se distingue par son design \u00e9l\u00e9gant et ses rangements pratiques. <\/p>\n<p>&nbsp;<\/p>\n<p><strong>Mat\u00e9riaux et qualit\u00e9<\/strong><br \/>\nLe mat\u00e9riau ext\u00e9rieur est en toile avec une fine couche de PU qui rend le sac efficacement imperm\u00e9able. Cette combinaison de mat\u00e9riaux garantit la durabilit\u00e9 et la protection contre l&#8217;humidit\u00e9. La doublure int\u00e9rieure en poly-coton r\u00e9sistant compl\u00e8te la qualit\u00e9 sup\u00e9rieure du produit et permet de conserver vos articles de toilette en toute s\u00e9curit\u00e9 et protection.  <\/p>\n<p>&nbsp;<\/p>\n<p><strong>R\u00e9partition intelligente<\/strong><br \/>\nAvec une taille de 24 x 11 x 11 cm et un volume total de 2,9 litres, la trousse de toilette offre suffisamment de place pour tous vos produits de soin. L&#8217;agencement int\u00e9rieur bien pens\u00e9 comprend quatre poches avec \u00e9lastique qui assurent l&#8217;ordre et la clart\u00e9, ainsi qu&#8217;une poche suppl\u00e9mentaire zipp\u00e9e pour les petits objets et les objets de valeur. <\/p>\n<p>&nbsp;<\/p>\n<p><strong>Durabilit\u00e9 et \u00e9thique<\/strong><br \/>\nLa production de Vera 1 a lieu dans une usine certifi\u00e9e BSCI et T\u00dcV Rheinland, et une grande importance est accord\u00e9e aux conditions de travail \u00e9quitables et \u00e0 la qualit\u00e9. Cela confirme l&#8217;engagement de Margelisch en faveur de normes de production \u00e9thiques et de la durabilit\u00e9. <\/p>\n<p>&nbsp;<\/p>\n<p>Facilit\u00e9 <strong>d&#8217;utilisation<\/strong><br \/>\nLa fermeture \u00e9clair pratique permet un acc\u00e8s facile et \u00e9tendu au compartiment principal, ce qui vous permet d&#8217;acc\u00e9der rapidement \u00e0 vos ustensiles \u00e0 tout moment.<\/p>\n<p>&nbsp;<\/p>\n<p>Que ce soit en voyage, \u00e0 la salle de sport ou en d\u00e9placement professionnel, la trousse Vera 1 de Margelisch est un compagnon indispensable qui allie habilement style, fonctionnalit\u00e9 et durabilit\u00e9. D\u00e9couvrez l&#8217;\u00e9quilibre parfait entre le design et la praticit\u00e9 avec cette trousse de toilette exclusive. <\/p>\n","protected":false},"excerpt":{"rendered":"<p>Vera 1 de Margelisch : Trousse de toilette styl\u00e9e et imperm\u00e9able en toile avec un grand acc\u00e8s zipp\u00e9, quatre poches et un compartiment zipp\u00e9.<\/p>\n","protected":false},"featured_media":106557,"comment_status":"open","ping_status":"closed","template":"","meta":{"_acf_changed":false},"product_brand":[3019],"product_cat":[1294],"product_tag":[],"class_list":{"0":"post-109335","1":"product","2":"type-product","3":"status-publish","4":"has-post-thumbnail","6":"product_brand-margelisch","7":"product_cat-necessaires-fr","8":"product_shipping_class-colis-jusqua-2-kg","9":"pa_farbe-bleu-fonce","10":"pa_farbe-noir","11":"pa_farbe-vin","13":"first","14":"onbackorder","15":"taxable","16":"shipping-taxable","17":"purchasable","18":"product-type-variable"},"acf":[],"_links":{"self":[{"href":"https:\/\/one-horizon.ch\/fr\/wp-json\/wp\/v2\/product\/109335","targetHints":{"allow":["GET"]}}],"collection":[{"href":"https:\/\/one-horizon.ch\/fr\/wp-json\/wp\/v2\/product"}],"about":[{"href":"https:\/\/one-horizon.ch\/fr\/wp-json\/wp\/v2\/types\/product"}],"replies":[{"embeddable":true,"href":"https:\/\/one-horizon.ch\/fr\/wp-json\/wp\/v2\/comments?post=109335"}],"wp:featuredmedia":[{"embeddable":true,"href":"https:\/\/one-horizon.ch\/fr\/wp-json\/wp\/v2\/media\/106557"}],"wp:attachment":[{"href":"https:\/\/one-horizon.ch\/fr\/wp-json\/wp\/v2\/media?parent=109335"}],"wp:term":[{"taxonomy":"product_brand","embeddable":true,"href":"https:\/\/one-horizon.ch\/fr\/wp-json\/wp\/v2\/product_brand?post=109335"},{"taxonomy":"product_cat","embeddable":true,"href":"https:\/\/one-horizon.ch\/fr\/wp-json\/wp\/v2\/product_cat?post=109335"},{"taxonomy":"product_tag","embeddable":true,"href":"https:\/\/one-horizon.ch\/fr\/wp-json\/wp\/v2\/product_tag?post=109335"}],"curies":[{"name":"wp","href":"https:\/\/api.w.org\/{rel}","templated":true}]}}