{"id":109342,"date":"2024-08-27T20:00:25","date_gmt":"2024-08-27T18:00:25","guid":{"rendered":"https:\/\/one-horizon.ch\/product\/margelisch-sac-a-dos-pantho-1\/"},"modified":"2026-03-30T00:15:35","modified_gmt":"2026-03-29T22:15:35","slug":"margelisch-sac-a-dos-pantho-1","status":"publish","type":"product","link":"https:\/\/one-horizon.ch\/fr\/product\/margelisch-sac-a-dos-pantho-1\/","title":{"rendered":"Pantho 1"},"content":{"rendered":"<p>Vous \u00eates \u00e0 la recherche d&#8217;un sac \u00e0 dos \u00e0 la fois fonctionnel et \u00e0 la mode ? Le &#8220;Pantho 1&#8221; de MARGELISCH pourrait bien mettre fin \u00e0 votre qu\u00eate. Cette \u00e9l\u00e9gante pi\u00e8ce orange allie confort et design pratique. C&#8217;est un must pour tous ceux qui se d\u00e9placent, que ce soit pour aller au travail, \u00e0 l&#8217;universit\u00e9 ou pour des escapades en ville.  <\/p>\n<p>&nbsp;<\/p>\n<p><strong>Dimension et capacit\u00e9<\/strong><\/p>\n<p>Avec ses dimensions de 20 x 46 x 14 cm et son poids plume de 845 g seulement, le &#8220;Pantho 1&#8221; est compact et confortable \u00e0 porter, sans pour autant renoncer \u00e0 l&#8217;espace de rangement. Avec ses 12,8 litres, ce sac \u00e0 dos vous permet de transporter tout ce dont vous avez besoin, de votre ordinateur portable 15 pouces \u00e0 votre tablette 10,5 pouces, sans faire de compromis sur l&#8217;organisation de vos essentiels. <\/p>\n<p>&nbsp;<\/p>\n<p><strong>Mat\u00e9riaux et protection<\/strong><\/p>\n<p>Le mat\u00e9riau ext\u00e9rieur en toile coated n&#8217;est pas seulement imperm\u00e9able, il est aussi esth\u00e9tique. Associ\u00e9 \u00e0 une doublure int\u00e9rieure en poly-coton robuste, ce sac \u00e0 dos prot\u00e8ge efficacement vos objets de valeur contre l&#8217;humidit\u00e9 et l&#8217;usure. Vos appareils et documents restent ainsi toujours au sec et en s\u00e9curit\u00e9.  <\/p>\n<p>&nbsp;<\/p>\n<p><strong>Confort et fonctionnalit\u00e9<\/strong><\/p>\n<p>L&#8217;acc\u00e8s zipp\u00e9 profond permet de ranger et de retirer facilement vos affaires, tandis que le dos rembourr\u00e9 et les bretelles ergonomiques garantissent un port confortable, m\u00eame lorsque la journ\u00e9e se prolonge. L&#8217;int\u00e9rieur du sac \u00e0 dos est dot\u00e9 d&#8217;un compartiment sp\u00e9cialement rembourr\u00e9 pour l&#8217;ordinateur portable et de deux poches pour un acc\u00e8s facile et ordonn\u00e9. Une poche zipp\u00e9e suppl\u00e9mentaire sur le devant permet de ranger les petits objets rapidement accessibles, comme votre t\u00e9l\u00e9phone portable ou votre portefeuille.  <\/p>\n<p>&nbsp;<\/p>\n<p><strong>Un v\u00e9ritable accroche-regard<\/strong><\/p>\n<p>Le Pantho 1, avec ses couleurs vives et orang\u00e9es, attire l&#8217;attention et fait une d\u00e9claration de mode. Il combine ais\u00e9ment fonctionnalit\u00e9 et design tendance, ce qui en fait le compagnon id\u00e9al de tous ceux qui ne veulent pas renoncer au style, m\u00eame en d\u00e9placement. <\/p>\n<p>&nbsp;<\/p>\n<p>Que ce soit pour la vie quotidienne ou comme compagnon de voyage, le &#8220;Pantho 1&#8221; de MARGELISCH se distingue de la masse par ses caract\u00e9ristiques bien pens\u00e9es et son design marquant.<\/p>\n","protected":false},"excerpt":{"rendered":"<p>Le &#8220;Margelisch &#8211; Pantho 1&#8221; en orange est un sac \u00e0 dos pour ordinateur portable de 15 pouces tr\u00e8s tendance avec un mat\u00e9riau imperm\u00e9able, un dos rembourr\u00e9, des compartiments pour ordinateur portable et tablette ainsi que des poches suppl\u00e9mentaires. L\u00e9ger et spacieux, il est id\u00e9al pour le quotidien. <\/p>\n","protected":false},"featured_media":106292,"comment_status":"open","ping_status":"closed","template":"","meta":{"_acf_changed":false},"product_brand":[3019],"product_cat":[867],"product_tag":[],"class_list":{"0":"post-109342","1":"product","2":"type-product","3":"status-publish","4":"has-post-thumbnail","6":"product_brand-margelisch","7":"product_cat-sacs-a-dos","8":"product_shipping_class-colis-jusqua-2-kg","9":"pa_farbe-noir","10":"pa_farbe-orange-fr","11":"pa_farbe-taupe-fonce","13":"first","14":"onbackorder","15":"taxable","16":"shipping-taxable","17":"purchasable","18":"product-type-variable"},"acf":[],"_links":{"self":[{"href":"https:\/\/one-horizon.ch\/fr\/wp-json\/wp\/v2\/product\/109342","targetHints":{"allow":["GET"]}}],"collection":[{"href":"https:\/\/one-horizon.ch\/fr\/wp-json\/wp\/v2\/product"}],"about":[{"href":"https:\/\/one-horizon.ch\/fr\/wp-json\/wp\/v2\/types\/product"}],"replies":[{"embeddable":true,"href":"https:\/\/one-horizon.ch\/fr\/wp-json\/wp\/v2\/comments?post=109342"}],"wp:featuredmedia":[{"embeddable":true,"href":"https:\/\/one-horizon.ch\/fr\/wp-json\/wp\/v2\/media\/106292"}],"wp:attachment":[{"href":"https:\/\/one-horizon.ch\/fr\/wp-json\/wp\/v2\/media?parent=109342"}],"wp:term":[{"taxonomy":"product_brand","embeddable":true,"href":"https:\/\/one-horizon.ch\/fr\/wp-json\/wp\/v2\/product_brand?post=109342"},{"taxonomy":"product_cat","embeddable":true,"href":"https:\/\/one-horizon.ch\/fr\/wp-json\/wp\/v2\/product_cat?post=109342"},{"taxonomy":"product_tag","embeddable":true,"href":"https:\/\/one-horizon.ch\/fr\/wp-json\/wp\/v2\/product_tag?post=109342"}],"curies":[{"name":"wp","href":"https:\/\/api.w.org\/{rel}","templated":true}]}}