{"id":109350,"date":"2024-08-27T20:41:59","date_gmt":"2024-08-27T18:41:59","guid":{"rendered":"https:\/\/one-horizon.ch\/product\/margelisch-kulturbeutel-wamu-1\/"},"modified":"2026-03-30T00:15:37","modified_gmt":"2026-03-29T22:15:37","slug":"margelisch-kulturbeutel-wamu-1","status":"publish","type":"product","link":"https:\/\/one-horizon.ch\/fr\/product\/margelisch-kulturbeutel-wamu-1\/","title":{"rendered":"Wamu 1"},"content":{"rendered":"<p>Pr\u00e9parez vos voyages avec classe et confort gr\u00e2ce \u00e0 la trousse de toilette Wamu 1 de Margelisch. Cette trousse de toilette non seulement pratique, mais aussi tr\u00e8s tendance, de couleur bleu fonc\u00e9, est le compagnon id\u00e9al pour tout le monde. <\/p>\n<p>&nbsp;<\/p>\n<p><strong>Dimensions et poids<\/strong><\/p>\n<p>Avec ses dimensions spacieuses de 24 x 15 x 11 cm et son poids plume de 260 g seulement, le Wamu 1 offre suffisamment d&#8217;espace pour une charge minimale. Avec un volume de 3,9 litres, vous pouvez facilement ranger tous vos produits de soins et articles de toilette. <\/p>\n<p>&nbsp;<\/p>\n<p><strong>Mat\u00e9riau<\/strong><\/p>\n<p>L&#8217;ext\u00e9rieur est en toile enduite, r\u00e9sistante \u00e0 l&#8217;eau gr\u00e2ce \u00e0 une fine couche de PU, tandis que l&#8217;int\u00e9rieur est en polycoton r\u00e9sistant. Cette combinaison de mat\u00e9riaux garantit la durabilit\u00e9 et la protection contre toutes les intemp\u00e9ries. <\/p>\n<p>&nbsp;<\/p>\n<p><strong>Design et fonction<\/strong><\/p>\n<p>Cette trousse de toilette pr\u00e9sente un design \u00e9l\u00e9gant et des caract\u00e9ristiques fonctionnelles. Elle dispose de deux compartiments ext\u00e9rieurs zipp\u00e9s, d&#8217;un autre compartiment zipp\u00e9 et d&#8217;une poche int\u00e9rieure, parfaitement organis\u00e9e pour garder tous les objets n\u00e9cessaires \u00e0 port\u00e9e de main. <\/p>\n<p>&nbsp;<\/p>\n<p><strong>Garantie de qualit\u00e9<\/strong><\/p>\n<p>Le Wamu 1 est fabriqu\u00e9 \u00e0 la main et provient d&#8217;une usine de production certifi\u00e9e \u00e0 la fois BSCI et T\u00dcV Rheinland, ce qui garantit un niveau \u00e9lev\u00e9 de qualit\u00e9 et de responsabilit\u00e9 \u00e9thique.<\/p>\n<p>&nbsp;<\/p>\n<p><strong>Polyvalence d&#8217;utilisation<\/strong><\/p>\n<p>Que vous soyez en voyage d&#8217;affaires, en vacances ou \u00e0 la salle de sport, cette trousse de toilette est un compagnon indispensable qui allie parfaitement style et fonctionnalit\u00e9.<\/p>\n<p>&nbsp;<\/p>\n<p>Avec la trousse de toilette Margelisch Wamu 1, vous choisissez un partenaire fiable pour tous vos d\u00e9placements. Commandez d\u00e8s maintenant et d\u00e9couvrez la combinaison parfaite entre style, fonctionnalit\u00e9 et durabilit\u00e9 ! <\/p>\n","protected":false},"excerpt":{"rendered":"<p>Wamu 1 de Margelisch : Trousse de toilette styl\u00e9e et imperm\u00e9able en toile avec deux compartiments ext\u00e9rieurs et un int\u00e9rieur bien pens\u00e9. Fabriqu\u00e9e \u00e0 la main et certifi\u00e9e. <\/p>\n","protected":false},"featured_media":106487,"comment_status":"open","ping_status":"closed","template":"","meta":{"_acf_changed":false},"product_brand":[3019],"product_cat":[1294],"product_tag":[],"class_list":{"0":"post-109350","1":"product","2":"type-product","3":"status-publish","4":"has-post-thumbnail","6":"product_brand-margelisch","7":"product_cat-necessaires-fr","8":"product_shipping_class-colis-jusqua-2-kg","9":"pa_farbe-bleu-fonce","10":"pa_farbe-noir","12":"first","13":"onbackorder","14":"taxable","15":"shipping-taxable","16":"purchasable","17":"product-type-variable"},"acf":[],"_links":{"self":[{"href":"https:\/\/one-horizon.ch\/fr\/wp-json\/wp\/v2\/product\/109350","targetHints":{"allow":["GET"]}}],"collection":[{"href":"https:\/\/one-horizon.ch\/fr\/wp-json\/wp\/v2\/product"}],"about":[{"href":"https:\/\/one-horizon.ch\/fr\/wp-json\/wp\/v2\/types\/product"}],"replies":[{"embeddable":true,"href":"https:\/\/one-horizon.ch\/fr\/wp-json\/wp\/v2\/comments?post=109350"}],"wp:featuredmedia":[{"embeddable":true,"href":"https:\/\/one-horizon.ch\/fr\/wp-json\/wp\/v2\/media\/106487"}],"wp:attachment":[{"href":"https:\/\/one-horizon.ch\/fr\/wp-json\/wp\/v2\/media?parent=109350"}],"wp:term":[{"taxonomy":"product_brand","embeddable":true,"href":"https:\/\/one-horizon.ch\/fr\/wp-json\/wp\/v2\/product_brand?post=109350"},{"taxonomy":"product_cat","embeddable":true,"href":"https:\/\/one-horizon.ch\/fr\/wp-json\/wp\/v2\/product_cat?post=109350"},{"taxonomy":"product_tag","embeddable":true,"href":"https:\/\/one-horizon.ch\/fr\/wp-json\/wp\/v2\/product_tag?post=109350"}],"curies":[{"name":"wp","href":"https:\/\/api.w.org\/{rel}","templated":true}]}}