{"id":109357,"date":"2024-08-28T01:12:58","date_gmt":"2024-08-27T23:12:58","guid":{"rendered":"https:\/\/one-horizon.ch\/product\/margelisch-bukal-1-sac-a-dos\/"},"modified":"2026-03-30T00:15:44","modified_gmt":"2026-03-29T22:15:44","slug":"margelisch-bukal-1-sac-a-dos","status":"publish","type":"product","link":"https:\/\/one-horizon.ch\/fr\/product\/margelisch-bukal-1-sac-a-dos\/","title":{"rendered":"Bukal 1"},"content":{"rendered":"<p>Pr\u00e9parez-vous \u00e0 la vie urbaine de tous les jours avec le Bukal 1, le sac \u00e0 dos pour ordinateur portable 15 pouces sobre et tendance de Margelisch. Ce sac \u00e0 dos allie design minimaliste et fonctionnalit\u00e9 et offre une protection et un confort parfaits pour vos appareils \u00e9lectroniques. <\/p>\n<p>&nbsp;<\/p>\n<p><strong>Mat\u00e9riau<\/strong><\/p>\n<p>La housse ext\u00e9rieure est fabriqu\u00e9e dans une toile coated de haute qualit\u00e9 qui r\u00e9siste \u00e0 l&#8217;eau gr\u00e2ce \u00e0 un fin rev\u00eatement PU. Cela prot\u00e8ge parfaitement vos appareils \u00e9lectroniques et vos documents contre l&#8217;humidit\u00e9. Le mat\u00e9riau int\u00e9rieur en poly-coton robuste garantit une grande durabilit\u00e9 et une protection de vos objets.  <\/p>\n<p>&nbsp;<\/p>\n<p><strong>Design et fonction<\/strong><\/p>\n<p>Le Bukal 1 se distingue par sa fermeture \u00e0 glissi\u00e8re profonde qui facilite l&#8217;acc\u00e8s \u00e0 l&#8217;int\u00e9rieur du sac \u00e0 dos. Un compartiment rembourr\u00e9 pour ordinateur portable de 15 pouces et un autre pour une tablette de 10,5 pouces garantissent la s\u00e9curit\u00e9 et la protection de vos appareils. Deux poches suppl\u00e9mentaires \u00e0 l&#8217;int\u00e9rieur permettent de ranger les petits objets. De plus, une grande poche zipp\u00e9e \u00e0 l&#8217;avant permet de ranger votre portefeuille et votre t\u00e9l\u00e9phone portable.   <\/p>\n<p>&nbsp;<\/p>\n<p><strong>Garantie de qualit\u00e9<\/strong><\/p>\n<p>Chaque sac \u00e0 dos Bukal 1 est fabriqu\u00e9 \u00e0 la main dans une usine certifi\u00e9e BSCI et T\u00dcV Rheinland. Cela permet non seulement de garantir la qualit\u00e9 du sac \u00e0 dos, mais aussi d&#8217;assurer une production responsable. <\/p>\n<p>&nbsp;<\/p>\n<p><strong>Polyvalence d&#8217;utilisation<\/strong><\/p>\n<p>Id\u00e9al pour le bureau, l&#8217;universit\u00e9 ou comme compagnon quotidien lors de vos escapades urbaines, le sac \u00e0 dos pour ordinateur portable Bukal 1, fin et fonctionnel, est un compagnon indispensable pour tous ceux qui accordent de l&#8217;importance au style, \u00e0 la fonctionnalit\u00e9 et \u00e0 la durabilit\u00e9.<\/p>\n<p>&nbsp;<\/p>\n<p><strong>Dimensions et poids<\/strong><\/p>\n<p>Avec ses dimensions de 26 x 41 x 14 cm et un poids de seulement 770 g, le Bukal 1 est spacieux sans \u00eatre lourd. Avec un volume de 26,4 litres, il offre suffisamment d&#8217;espace pour accueillir un ordinateur portable jusqu&#8217;\u00e0 15 pouces, une tablette jusqu&#8217;\u00e0 10,5 pouces et d&#8217;autres objets du quotidien. <\/p>\n<p>&nbsp;<\/p>\n<p>Choisissez le Margelisch Bukal 1 pour profiter d&#8217;une combinaison parfaite de style, de protection et de fonctionnalit\u00e9 pratique. Commandez d\u00e8s maintenant et faites une d\u00e9claration dans la mobilit\u00e9 urbaine ! <\/p>\n","protected":false},"excerpt":{"rendered":"<p>D\u00e9couvrez le Bukal 1 de Margelisch : un sac \u00e0 dos pour ordinateur portable 15&#8243; tendance et r\u00e9sistant \u00e0 l&#8217;eau. Compact (26 x 41 x 14cm, 770g), il est dot\u00e9 d&#8217;une spacieuse poche frontale et de compartiments rembourr\u00e9s pour ordinateur portable et tablette. <\/p>\n","protected":false},"featured_media":106194,"comment_status":"open","ping_status":"closed","template":"","meta":{"_acf_changed":false},"product_brand":[3019],"product_cat":[867],"product_tag":[],"class_list":{"0":"post-109357","1":"product","2":"type-product","3":"status-publish","4":"has-post-thumbnail","6":"product_brand-margelisch","7":"product_cat-sacs-a-dos","8":"product_shipping_class-colis-jusqua-2-kg","9":"pa_farbe-bleu-fonce","10":"pa_farbe-noir","11":"pa_farbe-taupe-fonce","13":"first","14":"onbackorder","15":"taxable","16":"shipping-taxable","17":"purchasable","18":"product-type-variable"},"acf":[],"_links":{"self":[{"href":"https:\/\/one-horizon.ch\/fr\/wp-json\/wp\/v2\/product\/109357","targetHints":{"allow":["GET"]}}],"collection":[{"href":"https:\/\/one-horizon.ch\/fr\/wp-json\/wp\/v2\/product"}],"about":[{"href":"https:\/\/one-horizon.ch\/fr\/wp-json\/wp\/v2\/types\/product"}],"replies":[{"embeddable":true,"href":"https:\/\/one-horizon.ch\/fr\/wp-json\/wp\/v2\/comments?post=109357"}],"wp:featuredmedia":[{"embeddable":true,"href":"https:\/\/one-horizon.ch\/fr\/wp-json\/wp\/v2\/media\/106194"}],"wp:attachment":[{"href":"https:\/\/one-horizon.ch\/fr\/wp-json\/wp\/v2\/media?parent=109357"}],"wp:term":[{"taxonomy":"product_brand","embeddable":true,"href":"https:\/\/one-horizon.ch\/fr\/wp-json\/wp\/v2\/product_brand?post=109357"},{"taxonomy":"product_cat","embeddable":true,"href":"https:\/\/one-horizon.ch\/fr\/wp-json\/wp\/v2\/product_cat?post=109357"},{"taxonomy":"product_tag","embeddable":true,"href":"https:\/\/one-horizon.ch\/fr\/wp-json\/wp\/v2\/product_tag?post=109357"}],"curies":[{"name":"wp","href":"https:\/\/api.w.org\/{rel}","templated":true}]}}