{"id":109365,"date":"2024-08-28T01:30:06","date_gmt":"2024-08-27T23:30:06","guid":{"rendered":"https:\/\/one-horizon.ch\/product\/margelisch-bandir-2-sac-a-dos\/"},"modified":"2026-04-02T00:08:51","modified_gmt":"2026-04-01T22:08:51","slug":"margelisch-bandir-2-sac-a-dos","status":"publish","type":"product","link":"https:\/\/one-horizon.ch\/fr\/product\/margelisch-bandir-2-sac-a-dos\/","title":{"rendered":"Bandir 2"},"content":{"rendered":"<p>Pr\u00e9parez-vous de mani\u00e8re optimale \u00e0 vos activit\u00e9s professionnelles et personnelles avec le sac \u00e0 dos Bandir 2 de Margelisch. Ce sac \u00e0 dos classique et polyvalent pour ordinateur portable de 15 pouces combine des fonctions utiles avec un design moderne et \u00e9l\u00e9gant, ce qui en fait le compagnon id\u00e9al. <\/p>\n<p>&nbsp;<\/p>\n<p><strong>Mat\u00e9riau<\/strong><\/p>\n<p>L&#8217;ext\u00e9rieur est en toile enduite, r\u00e9sistante \u00e0 l&#8217;eau gr\u00e2ce \u00e0 une fine couche de PU, tandis que l&#8217;int\u00e9rieur est en polycoton robuste. Cette combinaison garantit la durabilit\u00e9 et la protection contre les intemp\u00e9ries. <\/p>\n<p>&nbsp;<\/p>\n<p><strong>Design et fonction<\/strong><\/p>\n<p>Le Bandir 2 se caract\u00e9rise par un agencement bien pens\u00e9 de ses compartiments et de ses caract\u00e9ristiques. Outre un grand compartiment principal s\u00e9curis\u00e9 par un rabat avec cordon de serrage, il dispose d&#8217;une poche frontale zipp\u00e9e et d&#8217;une poche secr\u00e8te dans le rabat, parfaite pour les objets de valeur. Les compartiments rembourr\u00e9s pour un ordinateur portable jusqu&#8217;\u00e0 15 pouces et une tablette jusqu&#8217;\u00e0 10,5 pouces offrent une protection s\u00fbre pour votre \u00e9lectronique. Deux pochettes suppl\u00e9mentaires \u00e0 l&#8217;int\u00e9rieur permettent de ranger de mani\u00e8re ordonn\u00e9e les petits objets.   <\/p>\n<p>&nbsp;<\/p>\n<p><strong>Garantie de qualit\u00e9<\/strong><\/p>\n<p>Le Bandir 2 est fabriqu\u00e9 dans une usine certifi\u00e9e BSCI et T\u00dcV Rheinland, ce qui garantit une finition de qualit\u00e9 et des normes de production \u00e9thiques. Ce travail manuel souligne l&#8217;engagement de Margelisch en mati\u00e8re de qualit\u00e9 et de durabilit\u00e9. <\/p>\n<p>&nbsp;<\/p>\n<p><strong>Application polyvalente<\/strong><\/p>\n<p>Le Bandir 2 est id\u00e9al pour les trajets quotidiens vers le travail, les \u00e9tudes ou m\u00eame les voyages de week-end. Gr\u00e2ce \u00e0 son design ergonomique et \u00e0 son dos rembourr\u00e9, le confort est garanti m\u00eame lorsque le sac est enti\u00e8rement charg\u00e9. <\/p>\n<p>&nbsp;<\/p>\n<p><strong>Dimensions et poids<\/strong><\/p>\n<p>Avec ses dimensions de 29 x 42 x 16 cm et un volume de 20 litres, le Bandir 2 offre un vaste espace de rangement pour vos documents, appareils et effets personnels. Avec un poids de 940 g, le sac \u00e0 dos reste agr\u00e9ablement l\u00e9ger. <\/p>\n<p>&nbsp;<\/p>\n<p>D\u00e9couvrez le m\u00e9lange ultime de style, de fonctionnalit\u00e9 et de confort avec le sac \u00e0 dos Margelisch Bandir 2. Commandez d\u00e8s maintenant et envoyez un signal fort en faveur de la mobilit\u00e9 avec style dans tous les aspects de votre vie ! <\/p>\n","protected":false},"excerpt":{"rendered":"<p>Sac \u00e0 dos classique pour ordinateur portable de Margelisch en toile imperm\u00e9able &#8211; compartiment pour ordinateur portable (15&#8243;) et tablette (10,5&#8243;), compartiment secret \u00e0 rabat, 20 L, 940 g. Certifi\u00e9 BSCI et T\u00dcV. Pour le travail, les \u00e9tudes et les voyages. <\/p>\n","protected":false},"featured_media":106003,"comment_status":"open","ping_status":"closed","template":"","meta":{"_acf_changed":false},"product_brand":[3019],"product_cat":[867],"product_tag":[],"class_list":{"0":"post-109365","1":"product","2":"type-product","3":"status-publish","4":"has-post-thumbnail","6":"product_brand-margelisch","7":"product_cat-sacs-a-dos","8":"product_shipping_class-colis-jusqua-2-kg","9":"pa_farbe-bleu-fonce","10":"pa_farbe-noir","11":"pa_farbe-taupe-fonce","13":"first","14":"onbackorder","15":"taxable","16":"shipping-taxable","17":"purchasable","18":"product-type-variable"},"acf":[],"_links":{"self":[{"href":"https:\/\/one-horizon.ch\/fr\/wp-json\/wp\/v2\/product\/109365","targetHints":{"allow":["GET"]}}],"collection":[{"href":"https:\/\/one-horizon.ch\/fr\/wp-json\/wp\/v2\/product"}],"about":[{"href":"https:\/\/one-horizon.ch\/fr\/wp-json\/wp\/v2\/types\/product"}],"replies":[{"embeddable":true,"href":"https:\/\/one-horizon.ch\/fr\/wp-json\/wp\/v2\/comments?post=109365"}],"wp:featuredmedia":[{"embeddable":true,"href":"https:\/\/one-horizon.ch\/fr\/wp-json\/wp\/v2\/media\/106003"}],"wp:attachment":[{"href":"https:\/\/one-horizon.ch\/fr\/wp-json\/wp\/v2\/media?parent=109365"}],"wp:term":[{"taxonomy":"product_brand","embeddable":true,"href":"https:\/\/one-horizon.ch\/fr\/wp-json\/wp\/v2\/product_brand?post=109365"},{"taxonomy":"product_cat","embeddable":true,"href":"https:\/\/one-horizon.ch\/fr\/wp-json\/wp\/v2\/product_cat?post=109365"},{"taxonomy":"product_tag","embeddable":true,"href":"https:\/\/one-horizon.ch\/fr\/wp-json\/wp\/v2\/product_tag?post=109365"}],"curies":[{"name":"wp","href":"https:\/\/api.w.org\/{rel}","templated":true}]}}