{"id":109373,"date":"2024-08-28T01:43:42","date_gmt":"2024-08-27T23:43:42","guid":{"rendered":"https:\/\/one-horizon.ch\/product\/sac-a-dos-margelis-telus-1-b\/"},"modified":"2026-03-30T00:15:48","modified_gmt":"2026-03-29T22:15:48","slug":"sac-a-dos-margelis-telus-1-b","status":"publish","type":"product","link":"https:\/\/one-horizon.ch\/fr\/product\/sac-a-dos-margelis-telus-1-b\/","title":{"rendered":"Telus 1 B"},"content":{"rendered":"<p>Pr\u00e9parez-vous \u00e0 tout voyage ou \u00e0 votre prochain \u00e9v\u00e9nement sportif avec le sac \u00e0 dos de voyage et de sport Telus 1 B de Margelisch, d&#8217;un noir \u00e9l\u00e9gant. Ce sac polyvalent et fonctionnel est parfait pour transporter tout votre \u00e9quipement et vos effets personnels en toute s\u00e9curit\u00e9 et avec style. <\/p>\n<p>&nbsp;<\/p>\n<p><strong>Mat\u00e9riau<\/strong><\/p>\n<p>Le mat\u00e9riau ext\u00e9rieur du sac \u00e0 dos est une toile imperm\u00e9able coated, une combinaison de fibres naturelles de coton et d&#8217;une fine couche de PU. Cela garantit que vos affaires restent au sec, m\u00eame par mauvais temps. Le mat\u00e9riau int\u00e9rieur en poly-coton robuste assure une durabilit\u00e9 suppl\u00e9mentaire et la protection de votre contenu.  <\/p>\n<p>&nbsp;<\/p>\n<p><strong>Design et fonction<\/strong><\/p>\n<p>Le Telus 1 B se distingue par son compartiment principal spacieux, dot\u00e9 d&#8217;une poche int\u00e9rieure suppl\u00e9mentaire \u00e0 fermeture \u00e9clair, qui permet d&#8217;organiser et d&#8217;acc\u00e9der facilement aux objets importants. L&#8217;acc\u00e8s zipp\u00e9 unique en forme de U facilite consid\u00e9rablement le chargement et le d\u00e9chargement du sac \u00e0 dos. La fonctionnalit\u00e9 est compl\u00e9t\u00e9e par un dos rembourr\u00e9 qui garantit le confort de transport, m\u00eame lors de longs voyages ou lorsque le sac est lourdement charg\u00e9.  <\/p>\n<p>&nbsp;<\/p>\n<p><strong>Promesse de qualit\u00e9<\/strong><\/p>\n<p>Fabriqu\u00e9e dans une usine certifi\u00e9e BSCI et T\u00dcV Rheinland, la Telus 1 B promet une qualit\u00e9 de fabrication \u00e9lev\u00e9e et le respect de normes \u00e9thiques dans la production.<\/p>\n<p>&nbsp;<\/p>\n<p><strong>Une utilisation polyvalente<\/strong><\/p>\n<p>Qu&#8217;il s&#8217;agisse de votre sac \u00e0 emporter \u00e0 la salle de sport, de votre compagnon de week-end ou de votre fid\u00e8le compagnon de voyage, le Telus 1 B de Margelisch allie style, fonctionnalit\u00e9 et durabilit\u00e9 dans un produit de qualit\u00e9.<\/p>\n<p>&nbsp;<\/p>\n<p><strong>Dimensions et poids<\/strong><\/p>\n<p>Le Telus 1 B mesure 30 x 55 x 29 cm et p\u00e8se 1015 g sur la balance. Avec un volume g\u00e9n\u00e9reux de 47,8 litres, ce sac \u00e0 dos offre plus qu&#8217;assez de place pour tout ce dont vous avez besoin, sans \u00eatre trop encombrant ou trop lourd. <\/p>\n<p>&nbsp;<\/p>\n<p>Faites du Telus 1 B de Margelisch votre nouveau compagnon de voyage et profitez de la fiabilit\u00e9, de l&#8217;espace et du style \u00e0 chacun de vos d\u00e9placements. Commandez d\u00e8s maintenant et optez pour la qualit\u00e9 et le design qui font bouger les choses. <\/p>\n","protected":false},"excerpt":{"rendered":"<p>Telus 1 B de Margelisch : spacieux sac \u00e0 dos de voyage et de sport avec fermeture \u00e9clair en forme de U pour un acc\u00e8s facile et un dessus en toile imperm\u00e9able.<\/p>\n","protected":false},"featured_media":106091,"comment_status":"open","ping_status":"closed","template":"","meta":{"_acf_changed":false},"product_brand":[3019],"product_cat":[867],"product_tag":[],"class_list":{"0":"post-109373","1":"product","2":"type-product","3":"status-publish","4":"has-post-thumbnail","6":"product_brand-margelisch","7":"product_cat-sacs-a-dos","8":"product_shipping_class-colis-jusqua-2-kg","9":"pa_farbe-noir","11":"first","12":"onbackorder","13":"taxable","14":"shipping-taxable","15":"purchasable","16":"product-type-variable"},"acf":[],"_links":{"self":[{"href":"https:\/\/one-horizon.ch\/fr\/wp-json\/wp\/v2\/product\/109373","targetHints":{"allow":["GET"]}}],"collection":[{"href":"https:\/\/one-horizon.ch\/fr\/wp-json\/wp\/v2\/product"}],"about":[{"href":"https:\/\/one-horizon.ch\/fr\/wp-json\/wp\/v2\/types\/product"}],"replies":[{"embeddable":true,"href":"https:\/\/one-horizon.ch\/fr\/wp-json\/wp\/v2\/comments?post=109373"}],"wp:featuredmedia":[{"embeddable":true,"href":"https:\/\/one-horizon.ch\/fr\/wp-json\/wp\/v2\/media\/106091"}],"wp:attachment":[{"href":"https:\/\/one-horizon.ch\/fr\/wp-json\/wp\/v2\/media?parent=109373"}],"wp:term":[{"taxonomy":"product_brand","embeddable":true,"href":"https:\/\/one-horizon.ch\/fr\/wp-json\/wp\/v2\/product_brand?post=109373"},{"taxonomy":"product_cat","embeddable":true,"href":"https:\/\/one-horizon.ch\/fr\/wp-json\/wp\/v2\/product_cat?post=109373"},{"taxonomy":"product_tag","embeddable":true,"href":"https:\/\/one-horizon.ch\/fr\/wp-json\/wp\/v2\/product_tag?post=109373"}],"curies":[{"name":"wp","href":"https:\/\/api.w.org\/{rel}","templated":true}]}}