{"id":109382,"date":"2024-08-28T01:01:05","date_gmt":"2024-08-27T23:01:05","guid":{"rendered":"https:\/\/one-horizon.ch\/product\/sac-a-dos-margelis-telus-1\/"},"modified":"2026-03-30T00:15:51","modified_gmt":"2026-03-29T22:15:51","slug":"sac-a-dos-margelis-telus-1","status":"publish","type":"product","link":"https:\/\/one-horizon.ch\/fr\/product\/sac-a-dos-margelis-telus-1\/","title":{"rendered":"Telus 1"},"content":{"rendered":"<p>Pr\u00e9parez-vous pour votre prochain voyage ou votre prochaine activit\u00e9 sportive avec le sac \u00e0 dos Telus 1 de Margelisch, d&#8217;un bleu fonc\u00e9 \u00e9l\u00e9gant. Ce sac \u00e0 dos tr\u00e8s fonctionnel combine le design d&#8217;un sac de voyage et le confort d&#8217;un sac \u00e0 dos de sport, ce qui en fait le compagnon id\u00e9al de tous ceux qui voyagent beaucoup. <\/p>\n<p>&nbsp;<\/p>\n<p><strong>Dimensions et poids<\/strong><\/p>\n<p>Avec des dimensions remarquables de 25 x 51 x 23 cm et un poids de 970 g, le sac \u00e0 dos Telus 1 offre un volume g\u00e9n\u00e9reux de 29,3 litres. Il offre un espace de rangement suffisant pour tous les accessoires de voyage ou de sport, tout en restant \u00e9tonnamment l\u00e9ger. <\/p>\n<p>&nbsp;<\/p>\n<p><strong>Mat\u00e9riau<\/strong><\/p>\n<p>Le mat\u00e9riau ext\u00e9rieur du sac \u00e0 dos est une toile imperm\u00e9able coated, qui r\u00e9siste \u00e0 l&#8217;humidit\u00e9 gr\u00e2ce \u00e0 un rev\u00eatement en PU fin. Le mat\u00e9riau int\u00e9rieur en poly-coton robuste garantit que votre \u00e9quipement est transport\u00e9 en toute s\u00e9curit\u00e9 et prot\u00e9g\u00e9. <\/p>\n<p>&nbsp;<\/p>\n<p><strong>Design et fonction<\/strong><\/p>\n<p>Telus 1 se distingue par son ouverture zipp\u00e9e pratique en forme de U, qui permet un acc\u00e8s facile et rapide \u00e0 l&#8217;int\u00e9rieur. Le dos rembourr\u00e9 am\u00e9liore le confort de transport, en particulier lors de longues p\u00e9riodes d&#8217;utilisation. Le design est compl\u00e9t\u00e9 par une poche zipp\u00e9e suppl\u00e9mentaire \u00e0 l&#8217;ext\u00e9rieur et \u00e0 l&#8217;int\u00e9rieur, id\u00e9ale pour garder en s\u00e9curit\u00e9 les petits objets et les objets de valeur.  <\/p>\n<p>&nbsp;<\/p>\n<p><strong>Garantie de qualit\u00e9<\/strong><\/p>\n<p>Chaque sac \u00e0 dos Telus 1 est soigneusement fabriqu\u00e9 \u00e0 la main et provient d&#8217;une usine de production r\u00e9put\u00e9e pour ses normes \u00e9lev\u00e9es et certifi\u00e9e \u00e0 la fois par la BSCI et le T\u00dcV Rheinland. Ces certifications garantissent non seulement l&#8217;excellente qualit\u00e9 du produit, mais aussi le respect de conditions de production \u00e9thiques. <\/p>\n<p>&nbsp;<\/p>\n<p><strong>Polyvalence d&#8217;utilisation<\/strong><\/p>\n<p>Que ce soit pour la salle de sport, les week-ends ou les longs voyages, le Telus 1 de Margelisch est un partenaire fiable en raison de sa flexibilit\u00e9 et de sa robustesse. Avec ce sac \u00e0 dos, vous \u00eates parfaitement \u00e9quip\u00e9 pour relever n&#8217;importe quel d\u00e9fi avec style et confort. <\/p>\n<p>&nbsp;<\/p>\n<p>Choisissez le sac \u00e0 dos Telus 1 pour votre prochain voyage ou votre activit\u00e9 sportive et d\u00e9couvrez la combinaison parfaite entre style, fonctionnalit\u00e9 et durabilit\u00e9. Commandez d\u00e8s maintenant et misez sur un sac \u00e0 dos qui ne vous laissera pas tomber ! <\/p>\n","protected":false},"excerpt":{"rendered":"<p>Telus 1 de Margelisch : un sac \u00e0 dos imperm\u00e9able bleu fonc\u00e9 au design \u00e9l\u00e9gant, parfait comme sac de voyage ou de sport. Avec un volume de 29,3 L et un acc\u00e8s en U pratique. <\/p>\n","protected":false},"featured_media":106065,"comment_status":"open","ping_status":"closed","template":"","meta":{"_acf_changed":false},"product_brand":[3019],"product_cat":[867,1380],"product_tag":[],"class_list":{"0":"post-109382","1":"product","2":"type-product","3":"status-publish","4":"has-post-thumbnail","6":"product_brand-margelisch","7":"product_cat-sacs-a-dos","8":"product_cat-sacs-de-sport","9":"product_shipping_class-colis-jusqua-2-kg","10":"pa_farbe-bleu-fonce","11":"pa_farbe-noir","13":"first","14":"onbackorder","15":"taxable","16":"shipping-taxable","17":"purchasable","18":"product-type-variable"},"acf":[],"_links":{"self":[{"href":"https:\/\/one-horizon.ch\/fr\/wp-json\/wp\/v2\/product\/109382","targetHints":{"allow":["GET"]}}],"collection":[{"href":"https:\/\/one-horizon.ch\/fr\/wp-json\/wp\/v2\/product"}],"about":[{"href":"https:\/\/one-horizon.ch\/fr\/wp-json\/wp\/v2\/types\/product"}],"replies":[{"embeddable":true,"href":"https:\/\/one-horizon.ch\/fr\/wp-json\/wp\/v2\/comments?post=109382"}],"wp:featuredmedia":[{"embeddable":true,"href":"https:\/\/one-horizon.ch\/fr\/wp-json\/wp\/v2\/media\/106065"}],"wp:attachment":[{"href":"https:\/\/one-horizon.ch\/fr\/wp-json\/wp\/v2\/media?parent=109382"}],"wp:term":[{"taxonomy":"product_brand","embeddable":true,"href":"https:\/\/one-horizon.ch\/fr\/wp-json\/wp\/v2\/product_brand?post=109382"},{"taxonomy":"product_cat","embeddable":true,"href":"https:\/\/one-horizon.ch\/fr\/wp-json\/wp\/v2\/product_cat?post=109382"},{"taxonomy":"product_tag","embeddable":true,"href":"https:\/\/one-horizon.ch\/fr\/wp-json\/wp\/v2\/product_tag?post=109382"}],"curies":[{"name":"wp","href":"https:\/\/api.w.org\/{rel}","templated":true}]}}