{"id":109393,"date":"2024-08-27T18:48:36","date_gmt":"2024-08-27T16:48:36","guid":{"rendered":"https:\/\/one-horizon.ch\/product\/coupe-hibou-etoile-metal-2er-set\/"},"modified":"2026-04-07T16:32:42","modified_gmt":"2026-04-07T14:32:42","slug":"coupe-hibou-etoile-metal-2er-set","status":"publish","type":"product","link":"https:\/\/one-horizon.ch\/fr\/product\/coupe-hibou-etoile-metal-2er-set\/","title":{"rendered":"Couronne m\u00e9tallique \u00e9toile (set de 2)"},"content":{"rendered":"<p>D\u00e9couvrez l&#8217;\u00e9l\u00e9gance pure du design minimaliste avec notre \u00e9toile couronne m\u00e9tallique en set de 2. Ces deux \u00e9toiles offrent une base parfaite pour des id\u00e9es de d\u00e9coration cr\u00e9atives et s&#8217;int\u00e8grent parfaitement dans tout int\u00e9rieur. <\/p>\n<p>&nbsp;<\/p>\n<p><strong>Possibilit\u00e9s de d\u00e9coration vari\u00e9es<\/strong><br \/>\nLe set se compose de deux \u00e9toiles m\u00e9talliques de tailles diff\u00e9rentes, qui attirent le regard aussi bien individuellement qu&#8217;en ensemble. Le design simple et intemporel de ces \u00e9toiles d\u00e9coratives offre de nombreuses possibilit\u00e9s d&#8217;am\u00e9nagement. Qu&#8217;elles soient \u00e9clair\u00e9es par une guirlande lumineuse, d\u00e9cor\u00e9es de mani\u00e8re naturelle avec des branches de sapin ou de mani\u00e8re moderne avec des fleurs s\u00e9ch\u00e9es, ces \u00e9toiles s&#8217;adaptent \u00e0 votre style personnel.  <\/p>\n<p>&nbsp;<\/p>\n<p><strong>Un compl\u00e9ment parfait pour chaque pi\u00e8ce<\/strong><br \/>\nAvec leurs dimensions g\u00e9n\u00e9reuses &#8211; la plus grande \u00e9toile mesure environ 42 x 40 cm et la plus petite 32 x 30 cm &#8211; ces couronnes m\u00e9talliques ne font pas seulement bonne figure au mur, mais peuvent aussi \u00eatre plac\u00e9es id\u00e9alement dans l&#8217;entr\u00e9e ou sur un buffet.<\/p>\n<p>&nbsp;<\/p>\n<p><strong>Mat\u00e9riau durable<\/strong><br \/>\nFabriqu\u00e9es en m\u00e9tal robuste, ces \u00e9toiles promettent long\u00e9vit\u00e9 et stabilit\u00e9. Elles conviennent parfaitement \u00e0 une utilisation \u00e0 l&#8217;int\u00e9rieur comme \u00e0 l&#8217;ext\u00e9rieur sous abri. <\/p>\n<p>&nbsp;<\/p>\n<p><strong>D\u00e9coration de No\u00ebl unique<\/strong><br \/>\nCes \u00e9toiles d\u00e9coratives conf\u00e8rent \u00e0 chaque foyer une ambiance chaleureuse et accueillante, en particulier pendant la p\u00e9riode de No\u00ebl. Mais elles s&#8217;int\u00e8grent \u00e9galement harmonieusement \u00e0 toute d\u00e9coration int\u00e9rieure tout au long de l&#8217;ann\u00e9e et offrent toujours de nouvelles possibilit\u00e9s de d\u00e9coration. <\/p>\n<p>&nbsp;<\/p>\n<p>Mettez l&#8217;accent sur la cr\u00e9ativit\u00e9 avec la couronne m\u00e9tallique \u00e9toile (set de 2) et profitez d&#8217;une flexibilit\u00e9 design dans la d\u00e9coration de votre pi\u00e8ce !<\/p>\n","protected":false},"excerpt":{"rendered":"<p>D\u00e9couvrez la couronne m\u00e9tallique \u00e9toile set de 2 pour une \u00e9l\u00e9gance minimaliste. Id\u00e9ales pour une d\u00e9coration cr\u00e9ative dans n&#8217;importe quelle pi\u00e8ce, elles sont fabriqu\u00e9es en m\u00e9tal robuste. Dimensions : 42&#215;40 &amp; 32&#215;30 cm.  <\/p>\n","protected":false},"featured_media":105760,"comment_status":"open","ping_status":"closed","template":"","meta":{"_acf_changed":false},"product_brand":[3004],"product_cat":[1297],"product_tag":[3140],"class_list":{"0":"post-109393","1":"product","2":"type-product","3":"status-publish","4":"has-post-thumbnail","6":"product_brand-eulenschnitt","7":"product_cat-accessoires-dinterieur","8":"product_tag-noel","9":"product_shipping_class-colis-jusqua-2-kg","10":"pa_farbe-edition-noire","12":"first","13":"instock","14":"taxable","15":"shipping-taxable","16":"purchasable","17":"product-type-simple"},"acf":[],"_links":{"self":[{"href":"https:\/\/one-horizon.ch\/fr\/wp-json\/wp\/v2\/product\/109393","targetHints":{"allow":["GET"]}}],"collection":[{"href":"https:\/\/one-horizon.ch\/fr\/wp-json\/wp\/v2\/product"}],"about":[{"href":"https:\/\/one-horizon.ch\/fr\/wp-json\/wp\/v2\/types\/product"}],"replies":[{"embeddable":true,"href":"https:\/\/one-horizon.ch\/fr\/wp-json\/wp\/v2\/comments?post=109393"}],"wp:featuredmedia":[{"embeddable":true,"href":"https:\/\/one-horizon.ch\/fr\/wp-json\/wp\/v2\/media\/105760"}],"wp:attachment":[{"href":"https:\/\/one-horizon.ch\/fr\/wp-json\/wp\/v2\/media?parent=109393"}],"wp:term":[{"taxonomy":"product_brand","embeddable":true,"href":"https:\/\/one-horizon.ch\/fr\/wp-json\/wp\/v2\/product_brand?post=109393"},{"taxonomy":"product_cat","embeddable":true,"href":"https:\/\/one-horizon.ch\/fr\/wp-json\/wp\/v2\/product_cat?post=109393"},{"taxonomy":"product_tag","embeddable":true,"href":"https:\/\/one-horizon.ch\/fr\/wp-json\/wp\/v2\/product_tag?post=109393"}],"curies":[{"name":"wp","href":"https:\/\/api.w.org\/{rel}","templated":true}]}}