{"id":109464,"date":"2024-08-29T20:47:14","date_gmt":"2024-08-29T18:47:14","guid":{"rendered":"https:\/\/one-horizon.ch\/product\/margelisch-venice-1\/"},"modified":"2026-05-08T21:19:40","modified_gmt":"2026-05-08T19:19:40","slug":"margelisch-venice-1","status":"publish","type":"product","link":"https:\/\/one-horizon.ch\/fr\/product\/margelisch-venice-1\/","title":{"rendered":"Venice 1"},"content":{"rendered":"<p><strong>Margelisch &#8211; Venice 1 poche de poitrine \u00e0 la taille<\/strong><\/p>\n<p>Le Venice 1 de Margelisch est la solution parfaite pour ceux qui recherchent un rangement fin et pratique qui s&#8217;int\u00e8gre parfaitement dans un style de vie actif. Avec sa construction \u00e9troite et son design l\u00e9ger, il est id\u00e9al aussi bien pour les joggeurs que pour les voyageurs. <\/p>\n<p>&nbsp;<\/p>\n<p><strong>Mince et s\u00fbr<\/strong><\/p>\n<p>Le sac se caract\u00e9rise par sa forme plate, qui permet de le porter facilement sous les v\u00eatements ou de l&#8217;utiliser comme un sac de hanche styl\u00e9. Ses dimensions de 36 x 15 x 2 cm et son poids l\u00e9ger de 175 g assurent un grand confort de transport sans \u00eatre encombrant. <\/p>\n<p>&nbsp;<\/p>\n<p><strong>Fonctionnel et polyvalent<\/strong><\/p>\n<p>Avec un compartiment principal et une poche zipp\u00e9e suppl\u00e9mentaire \u00e0 l&#8217;arri\u00e8re, le Venice 1 offre suffisamment d&#8217;espace pour tous les objets essentiels. L&#8217;\u0153illet pratique pour le c\u00e2ble d&#8217;un casque souligne l&#8217;accent mis sur la facilit\u00e9 d&#8217;utilisation au quotidien et fait de ce sac le compagnon id\u00e9al des amateurs de musique. <\/p>\n<p>&nbsp;<\/p>\n<p><strong>Mat\u00e9riau robuste<\/strong><\/p>\n<p>Le mat\u00e9riau ext\u00e9rieur innovant en toile coated ne garantit pas seulement l&#8217;imperm\u00e9abilit\u00e9, mais promet \u00e9galement une durabilit\u00e9 \u00e0 long terme. La combinaison de fibres naturelles de coton et d&#8217;une fine couche de PU prot\u00e8ge le contenu de l&#8217;humidit\u00e9, tandis que la doublure robuste en polycoton offre une s\u00e9curit\u00e9 suppl\u00e9mentaire. <\/p>\n<p>&nbsp;<\/p>\n<p><strong>Production durable et \u00e9quitable<\/strong><\/p>\n<p>Chaque sac banane Venice 1 est fabriqu\u00e9 \u00e0 la main dans une usine certifi\u00e9e BSCI et T\u00dcV Rheinland. Ces certifications garantissent le respect de normes de qualit\u00e9 et d&#8217;\u00e9thique \u00e9lev\u00e9es lors de la fabrication, ce qui fait de chaque sac un produit fabriqu\u00e9 de mani\u00e8re responsable. <\/p>\n<p>&nbsp;<\/p>\n<p>Le sac de poitrine Venice 1 de Margelisch est plus qu&#8217;un simple accessoire ; c&#8217;est un compagnon polyvalent et fiable qui allie design, fonctionnalit\u00e9 et responsabilit\u00e9. Id\u00e9al pour la vie quotidienne, le sport ou les voyages, il se distingue des autres sacs par ses caract\u00e9ristiques pratiques et sa production durable. <\/p>\n","protected":false},"excerpt":{"rendered":"<p>Le Margelisch Venice 1 est un sac de poitrine mince, parfait pour un style de vie actif. Elle est dot\u00e9e d&#8217;une toile imperm\u00e9able, d&#8217;un design l\u00e9ger (175 g) et de compartiments pratiques. Elle est produite de mani\u00e8re durable et \u00e9quitable et se glisse discr\u00e8tement sous les v\u00eatements.   Id\u00e9al pour le sport et les voyages. Dimensions : 36x15x2cm.<\/p>\n","protected":false},"featured_media":109179,"comment_status":"open","ping_status":"closed","template":"","meta":{"_acf_changed":false},"product_brand":[3019],"product_cat":[1321],"product_tag":[],"class_list":{"0":"post-109464","1":"product","2":"type-product","3":"status-publish","4":"has-post-thumbnail","6":"product_brand-margelisch","7":"product_cat-sacs-ventraux","8":"product_shipping_class-colis-jusqua-2-kg","9":"pa_farbe-bleu-fonce","10":"pa_farbe-noir","11":"pa_farbe-vin","13":"first","14":"outofstock","15":"taxable","16":"shipping-taxable","17":"purchasable","18":"product-type-variable"},"acf":[],"_links":{"self":[{"href":"https:\/\/one-horizon.ch\/fr\/wp-json\/wp\/v2\/product\/109464","targetHints":{"allow":["GET"]}}],"collection":[{"href":"https:\/\/one-horizon.ch\/fr\/wp-json\/wp\/v2\/product"}],"about":[{"href":"https:\/\/one-horizon.ch\/fr\/wp-json\/wp\/v2\/types\/product"}],"replies":[{"embeddable":true,"href":"https:\/\/one-horizon.ch\/fr\/wp-json\/wp\/v2\/comments?post=109464"}],"wp:featuredmedia":[{"embeddable":true,"href":"https:\/\/one-horizon.ch\/fr\/wp-json\/wp\/v2\/media\/109179"}],"wp:attachment":[{"href":"https:\/\/one-horizon.ch\/fr\/wp-json\/wp\/v2\/media?parent=109464"}],"wp:term":[{"taxonomy":"product_brand","embeddable":true,"href":"https:\/\/one-horizon.ch\/fr\/wp-json\/wp\/v2\/product_brand?post=109464"},{"taxonomy":"product_cat","embeddable":true,"href":"https:\/\/one-horizon.ch\/fr\/wp-json\/wp\/v2\/product_cat?post=109464"},{"taxonomy":"product_tag","embeddable":true,"href":"https:\/\/one-horizon.ch\/fr\/wp-json\/wp\/v2\/product_tag?post=109464"}],"curies":[{"name":"wp","href":"https:\/\/api.w.org\/{rel}","templated":true}]}}