{"id":109475,"date":"2024-08-29T20:35:23","date_gmt":"2024-08-29T18:35:23","guid":{"rendered":"https:\/\/one-horizon.ch\/product\/bulb-flow-bottle\/"},"modified":"2026-04-02T14:53:01","modified_gmt":"2026-04-02T12:53:01","slug":"bulb-flow-bottle","status":"publish","type":"product","link":"https:\/\/one-horizon.ch\/fr\/product\/bulb-flow-bottle\/","title":{"rendered":"Flux de bulbes"},"content":{"rendered":"<p>D\u00e9couvrez BULB FLOW &#8211; la gourde qui allie durabilit\u00e9, esth\u00e9tique et travail de qualit\u00e9 suisse. Fabriqu\u00e9e dans les paysages pittoresques de Gr\u00fcningen, pr\u00e8s de Zurich, BULB FLOW garantit non seulement une fabrication respectueuse de l&#8217;environnement, mais aussi une longue dur\u00e9e de vie et une utilisation universelle. <\/p>\n<p>&nbsp;<\/p>\n<p><strong>Mat\u00e9riaux et design<\/strong><br \/>\nBULB FLOW est disponible en deux versions \u00e9l\u00e9gantes : l&#8217;une en plastique Tritan robuste et l&#8217;autre en verre transparent. Ces deux mat\u00e9riaux sont r\u00e9put\u00e9s pour leur durabilit\u00e9 et leur profil \u00e9cologique. Les bouteilles sont con\u00e7ues pour \u00eatre facilement nettoy\u00e9es au lave-vaisselle (sans couvercle), ce qui en fait le compagnon id\u00e9al au quotidien, que vous soyez en d\u00e9placement, au bureau ou confortablement install\u00e9 chez vous.  <\/p>\n<p>&nbsp;<\/p>\n<p><strong>Travail artisanal unique<\/strong><br \/>\nLa caract\u00e9ristique unique de la gourde FLOW est son bouchon : chaque bouchon est fabriqu\u00e9 \u00e0 la main en bois de h\u00eatre local dans un atelier de tournage renomm\u00e9 de Thurgovie. Ce travail manuel minutieux rend chaque couvercle unique en termes de couleur et de veinure &#8211; et fait donc de chaque gourde une pi\u00e8ce unique. <\/p>\n<p>&nbsp;<\/p>\n<p><strong>Engagement en faveur de la durabilit\u00e9<\/strong><br \/>\nEn mati\u00e8re de durabilit\u00e9, BULB FLOW pose des jalons : la production utilise exclusivement des \u00e9nergies renouvelables telles que l&#8217;\u00e9nergie hydraulique et l&#8217;\u00e9nergie solaire. Gr\u00e2ce aux courtes distances de transport en Suisse, l&#8217;empreinte carbone est r\u00e9duite au minimum. De plus, chaque achat de la gourde FLOW soutient un projet de la fondation climatique myclimate, qui s&#8217;engage pour la restauration de la biodiversit\u00e9 dans les for\u00eats du Jura.  <\/p>\n<p>&nbsp;<\/p>\n<p>Choisissez BULB FLOW &#8211; et savourez vos boissons de mani\u00e8re durable et \u00e9l\u00e9gante, tout en contribuant activement \u00e0 la protection de l&#8217;environnement.<\/p>\n","protected":false},"excerpt":{"rendered":"<p>La gourde BULB FLOW, fabriqu\u00e9e en Suisse, allie durabilit\u00e9 et style. En plastique Tritan ou en verre, elle est dot\u00e9e d&#8217;un bouchon unique en bois de h\u00eatre. Respectueuse de l&#8217;environnement gr\u00e2ce \u00e0 une \u00e9nergie renouvelable, elle soutient des projets locaux de protection du climat.  <\/p>\n","protected":false},"featured_media":108937,"comment_status":"open","ping_status":"closed","template":"","meta":{"_acf_changed":false},"product_brand":[2989],"product_cat":[849],"product_tag":[],"class_list":{"0":"post-109475","1":"product","2":"type-product","3":"status-publish","4":"has-post-thumbnail","6":"product_brand-bulb","7":"product_cat-gourdes","8":"product_shipping_class-colis-jusqua-2-kg","10":"first","11":"onbackorder","12":"taxable","13":"shipping-taxable","14":"purchasable","15":"product-type-variable"},"acf":[],"_links":{"self":[{"href":"https:\/\/one-horizon.ch\/fr\/wp-json\/wp\/v2\/product\/109475","targetHints":{"allow":["GET"]}}],"collection":[{"href":"https:\/\/one-horizon.ch\/fr\/wp-json\/wp\/v2\/product"}],"about":[{"href":"https:\/\/one-horizon.ch\/fr\/wp-json\/wp\/v2\/types\/product"}],"replies":[{"embeddable":true,"href":"https:\/\/one-horizon.ch\/fr\/wp-json\/wp\/v2\/comments?post=109475"}],"wp:featuredmedia":[{"embeddable":true,"href":"https:\/\/one-horizon.ch\/fr\/wp-json\/wp\/v2\/media\/108937"}],"wp:attachment":[{"href":"https:\/\/one-horizon.ch\/fr\/wp-json\/wp\/v2\/media?parent=109475"}],"wp:term":[{"taxonomy":"product_brand","embeddable":true,"href":"https:\/\/one-horizon.ch\/fr\/wp-json\/wp\/v2\/product_brand?post=109475"},{"taxonomy":"product_cat","embeddable":true,"href":"https:\/\/one-horizon.ch\/fr\/wp-json\/wp\/v2\/product_cat?post=109475"},{"taxonomy":"product_tag","embeddable":true,"href":"https:\/\/one-horizon.ch\/fr\/wp-json\/wp\/v2\/product_tag?post=109475"}],"curies":[{"name":"wp","href":"https:\/\/api.w.org\/{rel}","templated":true}]}}