{"id":109481,"date":"2024-08-29T19:58:16","date_gmt":"2024-08-29T17:58:16","guid":{"rendered":"https:\/\/one-horizon.ch\/product\/boyhood-peanut-x-snoopy\/"},"modified":"2026-04-02T14:52:47","modified_gmt":"2026-04-02T12:52:47","slug":"boyhood-peanut-x-snoopy","status":"publish","type":"product","link":"https:\/\/one-horizon.ch\/fr\/product\/boyhood-peanut-x-snoopy\/","title":{"rendered":"Peanut x Snoopy"},"content":{"rendered":"<p>Vivez chaque jour de nouvelles aventures avec votre propre petit Snoopy, fabriqu\u00e9 avec amour en ch\u00eane blanc certifi\u00e9 FSC europ\u00e9en et d\u00e9cor\u00e9 de d\u00e9tails teint\u00e9s \u00e0 la fum\u00e9e. Cette charmante pi\u00e8ce de d\u00e9coration de Boyhood fait entrer le c\u00e9l\u00e8bre beagle, connu dans les bandes dessin\u00e9es Peanuts, directement dans votre maison. <\/p>\n<p>&nbsp;<\/p>\n<p><strong>D\u00e9tails du produit<\/strong><\/p>\n<ul>\n<li><strong>Mat\u00e9riau :<\/strong> Ch\u00eane blanc europ\u00e9en FSC de haute qualit\u00e9 avec des accents teint\u00e9s de fum\u00e9e ; finition d\u00e9taill\u00e9e.<\/li>\n<li><strong>Variantes :<\/strong>\n<ul>\n<li><strong>Large :<\/strong> Hauteur : 22 cm, Largeur : 11,4 cm, Longueur : 15,6 cm<\/li>\n<li><strong>Small :<\/strong> hauteur : 14 cm, largeur : 7,4 cm, longueur : 9,5 cm<\/li>\n<\/ul>\n<\/li>\n<\/ul>\n<p>Snoopy est plus qu&#8217;un adorable beagle ; c&#8217;est un amoureux des livres, un aventurier et un ami fid\u00e8le qui aime se plonger dans un monde imaginaire. N&#8217;oubliez pas de lui lire des histoires, de le &#8220;nourrir&#8221; et de lui permettre de faire ses indispensables siestes ! <\/p>\n<p>&nbsp;<\/p>\n<p><strong>Id\u00e9al pour :<\/strong><\/p>\n<ul>\n<li>Collectionneurs et fans des bandes dessin\u00e9es Peanuts<\/li>\n<li>Les amateurs d&#8217;accessoires d&#8217;int\u00e9rieur originaux et artistiques<\/li>\n<li>Un cadeau sp\u00e9cial pour les jeunes et les moins jeunes<\/li>\n<\/ul>\n<p>&nbsp;<\/p>\n<p><strong>propos de Snoopy<\/strong><br \/>\nSnoopy, r\u00eaveur infatigable et esprit cr\u00e9atif, enchante le c\u0153ur de ses fans depuis des g\u00e9n\u00e9rations. Des siestes sur le toit de sa niche aux aventures fantastiques accompagn\u00e9es de son ami &#8220;\u00e0 t\u00eate ronde&#8221; Charlie Brown, snoopy fascine tout le monde. <\/p>\n<p>&nbsp;<\/p>\n<p>Qu&#8217;il s&#8217;agisse d&#8217;un petit ou d&#8217;un grand mod\u00e8le, cette pi\u00e8ce exquise s&#8217;int\u00e8gre parfaitement dans n&#8217;importe quelle d\u00e9coration int\u00e9rieure et ajoute une touche sp\u00e9ciale \u00e0 votre maison. Procurez-vous d\u00e8s aujourd&#8217;hui l&#8217;artisanat de l&#8217;adorable Snoopy et faites-en une partie int\u00e9grante de votre d\u00e9coration int\u00e9rieure ! <\/p>\n","protected":false},"excerpt":{"rendered":"<p>D\u00e9couvrez le charmant Snoopy en ch\u00eane blanc europ\u00e9en certifi\u00e9 FSC, disponible en deux tailles (Small : 14&#215;7,4&#215;9,5 cm &amp; Large : 22&#215;11,4&#215;15,6 cm). Parfait pour les fans et les collectionneurs, Snoopy, l&#8217;amoureux des livres et de l&#8217;aventure, arrive chez vous sous une forme \u00e9l\u00e9gante, d\u00e9tails teint\u00e9s \u00e0 la fum\u00e9e inclus. <\/p>\n","protected":false},"featured_media":109117,"comment_status":"open","ping_status":"closed","template":"","meta":{"_acf_changed":false},"product_brand":[2987],"product_cat":[1297],"product_tag":[],"class_list":{"0":"post-109481","1":"product","2":"type-product","3":"status-publish","4":"has-post-thumbnail","6":"product_brand-boyhood","7":"product_cat-accessoires-dinterieur","8":"product_shipping_class-colis-jusqua-2-kg","9":"pa_grosse-grand","10":"pa_grosse-petit","12":"first","13":"onbackorder","14":"taxable","15":"shipping-taxable","16":"purchasable","17":"product-type-variable"},"acf":[],"_links":{"self":[{"href":"https:\/\/one-horizon.ch\/fr\/wp-json\/wp\/v2\/product\/109481","targetHints":{"allow":["GET"]}}],"collection":[{"href":"https:\/\/one-horizon.ch\/fr\/wp-json\/wp\/v2\/product"}],"about":[{"href":"https:\/\/one-horizon.ch\/fr\/wp-json\/wp\/v2\/types\/product"}],"replies":[{"embeddable":true,"href":"https:\/\/one-horizon.ch\/fr\/wp-json\/wp\/v2\/comments?post=109481"}],"wp:featuredmedia":[{"embeddable":true,"href":"https:\/\/one-horizon.ch\/fr\/wp-json\/wp\/v2\/media\/109117"}],"wp:attachment":[{"href":"https:\/\/one-horizon.ch\/fr\/wp-json\/wp\/v2\/media?parent=109481"}],"wp:term":[{"taxonomy":"product_brand","embeddable":true,"href":"https:\/\/one-horizon.ch\/fr\/wp-json\/wp\/v2\/product_brand?post=109481"},{"taxonomy":"product_cat","embeddable":true,"href":"https:\/\/one-horizon.ch\/fr\/wp-json\/wp\/v2\/product_cat?post=109481"},{"taxonomy":"product_tag","embeddable":true,"href":"https:\/\/one-horizon.ch\/fr\/wp-json\/wp\/v2\/product_tag?post=109481"}],"curies":[{"name":"wp","href":"https:\/\/api.w.org\/{rel}","templated":true}]}}